{"id":18598,"date":"2026-04-21T03:49:42","date_gmt":"2026-04-21T01:49:42","guid":{"rendered":"https:\/\/www.energycle.com\/industrial-balers\/quick-lock-galvanized-steel-baling-wires\/"},"modified":"2026-04-21T04:57:27","modified_gmt":"2026-04-21T02:57:27","slug":"rychloupinaci-pozinkovane-ocelove-balici-draty","status":"publish","type":"page","link":"https:\/\/www.energycle.com\/cs\/prumyslove-lisy\/rychloupinaci-pozinkovane-ocelove-balici-draty\/","title":{"rendered":"Rychk\u00fd-z\u00e1mek ocelov\u00fd kovinov\u00fd vaza\u010d"},"content":{"rendered":"<p><strong>Pozinkovan\u00e9 ocelov\u00e9 balic\u00ed dr\u00e1ty s rychloup\u00ednac\u00edm mechanismem: Snadn\u00e9 \u0159e\u0161en\u00ed<\/strong><\/p>\n\n\n\n<!--more-->\n\n\n\n<p>Rychloup\u00ednac\u00ed balic\u00ed dr\u00e1t Quick-Lock nab\u00edz\u00ed bezpe\u010dn\u011bj\u0161\u00ed a rychlej\u0161\u00ed zp\u016fsob, jak zefektivnit lisovac\u00ed operace. D\u00edky t\u011bmto dr\u00e1t\u016fm nen\u00ed pot\u0159eba pou\u017e\u00edvat n\u00e1stroje ani t\u011bsn\u011bn\u00ed, tak\u017ee cel\u00fd proces je bezprobl\u00e9mov\u00fd.<\/p>\n\n\n\n<h2 class=\"wp-block-heading\"><strong>Jak to funguje<\/strong><\/h2>\n\n\n\n<p>Chcete-li pou\u017e\u00edt lisovac\u00ed dr\u00e1t Quick-Lock, postupujte podle t\u011bchto jednoduch\u00fdch krok\u016f:<\/p>\n\n\n\n<p>1. Konce k sob\u011b zacvakn\u011bte ru\u010dn\u011b \u2013 \u017e\u00e1dn\u00e9 n\u00e1stroje nejsou pot\u0159eba.<\/p>\n\n\n\n<p>2. St\u00e1hn\u011bte smy\u010dky k sob\u011b a vytvo\u0159te bezpe\u010dnou \u201eosmi\u010dku\u201c.<\/p>\n\n\n\n<p>3. A je to \u2013 v\u00e1\u0161 bal\u00edk je b\u011bhem n\u011bkolika sekund bezpe\u010dn\u011b sv\u00e1zan\u00fd!<\/p>\n\n\n\n<h2 class=\"wp-block-heading\"><strong>V\u00fdhody lisovac\u00edho dr\u00e1tu Quick-Lock<\/strong><\/h2>\n\n\n\n<p>\u2022 <strong>Ovl\u00e1d\u00e1n\u00ed bez pou\u017eit\u00ed n\u00e1\u0159ad\u00ed:<\/strong> Nen\u00ed pot\u0159eba \u017e\u00e1dn\u00e9 dal\u0161\u00ed vybaven\u00ed ani t\u011bsn\u011bn\u00ed.<\/p>\n\n\n\n<p>\u2022 <strong>Jednotn\u00e1 velikost bal\u00edku:<\/strong> P\u0159ed\u0159ezan\u00e9 \u00favazky \u201ena\u0159ezan\u00e9 na m\u00edru\u201c zaji\u0161\u0165uj\u00ed konzistentn\u00ed rozm\u011bry bal\u00edk\u016f.<\/p>\n\n\n\n<p>\u2022 <strong>Dostupn\u00e9 velikosti na zak\u00e1zku:<\/strong> Snadno si objednejte dr\u00e1ty p\u0159izp\u016fsoben\u00e9 va\u0161im specifick\u00fdm pot\u0159eb\u00e1m.<\/p>\n\n\n\n<p>Lisovac\u00ed dr\u00e1ty Quick-Lock jsou navr\u017eeny tak, aby \u0161et\u0159ily \u010das a zvy\u0161ovaly efektivitu a z\u00e1rove\u0148 zachovaly bezpe\u010dnost b\u011bhem lisov\u00e1n\u00ed.<\/p>","protected":false},"excerpt":{"rendered":"<p>Pozinkovan\u00e9 ocelov\u00e9 balic\u00ed dr\u00e1ty s rychloup\u00ednac\u00edm mechanismem: Snadn\u00e9 \u0159e\u0161en\u00ed<\/p>","protected":false},"author":1,"featured_media":12291,"parent":7770,"menu_order":0,"comment_status":"open","ping_status":"open","template":"","meta":{"footnotes":""},"class_list":["post-18598","page","type-page","status-publish","has-post-thumbnail","hentry"],"tsf_seo":{"title":"Rychk\u00fd-z\u00e1mek ocelov\u00fd kovinov\u00fd vaza\u010d","description":"Rychloz\u00e1mek nerezov\u00fd vaza\u010dsk\u00fd dr\u00e1t pro vodorovn\u00e9 a svisl\u00e9 balic\u00ed stroje. Siln\u00fd, korozi odoln\u00fd vaza\u010dsk\u00fd dr\u00e1t pro pap\u00edr, karton, PET lahve a plechovky.","robots":"index, follow","canonical":"https:\/\/www.energycle.com\/cs\/prumyslove-lisy\/rychloupinaci-pozinkovane-ocelove-balici-draty\/","og_title":"Quick-Lock Galvanized Baling Wire","og_description":"Quick-lock galvanized baling wire for horizontal and vertical balers. Strong, corrosion-resistant bale tying wire for paper, cardboard, PET bottles, and cans.","og_image":"https:\/\/www.energycle.com\/wp-content\/uploads\/2025\/01\/Quick-Lock-Galvanized-Steel-Baling-Wires.webp"},"_links":{"self":[{"href":"https:\/\/www.energycle.com\/cs\/wp-json\/wp\/v2\/pages\/18598","targetHints":{"allow":["GET"]}}],"collection":[{"href":"https:\/\/www.energycle.com\/cs\/wp-json\/wp\/v2\/pages"}],"about":[{"href":"https:\/\/www.energycle.com\/cs\/wp-json\/wp\/v2\/types\/page"}],"author":[{"embeddable":true,"href":"https:\/\/www.energycle.com\/cs\/wp-json\/wp\/v2\/users\/1"}],"replies":[{"embeddable":true,"href":"https:\/\/www.energycle.com\/cs\/wp-json\/wp\/v2\/comments?post=18598"}],"version-history":[{"count":1,"href":"https:\/\/www.energycle.com\/cs\/wp-json\/wp\/v2\/pages\/18598\/revisions"}],"predecessor-version":[{"id":18617,"href":"https:\/\/www.energycle.com\/cs\/wp-json\/wp\/v2\/pages\/18598\/revisions\/18617"}],"up":[{"embeddable":true,"href":"https:\/\/www.energycle.com\/cs\/wp-json\/wp\/v2\/pages\/7770"}],"wp:featuredmedia":[{"embeddable":true,"href":"https:\/\/www.energycle.com\/cs\/wp-json\/wp\/v2\/media\/12291"}],"wp:attachment":[{"href":"https:\/\/www.energycle.com\/cs\/wp-json\/wp\/v2\/media?parent=18598"}],"curies":[{"name":"wp","href":"https:\/\/api.w.org\/{rel}","templated":true}]}}