{"id":18598,"date":"2026-04-21T03:49:42","date_gmt":"2026-04-21T01:49:42","guid":{"rendered":"https:\/\/www.energycle.com\/industrial-balers\/quick-lock-galvanized-steel-baling-wires\/"},"modified":"2026-04-21T04:57:27","modified_gmt":"2026-04-21T02:57:27","slug":"schnellverschluss-bruckendrahte-aus-verzinktem-stahl","status":"publish","type":"page","link":"https:\/\/www.energycle.com\/de\/ballenpressen\/schnellverschluss-bruckendrahte-aus-verzinktem-stahl\/","title":{"rendered":"Schnellverschluss galvanisiertes B\u00fcndelband"},"content":{"rendered":"<p><strong>Quick-Lock-Bringdr\u00e4hte aus verzinktem Stahl: Die einfache L\u00f6sung<\/strong><\/p>\n\n\n\n<!--more-->\n\n\n\n<p>Quick-Lock-Pressdr\u00e4hte bieten eine sicherere und schnellere M\u00f6glichkeit, Ihre Pressvorg\u00e4nge zu optimieren. Diese Dr\u00e4hte machen Werkzeuge oder Dichtungen \u00fcberfl\u00fcssig und machen den Vorgang m\u00fchelos.<\/p>\n\n\n\n<h2 class=\"wp-block-heading\"><strong>Wie es funktioniert<\/strong><\/h2>\n\n\n\n<p>Um Quick-Lock-B\u00fcndeldraht zu verwenden, befolgen Sie diese einfachen Schritte:<\/p>\n\n\n\n<p>1. Die Enden per Hand zusammenstecken \u2013 kein Werkzeug erforderlich.<\/p>\n\n\n\n<p>2. Ziehen Sie die Schlaufen zusammen, sodass eine sichere \u201eAcht\u201c entsteht.<\/p>\n\n\n\n<p>3. Das war\u2018s \u2013 Ihr Ballen ist in Sekundenschnelle sicher zusammengebunden!<\/p>\n\n\n\n<h2 class=\"wp-block-heading\"><strong>Vorteile von Quick-Lock-Br\u00fcckendraht<\/strong><\/h2>\n\n\n\n<p>\u2022 <strong>Werkzeuglose Bedienung:<\/strong> Keine zus\u00e4tzlichen Ger\u00e4te oder Dichtungen erforderlich.<\/p>\n\n\n\n<p>\u2022 <strong>Einheitliche Ballengr\u00f6\u00dfe:<\/strong> Vorgeschnittene, auf L\u00e4nge zugeschnittene B\u00e4nder sorgen f\u00fcr gleichm\u00e4\u00dfige Ballenabmessungen.<\/p>\n\n\n\n<p>\u2022 <strong>Benutzerdefinierte Gr\u00f6\u00dfen verf\u00fcgbar:<\/strong> Bestellen Sie ganz einfach Kabel, die auf Ihre speziellen Anforderungen zugeschnitten sind.<\/p>\n\n\n\n<p>Quick-Lock-Pressdr\u00e4hte sind darauf ausgelegt, Zeit zu sparen, die Effizienz zu verbessern und gleichzeitig die Sicherheit beim Pressen zu gew\u00e4hrleisten.<\/p>","protected":false},"excerpt":{"rendered":"<p>Quick-Lock-Bringdr\u00e4hte aus verzinktem Stahl: Die einfache L\u00f6sung<\/p>","protected":false},"author":1,"featured_media":12291,"parent":7770,"menu_order":0,"comment_status":"open","ping_status":"open","template":"","meta":{"footnotes":""},"class_list":["post-18598","page","type-page","status-publish","has-post-thumbnail","hentry"],"tsf_seo":{"title":"Schnellverschluss galvanisiertes B\u00fcndelband","description":"Schnellverschluss verzinkte Bindekette f\u00fcr horizontale und vertikale Baler. Starkes, rostfreies Bindeband f\u00fcr Papier, Karton, PET-Flaschen und Dosen.","robots":"index, follow","canonical":"https:\/\/www.energycle.com\/de\/ballenpressen\/schnellverschluss-bruckendrahte-aus-verzinktem-stahl\/","og_title":"Quick-Lock Galvanized Baling Wire","og_description":"Quick-lock galvanized baling wire for horizontal and vertical balers. Strong, corrosion-resistant bale tying wire for paper, cardboard, PET bottles, and cans.","og_image":"https:\/\/www.energycle.com\/wp-content\/uploads\/2025\/01\/Quick-Lock-Galvanized-Steel-Baling-Wires.webp"},"_links":{"self":[{"href":"https:\/\/www.energycle.com\/de\/wp-json\/wp\/v2\/pages\/18598","targetHints":{"allow":["GET"]}}],"collection":[{"href":"https:\/\/www.energycle.com\/de\/wp-json\/wp\/v2\/pages"}],"about":[{"href":"https:\/\/www.energycle.com\/de\/wp-json\/wp\/v2\/types\/page"}],"author":[{"embeddable":true,"href":"https:\/\/www.energycle.com\/de\/wp-json\/wp\/v2\/users\/1"}],"replies":[{"embeddable":true,"href":"https:\/\/www.energycle.com\/de\/wp-json\/wp\/v2\/comments?post=18598"}],"version-history":[{"count":1,"href":"https:\/\/www.energycle.com\/de\/wp-json\/wp\/v2\/pages\/18598\/revisions"}],"predecessor-version":[{"id":18617,"href":"https:\/\/www.energycle.com\/de\/wp-json\/wp\/v2\/pages\/18598\/revisions\/18617"}],"up":[{"embeddable":true,"href":"https:\/\/www.energycle.com\/de\/wp-json\/wp\/v2\/pages\/7770"}],"wp:featuredmedia":[{"embeddable":true,"href":"https:\/\/www.energycle.com\/de\/wp-json\/wp\/v2\/media\/12291"}],"wp:attachment":[{"href":"https:\/\/www.energycle.com\/de\/wp-json\/wp\/v2\/media?parent=18598"}],"curies":[{"name":"wp","href":"https:\/\/api.w.org\/{rel}","templated":true}]}}