{"id":10575,"date":"2023-09-24T06:15:07","date_gmt":"2023-09-24T13:15:07","guid":{"rendered":"http:\/\/industco-demo.pbminfotech.com\/?page_id=3906"},"modified":"2026-02-08T13:31:39","modified_gmt":"2026-02-08T12:31:39","slug":"sobre-nosotros","status":"publish","type":"page","link":"https:\/\/www.energycle.com\/es\/sobre-nosotros\/","title":{"rendered":"Sobre nosotros"},"content":{"rendered":"<style>\n    \/* Global Styles *\/\n    .about-page-wrapper {\n        line-height: 1.5;\n        color: #000000;\n        background: #fff;\n        -webkit-font-smoothing: antialiased;\n    }\n\n    .about-page-wrapper * {\n        box-sizing: border-box;\n    }\n\n    .about-container {\n        max-width: 1024px;\n        margin: 0 auto;\n        padding: 0 24px;\n    }\n\n    .about-container-wide {\n        max-width: 1280px;\n        margin: 0 auto;\n        padding: 0 24px;\n    }\n\n    \/* Typography Utilities *\/\n    .about-page-wrapper h1,\n    .about-page-wrapper h2,\n    .about-page-wrapper h3,\n    .about-page-wrapper h4 {\n        margin: 0;\n        color: #000000;\n        letter-spacing: -0.02em;\n    }\n\n    \/* Hero Section *\/\n    .about-hero-section {\n        background: #fff;\n        padding: 160px 0 100px;\n        text-align: center;\n        border-bottom: 1px solid #f0f0f0;\n    }\n\n    .about-hero-eyebrow {\n        font-size: 16px;\n        font-weight: 600;\n        color: #4d94e7;\n        margin-bottom: 24px;\n        text-transform: uppercase;\n        letter-spacing: 0.05em;\n    }\n\n    .about-hero-title {\n        font-size: 64px;\n        font-weight: 600;\n        line-height: 1.1;\n        margin-bottom: 24px;\n        max-width: 900px;\n        margin-left: auto;\n        margin-right: auto;\n    }\n\n    .about-hero-subtitle {\n        font-size: 24px;\n        color: #555;\n        font-weight: 400;\n        line-height: 1.5;\n        max-width: 720px;\n        margin: 0 auto;\n    }\n\n    \/* Mission Section *\/\n    .about-mission-section {\n        padding: 120px 0;\n        background: #fff;\n    }\n\n    .about-mission-grid {\n        display: grid;\n        grid-template-columns: 1.2fr 0.8fr;\n        gap: 80px;\n        align-items: start;\n    }\n\n    .about-mission-content h2 {\n        font-size: 40px;\n        font-weight: 600;\n        margin-bottom: 32px;\n        line-height: 1.2;\n    }\n\n    .about-mission-content p {\n        font-size: 18px;\n        color: #333;\n        line-height: 1.6;\n        margin-bottom: 24px;\n    }\n\n    .about-mission-highlight {\n        background: #f9fafb;\n        padding: 40px;\n        border-radius: 4px;\n    }\n\n    .about-mission-highlight h4 {\n        font-size: 20px;\n        font-weight: 600;\n        margin-bottom: 24px;\n        color: #4d94e7;\n    }\n\n    .about-mission-highlight ul {\n        list-style: none;\n        padding: 0;\n        margin: 0;\n    }\n\n    .about-mission-highlight li {\n        font-size: 16px;\n        color: #1d1d1f;\n        padding: 12px 0;\n        padding-left: 24px;\n        position: relative;\n        border-bottom: 1px solid #e5e7eb;\n    }\n\n    .about-mission-highlight li:last-child {\n        border-bottom: none;\n    }\n\n    .about-mission-highlight li::before {\n        content: '\u2022';\n        position: absolute;\n        left: 0;\n        color: #4d94e7;\n        font-weight: bold;\n        font-size: 18px;\n        line-height: 1.5;\n    }\n\n    \/* Products Section *\/\n    .about-products-section {\n        padding: 120px 0;\n        background: #fff;\n        border-top: 1px solid #f0f0f0;\n    }\n\n    .about-section-header {\n        text-align: left;\n        margin-bottom: 60px;\n        max-width: 800px;\n    }\n\n    .about-section-eyebrow {\n        font-size: 14px;\n        font-weight: 600;\n        color: #4d94e7;\n        margin-bottom: 16px;\n        text-transform: uppercase;\n        letter-spacing: 0.05em;\n    }\n\n    .about-section-header h2 {\n        font-size: 40px;\n        font-weight: 600;\n        margin-bottom: 16px;\n    }\n\n    .about-section-header p {\n        font-size: 20px;\n        color: #555;\n        line-height: 1.5;\n    }\n\n    .about-products-grid {\n        display: grid;\n        grid-template-columns: repeat(3, 1fr);\n        gap: 24px;\n    }\n\n    .about-product-card {\n        background: #f9fafb;\n        padding: 32px;\n        border-radius: 4px;\n        min-height: 180px;\n        display: flex;\n        flex-direction: column;\n        justify-content: space-between;\n        transition: background 0.2s ease;\n        text-decoration: none;\n        position: relative;\n    }\n\n    .about-product-card:hover {\n        background: #f0f0f0;\n    }\n\n    .about-product-card h4 {\n        font-size: 24px;\n        font-weight: 600;\n        color: #000;\n    }\n\n    .about-product-card a {\n        text-decoration: none;\n        color: inherit;\n        display: block;\n        height: 100%;\n        display: flex;\n        flex-direction: column;\n        justify-content: space-between;\n    }\n\n    .about-product-card-icon {\n        align-self: flex-end;\n        color: #000;\n        font-size: 20px;\n        transition: transform 0.2s ease;\n    }\n\n    .about-product-card:hover .about-product-card-icon {\n        transform: translateX(4px);\n        color: #4d94e7;\n    }\n\n    \/* Services Section *\/\n    .about-services-section {\n        padding: 120px 0;\n        background: #fff;\n        border-top: 1px solid #f0f0f0;\n    }\n\n    .about-services-grid {\n        display: grid;\n        grid-template-columns: repeat(4, 1fr);\n        gap: 40px;\n        margin-top: 80px;\n    }\n\n    .about-service-card {\n        background: transparent;\n        border: none;\n        padding: 0;\n        text-align: left;\n    }\n\n    .about-service-icon {\n        width: auto;\n        height: auto;\n        margin: 0 0 24px 0;\n        background: none;\n        border-radius: 0;\n        display: block;\n        font-size: 32px;\n        color: #4d94e7;\n    }\n\n    .about-service-card h4 {\n        font-size: 20px;\n        font-weight: 600;\n        margin-bottom: 12px;\n        color: #000;\n    }\n\n    .about-service-card p {\n        font-size: 16px;\n        color: #555;\n        line-height: 1.6;\n        margin: 0;\n    }\n\n    \/* Vision Section *\/\n    .about-vision-section {\n        padding: 120px 0;\n        background: #1d1d1f;\n        \/* Simplified Dark BG *\/\n        color: #fff;\n        text-align: left;\n    }\n\n    .about-vision-content {\n        max-width: 100%;\n        display: grid;\n        grid-template-columns: 1fr 1fr;\n        gap: 80px;\n        align-items: center;\n    }\n\n    .about-vision-text h2 {\n        font-size: 40px;\n        font-weight: 600;\n        color: #fff;\n        margin-bottom: 24px;\n        line-height: 1.1;\n    }\n\n    .about-vision-text p {\n        font-size: 20px;\n        color: #a1a1a6;\n        line-height: 1.5;\n        margin-bottom: 0;\n    }\n\n    .about-vision-stats {\n        display: grid;\n        grid-template-columns: repeat(2, 1fr);\n        gap: 40px;\n        margin-top: 0;\n        padding-top: 0;\n        border-top: none;\n    }\n\n    .about-vision-stat {\n        text-align: left;\n    }\n\n    .about-vision-stat-number {\n        font-size: 64px;\n        font-weight: 600;\n        color: #4d94e7;\n        margin-bottom: 8px;\n        letter-spacing: -0.02em;\n        line-height: 1;\n    }\n\n    .about-vision-stat-label {\n        font-size: 16px;\n        color: #a1a1a6;\n        font-weight: 400;\n    }\n\n    \/* CTA Section *\/\n    .about-cta-section {\n        padding: 120px 0;\n        background: #fff;\n        text-align: center;\n        color: #000;\n        border-top: 1px solid #f0f0f0;\n    }\n\n    .about-cta-content h2 {\n        font-size: 40px;\n        font-weight: 600;\n        margin-bottom: 24px;\n        color: #000;\n    }\n\n    .about-cta-content p {\n        font-size: 20px;\n        color: #555;\n        max-width: 600px;\n        margin: 0 auto 40px;\n        line-height: 1.5;\n    }\n\n    .about-cta-btn {\n        display: inline-flex;\n        align-items: center;\n        justify-content: center;\n        gap: 8px;\n        padding: 16px 32px;\n        background: #000;\n        color: #fff;\n        text-decoration: none;\n        border-radius: 4px;\n        font-weight: 500;\n        font-size: 16px;\n        transition: background 0.2s ease;\n    }\n\n    .about-cta-btn:hover {\n        background: #333;\n        transform: none;\n    }\n\n    \/* Responsive *\/\n    @media (max-width: 1024px) {\n        .about-products-grid {\n            grid-template-columns: repeat(2, 1fr);\n        }\n\n        .about-services-grid {\n            grid-template-columns: repeat(2, 1fr);\n        }\n\n        .about-vision-content {\n            grid-template-columns: 1fr;\n            gap: 60px;\n        }\n    }\n\n    @media (max-width: 768px) {\n        .about-hero-title {\n            font-size: 40px;\n        }\n\n        .about-mission-grid {\n            grid-template-columns: 1fr;\n            gap: 40px;\n        }\n\n        .about-products-grid,\n        .about-services-grid {\n            grid-template-columns: 1fr;\n        }\n\n        .about-section-header h2,\n        .about-mission-content h2,\n        .about-vision-text h2,\n        .about-cta-content h2 {\n            font-size: 32px;\n        }\n    }\n<\/style>\n\n\n<div class=\"about-page-wrapper\">\n    <section class=\"about-hero-section\">\n        <div class=\"about-container\">\n            <div class=\"about-hero-content\">\n                <div class=\"about-hero-eyebrow\">Acerca de Energycle<\/div>\n                <h1 class=\"about-hero-title\">Ingenier\u00eda del futuro de la econom\u00eda circular<\/h1>\n                <p class=\"about-hero-subtitle\">Desarrollamos tecnolog\u00edas de alto rendimiento que transforman los residuos en recursos valiosos. Desde m\u00e1quinas individuales hasta plantas llave en mano, impulsamos la transici\u00f3n global hacia un futuro sostenible.<\/p>\n            <\/div>\n        <\/div>\n    <\/section>\n    <section class=\"about-mission-section\">\n        <div class=\"about-container\">\n            <div class=\"about-mission-grid\">\n                <div class=\"about-mission-content\">\n                    <h2>Nuestros pilares de excelencia<\/h2>\n                    <p>En Energycle, no solo fabricamos m\u00e1quinas; dise\u00f1amos soluciones para un futuro de ciclo cerrado. Nuestra tecnolog\u00eda est\u00e1 dise\u00f1ada para maximizar la pureza de los materiales, la eficiencia operativa y la rentabilidad.\n                    <\/p>\n                    <p>Con d\u00e9cadas de experiencia, ofrecemos una cartera completa que abarca desde sistemas de trituraci\u00f3n inteligentes hasta l\u00edneas avanzadas de lavado y peletizaci\u00f3n. Somos su socio estrat\u00e9gico en el reciclaje de pl\u00e1stico.<\/p>\n                <\/div>\n                <div class=\"about-mission-highlight\">\n                    <h4>Por qu\u00e9 los l\u00edderes de la industria nos eligen<\/h4>\n                    <ul>\n                        <li><strong>Innovaci\u00f3n circular:<\/strong> Investigaci\u00f3n y desarrollo avanzados centrados en el \u201creciclaje inteligente\u201d y las tecnolog\u00edas de cero residuos.<\/li>\n                        <li><strong>Capacidad llave en mano:<\/strong> Ingenier\u00eda de planta completa de A a Z, desde el concepto hasta la puesta en marcha.<\/li>\n                        <li><strong>Fiabilidad global:<\/strong> Rendimiento comprobado con m\u00e1s de 500 instalaciones en m\u00e1s de 50 pa\u00edses.<\/li>\n                        <li><strong>Eficiencia operativa:<\/strong> Dise\u00f1os robustos que garantizan confiabilidad 24\/7 y bajos costos de mantenimiento.<\/li>\n                        <li><strong>Valor sostenible:<\/strong> Maximizar la calidad final del pellet para competir con materiales v\u00edrgenes.<\/li>\n                    <\/ul>\n                <\/div>\n            <\/div>\n        <\/div>\n    <\/section>\n    <section class=\"about-products-section\">\n        <div class=\"about-container-wide\">\n            <div class=\"about-section-header\">\n                <div class=\"about-section-eyebrow\">Nuestras Soluciones<\/div>\n                <h2>Portafolio Completo de Productos<\/h2>\n                <p>Desde equipos independientes hasta sistemas completos llave en mano, dise\u00f1amos soluciones para cada desaf\u00edo de reciclaje, sin importar el material o la escala.<\/p>\n            <\/div>\n            <div class=\"about-products-grid\">\n                <div class=\"about-product-card\"><a href=\"https:\/\/www.energycle.com\/es\/sistemas-de-lavado-de-reciclaje\/\">\n                        <h4>soluciones de reciclaje<\/h4>\n                        <div class=\"about-product-card-icon\"><i class=\"fas fa-arrow-right\"><\/i><\/div>\n                    <\/a><\/div>\n                <div class=\"about-product-card\"><a href=\"https:\/\/www.energycle.com\/es\/maquina-de-granulacion-de-plastico\/\">\n                        <h4>Granulaci\u00f3n y peletizaci\u00f3n<\/h4>\n                        <div class=\"about-product-card-icon\"><i class=\"fas fa-arrow-right\"><\/i><\/div>\n                    <\/a><\/div>\n                <div class=\"about-product-card\"><a href=\"https:\/\/www.energycle.com\/es\/trituradoras-de-plastico\/\">\n                        <h4>trituradoras<\/h4>\n                        <div class=\"about-product-card-icon\"><i class=\"fas fa-arrow-right\"><\/i><\/div>\n                    <\/a><\/div>\n                <div class=\"about-product-card\"><a href=\"https:\/\/www.energycle.com\/es\/granuladores-de-plastico\/\">\n                        <h4>Trituradoras y molinos<\/h4>\n                        <div class=\"about-product-card-icon\"><i class=\"fas fa-arrow-right\"><\/i><\/div>\n                    <\/a><\/div>\n                <div class=\"about-product-card\"><a href=\"https:\/\/www.energycle.com\/es\/sistema-de-secado\/\">\n                        <h4>M\u00e1quinas de secado<\/h4>\n                        <div class=\"about-product-card-icon\"><i class=\"fas fa-arrow-right\"><\/i><\/div>\n                    <\/a><\/div>\n                <div class=\"about-product-card\"><a href=\"https:\/\/www.energycle.com\/es\/sistema-de-asistencia\/\">\n                        <h4>Equipo auxiliar<\/h4>\n                        <div class=\"about-product-card-icon\"><i class=\"fas fa-arrow-right\"><\/i><\/div>\n                    <\/a><\/div>\n            <\/div>\n        <\/div>\n    <\/section>\n    <section class=\"about-services-section\">\n        <div class=\"about-container-wide\">\n            <div class=\"about-section-header\">\n                <div class=\"about-section-eyebrow\">Por qu\u00e9 elegirnos<\/div>\n                <h2>Soporte Completo<\/h2>\n                <p>Estamos comprometidos con su \u00e9xito en cada etapa de su proceso de reciclaje.<\/p>\n            <\/div>\n            <div class=\"about-services-grid\">\n                <div class=\"about-service-card\">\n                    <div class=\"about-service-icon\"><i class=\"fas fa-cogs\"><\/i><\/div>\n                    <h4>Servicios integrales<\/h4>\n                    <p>Soporte completo desde la consulta inicial hasta la instalaci\u00f3n final y m\u00e1s all\u00e1.<\/p>\n                <\/div>\n                <div class=\"about-service-card\">\n                    <div class=\"about-service-icon\"><i class=\"fas fa-leaf\"><\/i><\/div>\n                    <h4>Profesionales dedicados<\/h4>\n                    <p>Trabajando por un futuro sostenible, garantizando que cada proyecto cumpla con los m\u00e1s altos est\u00e1ndares.<\/p>\n                <\/div>\n                <div class=\"about-service-card\">\n                    <div class=\"about-service-icon\"><i class=\"fas fa-user-tie\"><\/i><\/div>\n                    <h4>Ingenieros expertos<\/h4>\n                    <p>Ingenieros experimentados aportan a\u00f1os de experiencia y precisi\u00f3n a cada soluci\u00f3n.<\/p>\n                <\/div>\n                <div class=\"about-service-card\">\n                    <div class=\"about-service-icon\"><i class=\"fas fa-headset\"><\/i><\/div>\n                    <h4>Soporte 24\/7<\/h4>\n                    <p>Estamos a su disposici\u00f3n las 24 horas del d\u00eda, garantizando un funcionamiento fluido y eficiente.<\/p>\n                <\/div>\n            <\/div>\n        <\/div>\n    <\/section>\n    <section class=\"about-vision-section\">\n        <div class=\"about-container\">\n            <div class=\"about-vision-content\">\n                <div class=\"about-vision-text\">\n                    <h2>Cerrando el c\u00edrculo, juntos.<\/h2>\n                    <p>Nuestra visi\u00f3n es un mundo sin residuos. Al combinar ingenier\u00eda de vanguardia con un profundo conocimiento de los materiales, permitimos a nuestros socios producir materiales reciclados de alta calidad que satisfacen las demandas de la econom\u00eda moderna.<\/p>\n                <\/div>\n                <div class=\"about-vision-stats\">\n                    <div class=\"about-vision-stat\">\n                        <div class=\"about-vision-stat-number\">20+<\/div>\n                        <div class=\"about-vision-stat-label\">A\u00f1os de Experiencia<\/div>\n                    <\/div>\n                    <div class=\"about-vision-stat\">\n                        <div class=\"about-vision-stat-number\">500+<\/div>\n                        <div class=\"about-vision-stat-label\">Proyectos en Todo el Mundo<\/div>\n                    <\/div>\n                <\/div>\n            <\/div>\n        <\/div>\n    <\/section>\n    <section class=\"about-cta-section\">\n        <div class=\"about-container\">\n            <div class=\"about-cta-content\">\n                <h2>\u00bfEst\u00e1 listo para escalar su negocio de reciclaje?<\/h2>\n                <p>As\u00f3ciate con Energycle para obtener ingenier\u00eda de vanguardia, maquinaria confiable y soporte global especializado. Desarrollemos hoy mismo tu soluci\u00f3n personalizada.<\/p>\n                <a href=\"https:\/\/www.energycle.com\/es\/contacto\/\" class=\"about-cta-btn\">Obtenga su cotizaci\u00f3n personalizada <i class=\"fas fa-arrow-right\"><\/i><\/a>\n            <\/div>\n        <\/div>\n    <\/section>\n<\/div>","protected":false},"excerpt":{"rendered":"<p>About Energycle Engineering the Future of the Circular Economy We build high-performance technologies that transform waste into valuable resources. From single machines to turnkey plants, we drive the global transition to a sustainable future. Our Pillars of Excellence At Energycle, we don&#8217;t just build machines; we engineer solutions for a closed-loop future. Our technology is &hellip; <a href=\"https:\/\/www.energycle.com\/es\/sobre-nosotros\/\" class=\"more-link\">Sigue leyendo <span class=\"screen-reader-text\">Sobre nosotros<\/span><\/a><\/p>","protected":false},"author":1,"featured_media":0,"parent":0,"menu_order":8,"comment_status":"closed","ping_status":"closed","template":"","meta":{"footnotes":""},"class_list":["post-10575","page","type-page","status-publish","hentry"],"tsf_seo":{"title":"Sobre nosotros","description":"Energycle dise\u00f1a el futuro de la econom\u00eda circular con soluciones integrales de reciclaje de pl\u00e1stico. Desde trituradoras y l\u00edneas de lavado de alto rendimiento hasta sistemas avanzados de peletizaci\u00f3n, ofrecemos excelencia global en el reciclaje de PE, PP y PET.","robots":"index, follow","canonical":"https:\/\/www.energycle.com\/es\/sobre-nosotros\/","og_title":"About Us","og_description":"Energycle engineers the future of the circular economy with turnkey plastic recycling solutions. From high-performance shredders and washing lines to advanced pelletizing systems, we deliver global excellence for PE, PP, and PET recycling.","og_image":""},"_links":{"self":[{"href":"https:\/\/www.energycle.com\/es\/wp-json\/wp\/v2\/pages\/10575","targetHints":{"allow":["GET"]}}],"collection":[{"href":"https:\/\/www.energycle.com\/es\/wp-json\/wp\/v2\/pages"}],"about":[{"href":"https:\/\/www.energycle.com\/es\/wp-json\/wp\/v2\/types\/page"}],"author":[{"embeddable":true,"href":"https:\/\/www.energycle.com\/es\/wp-json\/wp\/v2\/users\/1"}],"replies":[{"embeddable":true,"href":"https:\/\/www.energycle.com\/es\/wp-json\/wp\/v2\/comments?post=10575"}],"version-history":[{"count":0,"href":"https:\/\/www.energycle.com\/es\/wp-json\/wp\/v2\/pages\/10575\/revisions"}],"wp:attachment":[{"href":"https:\/\/www.energycle.com\/es\/wp-json\/wp\/v2\/media?parent=10575"}],"curies":[{"name":"gracias","href":"https:\/\/api.w.org\/{rel}","templated":true}]}}