{"id":18598,"date":"2026-04-21T03:49:42","date_gmt":"2026-04-21T01:49:42","guid":{"rendered":"https:\/\/www.energycle.com\/industrial-balers\/quick-lock-galvanized-steel-baling-wires\/"},"modified":"2026-04-21T04:57:27","modified_gmt":"2026-04-21T02:57:27","slug":"alambres-de-acero-galvanizado-para-embalaje-con-cierre-rapido","status":"publish","type":"page","link":"https:\/\/www.energycle.com\/es\/empacadoras\/alambres-de-acero-galvanizado-para-embalaje-con-cierre-rapido\/","title":{"rendered":"Cinta de baldeo galvanizada Quick-Lock"},"content":{"rendered":"<p><strong>Alambres de acero galvanizado de cierre r\u00e1pido para embalaje: la soluci\u00f3n sencilla<\/strong><\/p>\n\n\n\n<!--more-->\n\n\n\n<p>El alambre de enfardado Quick-Lock ofrece una forma m\u00e1s segura y r\u00e1pida de optimizar sus operaciones de enfardado. Estos alambres eliminan la necesidad de herramientas o sellos, lo que hace que el proceso sea sencillo.<\/p>\n\n\n\n<h2 class=\"wp-block-heading\"><strong>C\u00f3mo funciona<\/strong><\/h2>\n\n\n\n<p>Para utilizar el alambre de empacado Quick-Lock, siga estos sencillos pasos:<\/p>\n\n\n\n<p>1. Junte los extremos con la mano (no se requieren herramientas).<\/p>\n\n\n\n<p>2. Junte los bucles para formar una \u201cfigura 8\u201d segura.<\/p>\n\n\n\n<p>3. \u00a1Eso es todo! \u00a1Tu paca estar\u00e1 atada de forma segura en segundos!<\/p>\n\n\n\n<h2 class=\"wp-block-heading\"><strong>Beneficios del alambre de enfardado Quick-Lock<\/strong><\/h2>\n\n\n\n<p>\u2022 <strong>Operaci\u00f3n sin herramientas:<\/strong> No necesita equipos ni sellos adicionales.<\/p>\n\n\n\n<p>\u2022 <strong>Tama\u00f1o de paca uniforme:<\/strong> Los lazos precortados \u201ca medida\u201d garantizan dimensiones de pacas consistentes.<\/p>\n\n\n\n<p>\u2022 <strong>Tama\u00f1os personalizados disponibles:<\/strong> Ordene f\u00e1cilmente cables adaptados a sus necesidades espec\u00edficas.<\/p>\n\n\n\n<p>Los alambres de empacado Quick-Lock est\u00e1n dise\u00f1ados para ahorrar tiempo y mejorar la eficiencia manteniendo al mismo tiempo la seguridad durante el empacado.<\/p>","protected":false},"excerpt":{"rendered":"<p>Alambres de acero galvanizado de cierre r\u00e1pido para embalaje: la soluci\u00f3n sencilla<\/p>","protected":false},"author":1,"featured_media":12291,"parent":7770,"menu_order":0,"comment_status":"open","ping_status":"open","template":"","meta":{"footnotes":""},"class_list":["post-18598","page","type-page","status-publish","has-post-thumbnail","hentry"],"tsf_seo":{"title":"Cinta de baldeo galvanizada Quick-Lock","description":"Cinta de alambre galvanizada de bloqueo r\u00e1pido para balanzas horizontales y verticales. Fuerte y resistente a la corrosi\u00f3n, para atar paquetes de papel, cart\u00f3n, botellas de PET y latas.","robots":"index, follow","canonical":"https:\/\/www.energycle.com\/es\/empacadoras\/alambres-de-acero-galvanizado-para-embalaje-con-cierre-rapido\/","og_title":"Quick-Lock Galvanized Baling Wire","og_description":"Quick-lock galvanized baling wire for horizontal and vertical balers. Strong, corrosion-resistant bale tying wire for paper, cardboard, PET bottles, and cans.","og_image":"https:\/\/www.energycle.com\/wp-content\/uploads\/2025\/01\/Quick-Lock-Galvanized-Steel-Baling-Wires.webp"},"_links":{"self":[{"href":"https:\/\/www.energycle.com\/es\/wp-json\/wp\/v2\/pages\/18598","targetHints":{"allow":["GET"]}}],"collection":[{"href":"https:\/\/www.energycle.com\/es\/wp-json\/wp\/v2\/pages"}],"about":[{"href":"https:\/\/www.energycle.com\/es\/wp-json\/wp\/v2\/types\/page"}],"author":[{"embeddable":true,"href":"https:\/\/www.energycle.com\/es\/wp-json\/wp\/v2\/users\/1"}],"replies":[{"embeddable":true,"href":"https:\/\/www.energycle.com\/es\/wp-json\/wp\/v2\/comments?post=18598"}],"version-history":[{"count":1,"href":"https:\/\/www.energycle.com\/es\/wp-json\/wp\/v2\/pages\/18598\/revisions"}],"predecessor-version":[{"id":18617,"href":"https:\/\/www.energycle.com\/es\/wp-json\/wp\/v2\/pages\/18598\/revisions\/18617"}],"up":[{"embeddable":true,"href":"https:\/\/www.energycle.com\/es\/wp-json\/wp\/v2\/pages\/7770"}],"wp:featuredmedia":[{"embeddable":true,"href":"https:\/\/www.energycle.com\/es\/wp-json\/wp\/v2\/media\/12291"}],"wp:attachment":[{"href":"https:\/\/www.energycle.com\/es\/wp-json\/wp\/v2\/media?parent=18598"}],"curies":[{"name":"gracias","href":"https:\/\/api.w.org\/{rel}","templated":true}]}}