{"id":8324,"date":"2025-06-10T00:00:09","date_gmt":"2025-06-09T22:00:09","guid":{"rendered":"https:\/\/recyclemachine.net\/?page_id=8324"},"modified":"2026-04-04T05:04:01","modified_gmt":"2026-04-04T03:04:01","slug":"condiciones","status":"publish","type":"page","link":"https:\/\/www.energycle.com\/es\/condiciones\/","title":{"rendered":"T\u00e9rminos y condiciones"},"content":{"rendered":"<style>\n    .erm-container {\n        max-width: 1200px;\n        margin: 0 auto;\n        padding: 40px 20px;\n    }\n\n    .erm-title {\n        text-align: center;\n        border-bottom: 3px solid #4d94e7;\n        padding-bottom: 20px;\n        margin-top: 0;\n        margin-bottom: 35px;\n        font-weight: 600;\n        line-height: 1.3;\n    }\n\n    .erm-heading {\n        margin-top: 50px;\n        margin-bottom: 25px;\n        border-left: 5px solid #4d94e7;\n        padding-left: 18px;\n        font-weight: 600;\n        line-height: 1.4;\n    }\n\n    .erm-text {\n        margin-bottom: 22px;\n    }\n\n    .erm-notice {\n        background-color: #f0f6ff;\n        border-left: 6px solid #4d94e7;\n        padding: 20px 25px;\n        margin: 30px 0;\n        border-radius: 0 10px 10px 0;\n        box-shadow: 0 4px 10px rgba(0, 0, 0, 0.03);\n    }\n\n    .erm-list {\n        list-style-type: none;\n        padding-left: 0;\n        margin: 25px 0;\n    }\n\n    .erm-list-item {\n        margin-bottom: 15px;\n        padding-left: 30px;\n        position: relative;\n    }\n\n    .erm-list-item::before {\n        content: \"\u2022\";\n        color: #4d94e7;\n        font-size: 1.5em;\n        position: absolute;\n        left: 5px;\n        top: -4px;\n        font-weight: bold;\n    }\n\n    .erm-link {\n        color: #4d94e7;\n        text-decoration: none;\n        font-weight: 600;\n        transition: all 0.3s ease;\n        border-bottom: 1px solid transparent;\n    }\n\n    .erm-link:hover {\n        color: #2c3e50;\n        border-bottom-color: #2c3e50;\n    }\n\n    @media (max-width: 768px) {\n        .erm-container {\n            padding: 20px 15px;\n        }\n        .erm-title {\n            font-size: 1.8em;\n            padding-bottom: 15px;\n        }\n        .erm-heading {\n            font-size: 1.5em;\n            margin-top: 35px;\n        }\n    }\n<\/style>\n\n<div class=\"erm-container\">\n    <h1 class=\"erm-title\">T\u00e9rminos y condiciones de uso<\/h1>\n    <p class=\"erm-text\">Bienvenido a Energycle Machinery. Este documento establece los t\u00e9rminos y condiciones completos que rigen su acceso y uso de nuestra maquinaria industrial, contenido del sitio web, especificaciones t\u00e9cnicas y servicios relacionados. Al acceder o utilizar esta plataforma, usted reconoce que ha le\u00eddo, comprendido y acepta estar sujeto a estos T\u00e9rminos y Condiciones, que constituyen un acuerdo legalmente vinculante entre usted y <a class=\"erm-link\" href=\"https:\/\/www.energycle.com\/es\/\">Maquinaria Energycle<\/a>.<\/p>\n    <p class=\"erm-notice\">\n        <strong>Aviso importante para empresas (B2B):<\/strong> La informaci\u00f3n y los productos detallados en este sitio web est\u00e1n dirigidos exclusivamente a profesionales, empresas y operadores industriales (B2B). Si accede a este sitio web en nombre de una empresa, declara y garantiza que posee la autoridad legal para vincular a dicha empresa a este Acuerdo.\n    <\/p>\n\n    <h2 class=\"erm-heading\">1. Obligaciones del usuario y gesti\u00f3n de la cuenta<\/h2>\n    <p class=\"erm-text\">Si se registra para obtener una cuenta con el fin de acceder a manuales t\u00e9cnicos, solicitar presupuestos o utilizar funciones avanzadas del sitio web, usted es el \u00fanico responsable de proteger sus credenciales de acceso. Se compromete a proporcionar informaci\u00f3n corporativa precisa, actualizada y completa. <a class=\"erm-link\" href=\"https:\/\/www.energycle.com\/es\/\">Maquinaria Energycle<\/a> Se reserva el derecho de suspender o cancelar las cuentas que falseen su afiliaci\u00f3n corporativa o que participen en espionaje industrial no autorizado, extracci\u00f3n de datos o actividades maliciosas.<\/p>\n\n    <h2 class=\"erm-heading\">2. Contenido generado por el usuario y env\u00edo de informaci\u00f3n<\/h2>\n    <p class=\"erm-text\">En el curso de sus operaciones comerciales, usted puede enviar consultas t\u00e9cnicas, requisitos de maquinaria a medida o comentarios operativos. Al enviar cualquier informaci\u00f3n al sitio web, usted afirma y garantiza que:<\/p>\n\n    <ul class=\"erm-list\">\n        <li class=\"erm-list-item\">Sus env\u00edos no infringen ning\u00fan derecho de propiedad de terceros, incluidas patentes, marcas registradas, secretos comerciales o derechos de autor.<\/li>\n        <li class=\"erm-list-item\">Los materiales est\u00e1n libres de malware, virus o cualquier elemento digital destructivo que pueda comprometer nuestra infraestructura inform\u00e1tica industrial.<\/li>\n        <li class=\"erm-list-item\">Usted posee la autorizaci\u00f3n y las licencias necesarias de su empleador o de las partes interesadas corporativas pertinentes para compartir dichos requisitos t\u00e9cnicos.<\/li>\n        <li class=\"erm-list-item\">El contenido no constituye spam comercial no autorizado ni solicitud poco \u00e9tica.<\/li>\n    <\/ul>\n    <p class=\"erm-text\"><a class=\"erm-link\" href=\"https:\/\/www.energycle.com\/es\/\">Maquinaria Energycle<\/a> Nos reservamos el derecho de rechazar, eliminar o editar contenido que infrinja nuestras pol\u00edticas corporativas o que se considere perjudicial, y de denegar el acceso al sitio web sin previo aviso.<\/p>\n\n    <h2 class=\"erm-heading\">3. Derechos de propiedad intelectual<\/h2>\n    <p class=\"erm-text\">Todo el contenido presentado en este sitio web, incluidos, entre otros, esquemas t\u00e9cnicos, dise\u00f1os CAD, dise\u00f1os de productos, manuales, gr\u00e1ficos, texto y el <a class=\"erm-link\" href=\"https:\/\/www.energycle.com\/es\/\">Maquinaria Energycle<\/a> El logotipo es propiedad intelectual exclusiva de Energycle Machinery o sus licenciantes reconocidos, y est\u00e1 protegido por las leyes internacionales de derechos de autor y marcas registradas. Este Acuerdo le otorga una licencia limitada, no exclusiva e intransferible para acceder a esta informaci\u00f3n \u00fanicamente con el fin de evaluar o utilizar nuestras soluciones de reciclaje industrial. No se le otorga ning\u00fan derecho a realizar ingenier\u00eda inversa, reproducir en masa, extraer o distribuir nuestros materiales patentados.<\/p>\n\n    <h2 class=\"erm-heading\">4. Protecci\u00f3n de datos y cumplimiento de la normativa europea (RGPD)<\/h2>\n    <p class=\"erm-text\">Energycle Machinery est\u00e1 comprometida con estrictos est\u00e1ndares de protecci\u00f3n de datos a nivel mundial. El uso que usted haga del sitio web y cualquier env\u00edo de datos corporativos o t\u00e9cnicos se rigen estrictamente por nuestra pol\u00edtica de privacidad. <a class=\"erm-link\" href=\"https:\/\/www.energycle.com\/es\/politica-de-privacidad\/\">pol\u00edtica de privacidad<\/a>. Incorporamos los marcos legales y los principios necesarios para el comercio internacional, garantizando un procesamiento transparente, seguro y conforme a la normativa de la informaci\u00f3n de su empresa, en consonancia con regulaciones reconocidas como el RGPD.<\/p>\n\n    <h2 class=\"erm-heading\">5. Enlaces y recursos de terceros<\/h2>\n    <p class=\"erm-text\">Para su comodidad profesional, nuestro sitio web puede contener enlaces a laboratorios de cumplimiento externos, organismos de certificaci\u00f3n o fabricantes de terceros. <a class=\"erm-link\" href=\"https:\/\/www.energycle.com\/es\/\">Maquinaria Energycle<\/a> No controla ni respalda, y no se responsabiliza de la exactitud, la seguridad ni las pr\u00e1cticas de privacidad de estos sitios externos. El acceso a recursos industriales de terceros se realiza bajo su propia responsabilidad.<\/p>\n\n    <h2 class=\"erm-heading\">6. Exclusi\u00f3n de garant\u00edas<\/h2>\n    <p class=\"erm-text\">Toda la informaci\u00f3n, especificaciones t\u00e9cnicas y capacidades de producci\u00f3n detalladas en el sitio web se proporcionan &quot;tal cual&quot; y &quot;seg\u00fan disponibilidad&quot;. Si bien nos esforzamos por lograr una precisi\u00f3n de ingenier\u00eda absoluta, <a class=\"erm-link\" href=\"https:\/\/www.energycle.com\/es\/\">Maquinaria Energycle<\/a> Se excluyen expresamente todas las garant\u00edas de cualquier tipo, ya sean expresas o impl\u00edcitas, incluidas las garant\u00edas legales de comerciabilidad o idoneidad para un fin industrial espec\u00edfico. Las garant\u00edas expl\u00edcitas de rendimiento de la maquinaria est\u00e1n sujetas estrictamente al Contrato de Compraventa final y personalizado suscrito entre las partes, independientemente del contenido promocional o general de este sitio web.<\/p>\n\n    <h2 class=\"erm-heading\">7. Limitaci\u00f3n de responsabilidad y fuerza mayor<\/h2>\n    <p class=\"erm-text\">Bajo ninguna circunstancia, incluida la negligencia, se deber\u00e1 <a class=\"erm-link\" href=\"https:\/\/www.energycle.com\/es\/\">Maquinaria Energycle<\/a>, Ni Energycle Machinery, ni sus filiales ni proveedores ser\u00e1n responsables de ning\u00fan da\u00f1o especial, incidental o consecuencial (incluidos, entre otros, la interrupci\u00f3n de la producci\u00f3n, la p\u00e9rdida de beneficios comerciales o la p\u00e9rdida de datos t\u00e9cnicos) que surja del uso o la imposibilidad de usar los materiales de este sitio web. Asimismo, Energycle Machinery no ser\u00e1 responsable de ning\u00fan retraso o incumplimiento que resulte directa o indirectamente de casos fortuitos, fuerza mayor o circunstancias ajenas a su control razonable.<\/p>\n\n    <h2 class=\"erm-heading\">8. Indemnizaci\u00f3n<\/h2>\n    <p class=\"erm-text\">Usted acepta indemnizar, defender y eximir de responsabilidad <a class=\"erm-link\" href=\"https:\/\/www.energycle.com\/es\/\">Maquinaria Energycle<\/a>, sus ejecutivos, ingenieros, directores y licenciantes contra cualquier y todos los reclamos comerciales, responsabilidades, da\u00f1os y gastos (incluidos los honorarios legales razonables) que resulten de su incumplimiento de este Acuerdo o de su infracci\u00f3n de cualquier derecho de propiedad industrial o intelectual de terceros.<\/p>\n\n    <h2 class=\"erm-heading\">9. Modificaciones a los T\u00e9rminos<\/h2>\n    <p class=\"erm-text\"><a class=\"erm-link\" href=\"https:\/\/www.energycle.com\/es\/\">Maquinaria Energycle<\/a> Se reserva el derecho ejecutivo de actualizar, modificar o reemplazar cualquier parte de este Acuerdo a su entera discreci\u00f3n para reflejar cambios en el entorno legal, regulatorio u operativo. El uso continuado del Sitio Web tras la publicaci\u00f3n de cualquier modificaci\u00f3n constituye la aceptaci\u00f3n formal de las condiciones revisadas.<\/p>\n\n    <h2 class=\"erm-heading\">10. Divisibilidad<\/h2>\n    <p class=\"erm-text\">Si alguna disposici\u00f3n o cl\u00e1usula de este Acuerdo se considera inv\u00e1lida, ilegal o inaplicable por un tribunal o tribunal arbitral competente, dicha invalidez no afectar\u00e1 la aplicabilidad de las dem\u00e1s disposiciones de este Acuerdo. La disposici\u00f3n inv\u00e1lida se considerar\u00e1 modificada en la medida m\u00ednima necesaria para que sea v\u00e1lida y aplicable, preservando la intenci\u00f3n comercial original de ambas partes.<\/p>\n\n    <h2 class=\"erm-heading\">11. Ley aplicable y jurisdicci\u00f3n<\/h2>\n    <p class=\"erm-text\">Este Acuerdo, as\u00ed como cualquier controversia comercial que surja de o est\u00e9 relacionada con el uso de este Sitio Web, se regir\u00e1n e interpretar\u00e1n de conformidad con las leyes sustantivas de la jurisdicci\u00f3n donde Energycle Machinery tiene su sede principal, sin tener en cuenta sus principios de conflicto de leyes. Se excluye expresamente la aplicaci\u00f3n de la Convenci\u00f3n de las Naciones Unidas sobre los Contratos de Compraventa Internacional de Mercader\u00edas (CISG).<\/p>\n\n    <h2 class=\"erm-heading\">12. Informaci\u00f3n de contacto y aviso legal<\/h2>\n    <p class=\"erm-text\">Para cualquier consulta legal formal, aclaraci\u00f3n de contrato o notificaci\u00f3n oficial relacionada con estos T\u00e9rminos y Condiciones, dirija su correspondencia a nuestros representantes autorizados a trav\u00e9s de las interfaces de contacto oficiales que se proporcionan en nuestro sitio web.<\/p>\n<\/div>","protected":false},"excerpt":{"rendered":"<p>T\u00e9rminos y Condiciones de Uso Bienvenido a Energycle Machinery. Este documento establece los t\u00e9rminos y condiciones integrales que rigen tu acceso y uso de nuestra maquinaria industrial, contenido del sitio web, especificaciones t\u00e9cnicas y servicios relacionados. Al acceder o usar esta plataforma, reconoces que has le\u00eddo, entendido y aceptas estar obligado por estos \u2026 <a href=\"https:\/\/www.energycle.com\/es\/condiciones\/\" class=\"more-link\">Sigue leyendo <span class=\"screen-reader-text\">T\u00e9rminos y condiciones<\/span><\/a><\/p>","protected":false},"author":1,"featured_media":0,"parent":0,"menu_order":0,"comment_status":"closed","ping_status":"open","template":"","meta":{"footnotes":""},"class_list":["post-8324","page","type-page","status-publish","hentry"],"tsf_seo":{"title":"T\u00e9rminos y condiciones","description":"Antes de usar el sitio web de Energycle Machinery, lea nuestros T\u00e9rminos y Condiciones. Comprenda las normas de uso de la cuenta, los derechos de contenido y nuestro acuerdo mutuo.","robots":"index, follow","canonical":"https:\/\/www.energycle.com\/es\/condiciones\/","og_title":"Terms &#038; Conditions","og_description":"Before using the Energycle Machinery website, please read our Terms and Conditions. Understand the guidelines for account use, content rights, and our mutual agreement.","og_image":""},"_links":{"self":[{"href":"https:\/\/www.energycle.com\/es\/wp-json\/wp\/v2\/pages\/8324","targetHints":{"allow":["GET"]}}],"collection":[{"href":"https:\/\/www.energycle.com\/es\/wp-json\/wp\/v2\/pages"}],"about":[{"href":"https:\/\/www.energycle.com\/es\/wp-json\/wp\/v2\/types\/page"}],"author":[{"embeddable":true,"href":"https:\/\/www.energycle.com\/es\/wp-json\/wp\/v2\/users\/1"}],"replies":[{"embeddable":true,"href":"https:\/\/www.energycle.com\/es\/wp-json\/wp\/v2\/comments?post=8324"}],"version-history":[{"count":1,"href":"https:\/\/www.energycle.com\/es\/wp-json\/wp\/v2\/pages\/8324\/revisions"}],"predecessor-version":[{"id":18323,"href":"https:\/\/www.energycle.com\/es\/wp-json\/wp\/v2\/pages\/8324\/revisions\/18323"}],"wp:attachment":[{"href":"https:\/\/www.energycle.com\/es\/wp-json\/wp\/v2\/media?parent=8324"}],"curies":[{"name":"gracias","href":"https:\/\/api.w.org\/{rel}","templated":true}]}}