{"id":10575,"date":"2023-09-24T06:15:07","date_gmt":"2023-09-24T13:15:07","guid":{"rendered":"http:\/\/industco-demo.pbminfotech.com\/?page_id=3906"},"modified":"2026-02-08T13:31:39","modified_gmt":"2026-02-08T12:31:39","slug":"a-propos-de-nous","status":"publish","type":"page","link":"https:\/\/www.energycle.com\/fr\/a-propos-de-nous\/","title":{"rendered":"\u00c0 propos de nous"},"content":{"rendered":"<style>\n    \/* Global Styles *\/\n    .about-page-wrapper {\n        line-height: 1.5;\n        color: #000000;\n        background: #fff;\n        -webkit-font-smoothing: antialiased;\n    }\n\n    .about-page-wrapper * {\n        box-sizing: border-box;\n    }\n\n    .about-container {\n        max-width: 1024px;\n        margin: 0 auto;\n        padding: 0 24px;\n    }\n\n    .about-container-wide {\n        max-width: 1280px;\n        margin: 0 auto;\n        padding: 0 24px;\n    }\n\n    \/* Typography Utilities *\/\n    .about-page-wrapper h1,\n    .about-page-wrapper h2,\n    .about-page-wrapper h3,\n    .about-page-wrapper h4 {\n        margin: 0;\n        color: #000000;\n        letter-spacing: -0.02em;\n    }\n\n    \/* Hero Section *\/\n    .about-hero-section {\n        background: #fff;\n        padding: 160px 0 100px;\n        text-align: center;\n        border-bottom: 1px solid #f0f0f0;\n    }\n\n    .about-hero-eyebrow {\n        font-size: 16px;\n        font-weight: 600;\n        color: #4d94e7;\n        margin-bottom: 24px;\n        text-transform: uppercase;\n        letter-spacing: 0.05em;\n    }\n\n    .about-hero-title {\n        font-size: 64px;\n        font-weight: 600;\n        line-height: 1.1;\n        margin-bottom: 24px;\n        max-width: 900px;\n        margin-left: auto;\n        margin-right: auto;\n    }\n\n    .about-hero-subtitle {\n        font-size: 24px;\n        color: #555;\n        font-weight: 400;\n        line-height: 1.5;\n        max-width: 720px;\n        margin: 0 auto;\n    }\n\n    \/* Mission Section *\/\n    .about-mission-section {\n        padding: 120px 0;\n        background: #fff;\n    }\n\n    .about-mission-grid {\n        display: grid;\n        grid-template-columns: 1.2fr 0.8fr;\n        gap: 80px;\n        align-items: start;\n    }\n\n    .about-mission-content h2 {\n        font-size: 40px;\n        font-weight: 600;\n        margin-bottom: 32px;\n        line-height: 1.2;\n    }\n\n    .about-mission-content p {\n        font-size: 18px;\n        color: #333;\n        line-height: 1.6;\n        margin-bottom: 24px;\n    }\n\n    .about-mission-highlight {\n        background: #f9fafb;\n        padding: 40px;\n        border-radius: 4px;\n    }\n\n    .about-mission-highlight h4 {\n        font-size: 20px;\n        font-weight: 600;\n        margin-bottom: 24px;\n        color: #4d94e7;\n    }\n\n    .about-mission-highlight ul {\n        list-style: none;\n        padding: 0;\n        margin: 0;\n    }\n\n    .about-mission-highlight li {\n        font-size: 16px;\n        color: #1d1d1f;\n        padding: 12px 0;\n        padding-left: 24px;\n        position: relative;\n        border-bottom: 1px solid #e5e7eb;\n    }\n\n    .about-mission-highlight li:last-child {\n        border-bottom: none;\n    }\n\n    .about-mission-highlight li::before {\n        content: '\u2022';\n        position: absolute;\n        left: 0;\n        color: #4d94e7;\n        font-weight: bold;\n        font-size: 18px;\n        line-height: 1.5;\n    }\n\n    \/* Products Section *\/\n    .about-products-section {\n        padding: 120px 0;\n        background: #fff;\n        border-top: 1px solid #f0f0f0;\n    }\n\n    .about-section-header {\n        text-align: left;\n        margin-bottom: 60px;\n        max-width: 800px;\n    }\n\n    .about-section-eyebrow {\n        font-size: 14px;\n        font-weight: 600;\n        color: #4d94e7;\n        margin-bottom: 16px;\n        text-transform: uppercase;\n        letter-spacing: 0.05em;\n    }\n\n    .about-section-header h2 {\n        font-size: 40px;\n        font-weight: 600;\n        margin-bottom: 16px;\n    }\n\n    .about-section-header p {\n        font-size: 20px;\n        color: #555;\n        line-height: 1.5;\n    }\n\n    .about-products-grid {\n        display: grid;\n        grid-template-columns: repeat(3, 1fr);\n        gap: 24px;\n    }\n\n    .about-product-card {\n        background: #f9fafb;\n        padding: 32px;\n        border-radius: 4px;\n        min-height: 180px;\n        display: flex;\n        flex-direction: column;\n        justify-content: space-between;\n        transition: background 0.2s ease;\n        text-decoration: none;\n        position: relative;\n    }\n\n    .about-product-card:hover {\n        background: #f0f0f0;\n    }\n\n    .about-product-card h4 {\n        font-size: 24px;\n        font-weight: 600;\n        color: #000;\n    }\n\n    .about-product-card a {\n        text-decoration: none;\n        color: inherit;\n        display: block;\n        height: 100%;\n        display: flex;\n        flex-direction: column;\n        justify-content: space-between;\n    }\n\n    .about-product-card-icon {\n        align-self: flex-end;\n        color: #000;\n        font-size: 20px;\n        transition: transform 0.2s ease;\n    }\n\n    .about-product-card:hover .about-product-card-icon {\n        transform: translateX(4px);\n        color: #4d94e7;\n    }\n\n    \/* Services Section *\/\n    .about-services-section {\n        padding: 120px 0;\n        background: #fff;\n        border-top: 1px solid #f0f0f0;\n    }\n\n    .about-services-grid {\n        display: grid;\n        grid-template-columns: repeat(4, 1fr);\n        gap: 40px;\n        margin-top: 80px;\n    }\n\n    .about-service-card {\n        background: transparent;\n        border: none;\n        padding: 0;\n        text-align: left;\n    }\n\n    .about-service-icon {\n        width: auto;\n        height: auto;\n        margin: 0 0 24px 0;\n        background: none;\n        border-radius: 0;\n        display: block;\n        font-size: 32px;\n        color: #4d94e7;\n    }\n\n    .about-service-card h4 {\n        font-size: 20px;\n        font-weight: 600;\n        margin-bottom: 12px;\n        color: #000;\n    }\n\n    .about-service-card p {\n        font-size: 16px;\n        color: #555;\n        line-height: 1.6;\n        margin: 0;\n    }\n\n    \/* Vision Section *\/\n    .about-vision-section {\n        padding: 120px 0;\n        background: #1d1d1f;\n        \/* Simplified Dark BG *\/\n        color: #fff;\n        text-align: left;\n    }\n\n    .about-vision-content {\n        max-width: 100%;\n        display: grid;\n        grid-template-columns: 1fr 1fr;\n        gap: 80px;\n        align-items: center;\n    }\n\n    .about-vision-text h2 {\n        font-size: 40px;\n        font-weight: 600;\n        color: #fff;\n        margin-bottom: 24px;\n        line-height: 1.1;\n    }\n\n    .about-vision-text p {\n        font-size: 20px;\n        color: #a1a1a6;\n        line-height: 1.5;\n        margin-bottom: 0;\n    }\n\n    .about-vision-stats {\n        display: grid;\n        grid-template-columns: repeat(2, 1fr);\n        gap: 40px;\n        margin-top: 0;\n        padding-top: 0;\n        border-top: none;\n    }\n\n    .about-vision-stat {\n        text-align: left;\n    }\n\n    .about-vision-stat-number {\n        font-size: 64px;\n        font-weight: 600;\n        color: #4d94e7;\n        margin-bottom: 8px;\n        letter-spacing: -0.02em;\n        line-height: 1;\n    }\n\n    .about-vision-stat-label {\n        font-size: 16px;\n        color: #a1a1a6;\n        font-weight: 400;\n    }\n\n    \/* CTA Section *\/\n    .about-cta-section {\n        padding: 120px 0;\n        background: #fff;\n        text-align: center;\n        color: #000;\n        border-top: 1px solid #f0f0f0;\n    }\n\n    .about-cta-content h2 {\n        font-size: 40px;\n        font-weight: 600;\n        margin-bottom: 24px;\n        color: #000;\n    }\n\n    .about-cta-content p {\n        font-size: 20px;\n        color: #555;\n        max-width: 600px;\n        margin: 0 auto 40px;\n        line-height: 1.5;\n    }\n\n    .about-cta-btn {\n        display: inline-flex;\n        align-items: center;\n        justify-content: center;\n        gap: 8px;\n        padding: 16px 32px;\n        background: #000;\n        color: #fff;\n        text-decoration: none;\n        border-radius: 4px;\n        font-weight: 500;\n        font-size: 16px;\n        transition: background 0.2s ease;\n    }\n\n    .about-cta-btn:hover {\n        background: #333;\n        transform: none;\n    }\n\n    \/* Responsive *\/\n    @media (max-width: 1024px) {\n        .about-products-grid {\n            grid-template-columns: repeat(2, 1fr);\n        }\n\n        .about-services-grid {\n            grid-template-columns: repeat(2, 1fr);\n        }\n\n        .about-vision-content {\n            grid-template-columns: 1fr;\n            gap: 60px;\n        }\n    }\n\n    @media (max-width: 768px) {\n        .about-hero-title {\n            font-size: 40px;\n        }\n\n        .about-mission-grid {\n            grid-template-columns: 1fr;\n            gap: 40px;\n        }\n\n        .about-products-grid,\n        .about-services-grid {\n            grid-template-columns: 1fr;\n        }\n\n        .about-section-header h2,\n        .about-mission-content h2,\n        .about-vision-text h2,\n        .about-cta-content h2 {\n            font-size: 32px;\n        }\n    }\n<\/style>\n\n\n<div class=\"about-page-wrapper\">\n    <section class=\"about-hero-section\">\n        <div class=\"about-container\">\n            <div class=\"about-hero-content\">\n                <div class=\"about-hero-eyebrow\">\u00c0 propos de Energycle<\/div>\n                <h1 class=\"about-hero-title\">Concevoir l&#039;avenir de l&#039;\u00e9conomie circulaire<\/h1>\n                <p class=\"about-hero-subtitle\">Nous concevons des technologies de pointe qui transforment les d\u00e9chets en ressources pr\u00e9cieuses. Des machines individuelles aux usines cl\u00e9s en main, nous contribuons \u00e0 la transition mondiale vers un avenir durable.<\/p>\n            <\/div>\n        <\/div>\n    <\/section>\n    <section class=\"about-mission-section\">\n        <div class=\"about-container\">\n            <div class=\"about-mission-grid\">\n                <div class=\"about-mission-content\">\n                    <h2>Nos piliers d&#039;excellence<\/h2>\n                    <p>Chez Energycle, nous ne construisons pas seulement des machines ; nous concevons des solutions pour un avenir en boucle ferm\u00e9e. Notre technologie est con\u00e7ue pour maximiser la puret\u00e9 des mat\u00e9riaux, l'efficacit\u00e9 op\u00e9rationnelle et la rentabilit\u00e9.\n                    <\/p>\n                    <p>Forts de plusieurs d\u00e9cennies d&#039;expertise, nous proposons une gamme compl\u00e8te de solutions, des syst\u00e8mes de broyage intelligents aux lignes de lavage et de granulation de pointe. Nous sommes votre partenaire strat\u00e9gique en mati\u00e8re de recyclage des plastiques.<\/p>\n                <\/div>\n                <div class=\"about-mission-highlight\">\n                    <h4>Pourquoi les leaders du secteur nous choisissent<\/h4>\n                    <ul>\n                        <li><strong>Innovation circulaire :<\/strong> Recherche et d\u00e9veloppement avanc\u00e9e ax\u00e9e sur le recyclage intelligent et les technologies z\u00e9ro-d\u00e9chet.<\/li>\n                        <li><strong>Capacit\u00e9 cl\u00e9 en main\u00a0:<\/strong> Ing\u00e9nierie compl\u00e8te d&#039;installations industrielles, de la conception \u00e0 la mise en service.<\/li>\n                        <li><strong>Fiabilit\u00e9 globale :<\/strong> Performances \u00e9prouv\u00e9es avec plus de 500 installations dans plus de 50 pays.<\/li>\n                        <li><strong>Efficacit\u00e9 op\u00e9rationnelle :<\/strong> Des conceptions robustes qui garantissent une fiabilit\u00e9 24h\/24 et 7j\/7 et des co\u00fbts de maintenance r\u00e9duits.<\/li>\n                        <li><strong>Valeur durable :<\/strong> Optimisation de la qualit\u00e9 finale des granul\u00e9s pour concurrencer les mati\u00e8res premi\u00e8res vierges.<\/li>\n                    <\/ul>\n                <\/div>\n            <\/div>\n        <\/div>\n    <\/section>\n    <section class=\"about-products-section\">\n        <div class=\"about-container-wide\">\n            <div class=\"about-section-header\">\n                <div class=\"about-section-eyebrow\">Nos Solutions<\/div>\n                <h2>Portefeuille de Produits Complet<\/h2>\n                <p>Des \u00e9quipements autonomes aux syst\u00e8mes cl\u00e9s en main complets, nous concevons des solutions pour chaque d\u00e9fi de recyclage, quels que soient le mat\u00e9riau ou l&#039;\u00e9chelle.<\/p>\n            <\/div>\n            <div class=\"about-products-grid\">\n                <div class=\"about-product-card\"><a href=\"https:\/\/www.energycle.com\/fr\/systemes-de-lavage-pour-le-recyclage\/\">\n                        <h4>Solutions de recyclage<\/h4>\n                        <div class=\"about-product-card-icon\"><i class=\"fas fa-arrow-right\"><\/i><\/div>\n                    <\/a><\/div>\n                <div class=\"about-product-card\"><a href=\"https:\/\/www.energycle.com\/fr\/machine-de-granulation-de-plastique\/\">\n                        <h4>Granulation et pelletisation<\/h4>\n                        <div class=\"about-product-card-icon\"><i class=\"fas fa-arrow-right\"><\/i><\/div>\n                    <\/a><\/div>\n                <div class=\"about-product-card\"><a href=\"https:\/\/www.energycle.com\/fr\/broyeurs-de-plastique\/\">\n                        <h4>D\u00e9chiqueteuses<\/h4>\n                        <div class=\"about-product-card-icon\"><i class=\"fas fa-arrow-right\"><\/i><\/div>\n                    <\/a><\/div>\n                <div class=\"about-product-card\"><a href=\"https:\/\/www.energycle.com\/fr\/granulateurs-en-plastique\/\">\n                        <h4>Cribles &amp; Moulins<\/h4>\n                        <div class=\"about-product-card-icon\"><i class=\"fas fa-arrow-right\"><\/i><\/div>\n                    <\/a><\/div>\n                <div class=\"about-product-card\"><a href=\"https:\/\/www.energycle.com\/fr\/systeme-de-sechage\/\">\n                        <h4>Machines de s\u00e9chage<\/h4>\n                        <div class=\"about-product-card-icon\"><i class=\"fas fa-arrow-right\"><\/i><\/div>\n                    <\/a><\/div>\n                <div class=\"about-product-card\"><a href=\"https:\/\/www.energycle.com\/fr\/systeme-dassistance\/\">\n                        <h4>\u00c9quipement auxiliaire<\/h4>\n                        <div class=\"about-product-card-icon\"><i class=\"fas fa-arrow-right\"><\/i><\/div>\n                    <\/a><\/div>\n            <\/div>\n        <\/div>\n    <\/section>\n    <section class=\"about-services-section\">\n        <div class=\"about-container-wide\">\n            <div class=\"about-section-header\">\n                <div class=\"about-section-eyebrow\">Pourquoi nous choisir<\/div>\n                <h2>Support Complet<\/h2>\n                <p>Nous nous engageons \u00e0 vous aider \u00e0 chaque \u00e9tape de votre parcours de recyclage.<\/p>\n            <\/div>\n            <div class=\"about-services-grid\">\n                <div class=\"about-service-card\">\n                    <div class=\"about-service-icon\"><i class=\"fas fa-cogs\"><\/i><\/div>\n                    <h4>Services complets<\/h4>\n                    <p>Support complet, de la consultation initiale \u00e0 l'installation finale et au-del\u00e0.<\/p>\n                <\/div>\n                <div class=\"about-service-card\">\n                    <div class=\"about-service-icon\"><i class=\"fas fa-leaf\"><\/i><\/div>\n                    <h4>Des professionnels d\u00e9vou\u00e9s<\/h4>\n                    <p>\u0152uvrer pour un avenir durable, en veillant \u00e0 ce que chaque projet r\u00e9ponde aux normes les plus \u00e9lev\u00e9es.<\/p>\n                <\/div>\n                <div class=\"about-service-card\">\n                    <div class=\"about-service-icon\"><i class=\"fas fa-user-tie\"><\/i><\/div>\n                    <h4>Ing\u00e9nieurs experts<\/h4>\n                    <p>Des ing\u00e9nieurs exp\u00e9riment\u00e9s apportent des ann\u00e9es d'exp\u00e9rience et une pr\u00e9cision \u00e0 chaque solution.<\/p>\n                <\/div>\n                <div class=\"about-service-card\">\n                    <div class=\"about-service-icon\"><i class=\"fas fa-headset\"><\/i><\/div>\n                    <h4>Assistance 24h\/24 et 7j\/7<\/h4>\n                    <p>Nous sommes \u00e0 votre disposition 24h\/24 pour assurer des op\u00e9rations fluides et efficaces.<\/p>\n                <\/div>\n            <\/div>\n        <\/div>\n    <\/section>\n    <section class=\"about-vision-section\">\n        <div class=\"about-container\">\n            <div class=\"about-vision-content\">\n                <div class=\"about-vision-text\">\n                    <h2>Boucler la boucle, ensemble.<\/h2>\n                    <p>Notre vision\u00a0: un monde sans d\u00e9chets. En alliant ing\u00e9nierie de pointe et expertise approfondie des mat\u00e9riaux, nous permettons \u00e0 nos partenaires de produire des mat\u00e9riaux recycl\u00e9s de haute qualit\u00e9 r\u00e9pondant aux exigences de l\u2019\u00e9conomie moderne.<\/p>\n                <\/div>\n                <div class=\"about-vision-stats\">\n                    <div class=\"about-vision-stat\">\n                        <div class=\"about-vision-stat-number\">20+<\/div>\n                        <div class=\"about-vision-stat-label\">Ann\u00e9es d'Exp\u00e9rience<\/div>\n                    <\/div>\n                    <div class=\"about-vision-stat\">\n                        <div class=\"about-vision-stat-number\">500+<\/div>\n                        <div class=\"about-vision-stat-label\">Projets \u00e0 Travers le Monde<\/div>\n                    <\/div>\n                <\/div>\n            <\/div>\n        <\/div>\n    <\/section>\n    <section class=\"about-cta-section\">\n        <div class=\"about-container\">\n            <div class=\"about-cta-content\">\n                <h2>Pr\u00eat \u00e0 d\u00e9velopper votre entreprise de recyclage ?<\/h2>\n                <p>Partenairez avec Energycle pour une ing\u00e9nierie de classe mondiale, des machines fiables et un soutien mondial d\u00e9di\u00e9.\nLaissons-nous construire votre solution personnalis\u00e9e aujourd'hui.<\/p>\n                <a href=\"https:\/\/www.energycle.com\/fr\/nous-contacter\/\" class=\"about-cta-btn\">Obtenez votre devis personnalis\u00e9 <i class=\"fas fa-arrow-right\"><\/i><\/a>\n            <\/div>\n        <\/div>\n    <\/section>\n<\/div>","protected":false},"excerpt":{"rendered":"<p>\u00c0 propos de Energycle : Engager l'avenir de l'\u00e9conomie circulaire Nous construisons des technologies \u00e0 haute performance qui transforment les d\u00e9chets en ressources pr\u00e9cieuses. De machines individuelles \u00e0 des usines cl\u00e9 en main, nous impulsons la transition mondiale vers un avenir durable. Nos Piliers d'Excellence Chez Energycle, nous ne construisons pas seulement des machines ; nous concevons des solutions pour un avenir \u00e0 boucle ferm\u00e9e. Notre technologie est \u2026 <a href=\"https:\/\/www.energycle.com\/fr\/a-propos-de-nous\/\" class=\"more-link\">Continuer \u00e0 lire <span class=\"screen-reader-text\">\u00c0 propos de nous<\/span><\/a><\/p>","protected":false},"author":1,"featured_media":0,"parent":0,"menu_order":8,"comment_status":"closed","ping_status":"closed","template":"","meta":{"footnotes":""},"class_list":["post-10575","page","type-page","status-publish","hentry"],"tsf_seo":{"title":"\u00c0 propos de nous","description":"Energycle fa\u00e7onne l&#039;avenir de l&#039;\u00e9conomie circulaire gr\u00e2ce \u00e0 des solutions cl\u00e9s en main de recyclage du plastique. Des broyeurs et lignes de lavage haute performance aux syst\u00e8mes de granulation avanc\u00e9s, nous offrons une excellence mondiale en mati\u00e8re de recyclage du PE, du PP et du PET.","robots":"index, follow","canonical":"https:\/\/www.energycle.com\/fr\/a-propos-de-nous\/","og_title":"About Us","og_description":"Energycle engineers the future of the circular economy with turnkey plastic recycling solutions. From high-performance shredders and washing lines to advanced pelletizing systems, we deliver global excellence for PE, PP, and PET recycling.","og_image":""},"_links":{"self":[{"href":"https:\/\/www.energycle.com\/fr\/wp-json\/wp\/v2\/pages\/10575","targetHints":{"allow":["GET"]}}],"collection":[{"href":"https:\/\/www.energycle.com\/fr\/wp-json\/wp\/v2\/pages"}],"about":[{"href":"https:\/\/www.energycle.com\/fr\/wp-json\/wp\/v2\/types\/page"}],"author":[{"embeddable":true,"href":"https:\/\/www.energycle.com\/fr\/wp-json\/wp\/v2\/users\/1"}],"replies":[{"embeddable":true,"href":"https:\/\/www.energycle.com\/fr\/wp-json\/wp\/v2\/comments?post=10575"}],"version-history":[{"count":0,"href":"https:\/\/www.energycle.com\/fr\/wp-json\/wp\/v2\/pages\/10575\/revisions"}],"wp:attachment":[{"href":"https:\/\/www.energycle.com\/fr\/wp-json\/wp\/v2\/media?parent=10575"}],"curies":[{"name":"wp","href":"https:\/\/api.w.org\/{rel}","templated":true}]}}