{"id":18598,"date":"2026-04-21T03:49:42","date_gmt":"2026-04-21T01:49:42","guid":{"rendered":"https:\/\/www.energycle.com\/industrial-balers\/quick-lock-galvanized-steel-baling-wires\/"},"modified":"2026-04-21T04:57:27","modified_gmt":"2026-04-21T02:57:27","slug":"fils-de-mise-en-balles-en-acier-galvanise-a-verrouillage-rapide","status":"publish","type":"page","link":"https:\/\/www.energycle.com\/fr\/presses-a-balles\/fils-de-mise-en-balles-en-acier-galvanise-a-verrouillage-rapide\/","title":{"rendered":"Tresse de soudure galvanis\u00e9e Quick-Lock"},"content":{"rendered":"<p><strong>Fils de mise en balles en acier galvanis\u00e9 \u00e0 verrouillage rapide : la solution facile<\/strong><\/p>\n\n\n\n<!--more-->\n\n\n\n<p>Le fil de pressage Quick-Lock offre une solution plus s\u00fbre et plus rapide pour optimiser vos op\u00e9rations de pressage. Ce fil \u00e9limine le besoin d&#039;outils ou de scell\u00e9s, simplifiant ainsi le processus.<\/p>\n\n\n\n<h2 class=\"wp-block-heading\"><strong>Comment \u00e7a marche<\/strong><\/h2>\n\n\n\n<p>Pour utiliser le fil de mise en balles Quick-Lock, suivez ces \u00e9tapes simples\u00a0:<\/p>\n\n\n\n<p>1. Assemblez les extr\u00e9mit\u00e9s \u00e0 la main, sans aucun outil.<\/p>\n\n\n\n<p>2. Rassemblez les boucles pour former un \u00ab\u00a08\u00a0\u00bb s\u00e9curis\u00e9.<\/p>\n\n\n\n<p>3. Et voil\u00e0, votre balle est solidement attach\u00e9e en quelques secondes\u00a0!<\/p>\n\n\n\n<h2 class=\"wp-block-heading\"><strong>Avantages du fil de mise en balles \u00e0 verrouillage rapide<\/strong><\/h2>\n\n\n\n<p>\u2022 <strong>Fonctionnement sans outil :<\/strong> Aucun \u00e9quipement ni joint suppl\u00e9mentaire n&#039;est n\u00e9cessaire.<\/p>\n\n\n\n<p>\u2022 <strong>Taille uniforme des balles :<\/strong> Les liens pr\u00e9d\u00e9coup\u00e9s \u00ab coup\u00e9s \u00e0 longueur \u00bb garantissent des dimensions de balles uniformes.<\/p>\n\n\n\n<p>\u2022 <strong>Tailles personnalis\u00e9es disponibles\u00a0:<\/strong> Commandez facilement des fils adapt\u00e9s \u00e0 vos besoins sp\u00e9cifiques.<\/p>\n\n\n\n<p>Les fils de pressage Quick-Lock sont con\u00e7us pour gagner du temps et am\u00e9liorer l&#039;efficacit\u00e9 tout en garantissant la s\u00e9curit\u00e9 pendant le pressage.<\/p>","protected":false},"excerpt":{"rendered":"<p>Fils de mise en balles en acier galvanis\u00e9 \u00e0 verrouillage rapide : la solution facile<\/p>","protected":false},"author":1,"featured_media":12291,"parent":7770,"menu_order":0,"comment_status":"open","ping_status":"open","template":"","meta":{"footnotes":""},"class_list":["post-18598","page","type-page","status-publish","has-post-thumbnail","hentry"],"tsf_seo":{"title":"Tresse de soudure galvanis\u00e9e Quick-Lock","description":"Tresse de soudure galvanis\u00e9e \u00e0 verrouillage rapide pour les baliseuses horizontales et verticales. Tresse de liage robuste et r\u00e9sistante \u00e0 la corrosion pour le papier, le carton, les bouteilles en PET et les bo\u00eetes en conserve.","robots":"index, follow","canonical":"https:\/\/www.energycle.com\/fr\/presses-a-balles\/fils-de-mise-en-balles-en-acier-galvanise-a-verrouillage-rapide\/","og_title":"Quick-Lock Galvanized Baling Wire","og_description":"Quick-lock galvanized baling wire for horizontal and vertical balers. Strong, corrosion-resistant bale tying wire for paper, cardboard, PET bottles, and cans.","og_image":"https:\/\/www.energycle.com\/wp-content\/uploads\/2025\/01\/Quick-Lock-Galvanized-Steel-Baling-Wires.webp"},"_links":{"self":[{"href":"https:\/\/www.energycle.com\/fr\/wp-json\/wp\/v2\/pages\/18598","targetHints":{"allow":["GET"]}}],"collection":[{"href":"https:\/\/www.energycle.com\/fr\/wp-json\/wp\/v2\/pages"}],"about":[{"href":"https:\/\/www.energycle.com\/fr\/wp-json\/wp\/v2\/types\/page"}],"author":[{"embeddable":true,"href":"https:\/\/www.energycle.com\/fr\/wp-json\/wp\/v2\/users\/1"}],"replies":[{"embeddable":true,"href":"https:\/\/www.energycle.com\/fr\/wp-json\/wp\/v2\/comments?post=18598"}],"version-history":[{"count":1,"href":"https:\/\/www.energycle.com\/fr\/wp-json\/wp\/v2\/pages\/18598\/revisions"}],"predecessor-version":[{"id":18617,"href":"https:\/\/www.energycle.com\/fr\/wp-json\/wp\/v2\/pages\/18598\/revisions\/18617"}],"up":[{"embeddable":true,"href":"https:\/\/www.energycle.com\/fr\/wp-json\/wp\/v2\/pages\/7770"}],"wp:featuredmedia":[{"embeddable":true,"href":"https:\/\/www.energycle.com\/fr\/wp-json\/wp\/v2\/media\/12291"}],"wp:attachment":[{"href":"https:\/\/www.energycle.com\/fr\/wp-json\/wp\/v2\/media?parent=18598"}],"curies":[{"name":"wp","href":"https:\/\/api.w.org\/{rel}","templated":true}]}}