{"id":7318,"date":"2025-02-24T07:53:56","date_gmt":"2025-02-24T06:53:56","guid":{"rendered":"https:\/\/recyclemachine.net\/?page_id=7318"},"modified":"2026-04-04T05:46:32","modified_gmt":"2026-04-04T03:46:32","slug":"brochure-produit","status":"publish","type":"page","link":"https:\/\/www.energycle.com\/fr\/brochure-produit\/","title":{"rendered":"Brochure produit"},"content":{"rendered":"<div style=\"position:relative;padding-top:max(60%,324px);width:100%;height:0;\"><iframe style=\"position:absolute;border:none;width:100%;height:100%;left:0;top:0;\" src=\"https:\/\/online.fliphtml5.com\/Energycle\/nvbk\/index.html\" title=\"Brochure de produit Energycle\" seamless=\"seamless\" scrolling=\"no\" frameborder=\"0\" allowtransparency=\"true\" allowfullscreen=\"true\" ><\/iframe><\/div>","protected":false},"excerpt":{"rendered":"","protected":false},"author":1,"featured_media":0,"parent":0,"menu_order":0,"comment_status":"closed","ping_status":"closed","template":"","meta":{"footnotes":""},"class_list":["post-7318","page","type-page","status-publish","hentry"],"tsf_seo":{"title":"Brochure sur les Machines de Recyclage de Plastique | Machine Energycle","description":"T\u00e9l\u00e9chargez la brochure officielle de la Machine Energycle pour d\u00e9couvrir notre gamme compl\u00e8te de solutions de recyclage des plastiques. D\u00e9couvrez nos concasseurs, lignes de lavage et syst\u00e8mes de granulation, con\u00e7us pour une efficacit\u00e9 et une fiabilit\u00e9 maximales.","robots":"index, follow","canonical":"https:\/\/www.energycle.com\/fr\/brochure-produit\/","og_title":"Plastic Recycling Machinery Brochure | Energycle Machine","og_description":"Download the official Energycle Machine brochure to explore our full line of plastic recycling solutions. Discover our shredders, washing lines, and pelletizing systems, engineered for maximum efficiency and reliability.","og_image":""},"_links":{"self":[{"href":"https:\/\/www.energycle.com\/fr\/wp-json\/wp\/v2\/pages\/7318","targetHints":{"allow":["GET"]}}],"collection":[{"href":"https:\/\/www.energycle.com\/fr\/wp-json\/wp\/v2\/pages"}],"about":[{"href":"https:\/\/www.energycle.com\/fr\/wp-json\/wp\/v2\/types\/page"}],"author":[{"embeddable":true,"href":"https:\/\/www.energycle.com\/fr\/wp-json\/wp\/v2\/users\/1"}],"replies":[{"embeddable":true,"href":"https:\/\/www.energycle.com\/fr\/wp-json\/wp\/v2\/comments?post=7318"}],"version-history":[{"count":1,"href":"https:\/\/www.energycle.com\/fr\/wp-json\/wp\/v2\/pages\/7318\/revisions"}],"predecessor-version":[{"id":18330,"href":"https:\/\/www.energycle.com\/fr\/wp-json\/wp\/v2\/pages\/7318\/revisions\/18330"}],"wp:attachment":[{"href":"https:\/\/www.energycle.com\/fr\/wp-json\/wp\/v2\/media?parent=7318"}],"curies":[{"name":"wp","href":"https:\/\/api.w.org\/{rel}","templated":true}]}}