{"id":18598,"date":"2026-04-21T03:49:42","date_gmt":"2026-04-21T01:49:42","guid":{"rendered":"https:\/\/www.energycle.com\/industrial-balers\/quick-lock-galvanized-steel-baling-wires\/"},"modified":"2026-04-21T04:57:27","modified_gmt":"2026-04-21T02:57:27","slug":"zice-za-baliranje-od-pocincanog-celika-s-brzim-zakljucavanjem","status":"publish","type":"page","link":"https:\/\/www.energycle.com\/hr\/industrijske-balirke\/zice-za-baliranje-od-pocincanog-celika-s-brzim-zakljucavanjem\/","title":{"rendered":"Brzi zaklju\u010dni otkovani \u017ei\u010dni vez"},"content":{"rendered":"<p><strong>Quick-Lock pocin\u010dane \u010deli\u010dne \u017eice za baliranje: jednostavno rje\u0161enje<\/strong><\/p>\n\n\n\n<!--more-->\n\n\n\n<p>\u017dica za baliranje Quick-Lock pru\u017ea sigurniji i br\u017ei na\u010din za pojednostavljenje va\u0161ih operacija baliranja. Ove \u017eice eliminiraju potrebu za alatima ili brtvama, \u010dine\u0107i proces bez muke.<\/p>\n\n\n\n<h2 class=\"wp-block-heading\"><strong>Kako to radi<\/strong><\/h2>\n\n\n\n<p>Za kori\u0161tenje Quick-Lock \u017eice za baliranje slijedite ove jednostavne korake:<\/p>\n\n\n\n<p>1. Ru\u010dno spojite krajeve\u2014nije potreban nikakav alat.<\/p>\n\n\n\n<p>2. Povucite petlje zajedno kako biste formirali \u010dvrstu &quot;osmicu&quot;.\u201c<\/p>\n\n\n\n<p>3. To je to\u2014va\u0161a bala je sigurno vezana za nekoliko sekundi!<\/p>\n\n\n\n<h2 class=\"wp-block-heading\"><strong>Prednosti Quick-Lock \u017eice za baliranje<\/strong><\/h2>\n\n\n\n<p>\u2022 <strong>Rad bez alata:<\/strong> Nema potrebe za dodatnom opremom ili brtvama.<\/p>\n\n\n\n<p>\u2022 <strong>Uniformna veli\u010dina bale:<\/strong> Unaprijed izrezane vezice &quot;rezane po duljini&quot; osiguravaju dosljedne dimenzije bale.<\/p>\n\n\n\n<p>\u2022 <strong>Dostupne prilago\u0111ene veli\u010dine:<\/strong> Jednostavno naru\u010dite \u017eice prilago\u0111ene va\u0161im specifi\u010dnim potrebama.<\/p>\n\n\n\n<p>Quick-Lock \u017eice za baliranje dizajnirane su za u\u0161tedu vremena i pobolj\u0161anje u\u010dinkovitosti uz odr\u017eavanje sigurnosti tijekom baliranja.<\/p>","protected":false},"excerpt":{"rendered":"<p>Quick-Lock pocin\u010dane \u010deli\u010dne \u017eice za baliranje: jednostavno rje\u0161enje<\/p>","protected":false},"author":1,"featured_media":12291,"parent":7770,"menu_order":0,"comment_status":"open","ping_status":"open","template":"","meta":{"footnotes":""},"class_list":["post-18598","page","type-page","status-publish","has-post-thumbnail","hentry"],"tsf_seo":{"title":"Brzi zaklju\u010dni otkovani \u017ei\u010dni vez","description":"Brzi zaklju\u010dni oksidirani \u017ei\u010dani veziv za vodoravne i okomite baler. Sna\u017ena, korozija otporna vezivna \u017eica za papir, karton, PET bo\u0107ice i kante.","robots":"index, follow","canonical":"https:\/\/www.energycle.com\/hr\/industrijske-balirke\/zice-za-baliranje-od-pocincanog-celika-s-brzim-zakljucavanjem\/","og_title":"Quick-Lock Galvanized Baling Wire","og_description":"Quick-lock galvanized baling wire for horizontal and vertical balers. Strong, corrosion-resistant bale tying wire for paper, cardboard, PET bottles, and cans.","og_image":"https:\/\/www.energycle.com\/wp-content\/uploads\/2025\/01\/Quick-Lock-Galvanized-Steel-Baling-Wires.webp"},"_links":{"self":[{"href":"https:\/\/www.energycle.com\/hr\/wp-json\/wp\/v2\/pages\/18598","targetHints":{"allow":["GET"]}}],"collection":[{"href":"https:\/\/www.energycle.com\/hr\/wp-json\/wp\/v2\/pages"}],"about":[{"href":"https:\/\/www.energycle.com\/hr\/wp-json\/wp\/v2\/types\/page"}],"author":[{"embeddable":true,"href":"https:\/\/www.energycle.com\/hr\/wp-json\/wp\/v2\/users\/1"}],"replies":[{"embeddable":true,"href":"https:\/\/www.energycle.com\/hr\/wp-json\/wp\/v2\/comments?post=18598"}],"version-history":[{"count":1,"href":"https:\/\/www.energycle.com\/hr\/wp-json\/wp\/v2\/pages\/18598\/revisions"}],"predecessor-version":[{"id":18617,"href":"https:\/\/www.energycle.com\/hr\/wp-json\/wp\/v2\/pages\/18598\/revisions\/18617"}],"up":[{"embeddable":true,"href":"https:\/\/www.energycle.com\/hr\/wp-json\/wp\/v2\/pages\/7770"}],"wp:featuredmedia":[{"embeddable":true,"href":"https:\/\/www.energycle.com\/hr\/wp-json\/wp\/v2\/media\/12291"}],"wp:attachment":[{"href":"https:\/\/www.energycle.com\/hr\/wp-json\/wp\/v2\/media?parent=18598"}],"curies":[{"name":"radni list","href":"https:\/\/api.w.org\/{rel}","templated":true}]}}