{"id":18598,"date":"2026-04-21T03:49:42","date_gmt":"2026-04-21T01:49:42","guid":{"rendered":"https:\/\/www.energycle.com\/industrial-balers\/quick-lock-galvanized-steel-baling-wires\/"},"modified":"2026-04-21T04:57:27","modified_gmt":"2026-04-21T02:57:27","slug":"gyorszaras-horganyzott-acel-balazohuzalok","status":"publish","type":"page","link":"https:\/\/www.energycle.com\/hu\/ipari-balazok\/gyorszaras-horganyzott-acel-balazohuzalok\/","title":{"rendered":"Gyorscsatol\u00f3s Rozsdamentes Balap\u00e1nc\u00e9lsz\u00e1l"},"content":{"rendered":"<p><strong>Gyorsz\u00e1ras horganyzott ac\u00e9l b\u00e1l\u00e1z\u00f3huzalok: Az egyszer\u0171 megold\u00e1s<\/strong><\/p>\n\n\n\n<!--more-->\n\n\n\n<p>A Quick-Lock b\u00e1l\u00e1z\u00f3 dr\u00f3t biztons\u00e1gosabb \u00e9s gyorsabb m\u00f3dot k\u00edn\u00e1l a b\u00e1l\u00e1z\u00e1si m\u0171veletek egyszer\u0171s\u00edt\u00e9s\u00e9re. Ezek a dr\u00f3tok sz\u00fcks\u00e9gtelenn\u00e9 teszik a szersz\u00e1mokat vagy a t\u00f6m\u00edt\u00e9seket, \u00edgy a folyamat gondtalan.<\/p>\n\n\n\n<h2 class=\"wp-block-heading\"><strong>Hogyan m\u0171k\u00f6dik<\/strong><\/h2>\n\n\n\n<p>A Quick-Lock b\u00e1l\u00e1z\u00f3huzal haszn\u00e1lat\u00e1hoz k\u00f6vesse az al\u00e1bbi egyszer\u0171 l\u00e9p\u00e9seket:<\/p>\n\n\n\n<p>1. K\u00e9zzel pattintsd \u00f6ssze a v\u00e9geket \u2013 szersz\u00e1m nem sz\u00fcks\u00e9ges hozz\u00e1.<\/p>\n\n\n\n<p>2. H\u00fazd \u00f6ssze a hurkokat, hogy egy biztons\u00e1gos \u201enyolcas alak\u00fa\u201d alakot alkossanak.<\/p>\n\n\n\n<p>3. K\u00e9sz is \u2013 a b\u00e1l\u00e1d m\u00e1sodpercek alatt biztons\u00e1gosan meg van k\u00f6tve!<\/p>\n\n\n\n<h2 class=\"wp-block-heading\"><strong>A gyorsz\u00e1ras b\u00e1l\u00e1z\u00f3huzal el\u0151nyei<\/strong><\/h2>\n\n\n\n<p>\u2022 <strong>Szersz\u00e1mmentes m\u0171k\u00f6d\u00e9s:<\/strong> Nincs sz\u00fcks\u00e9g tov\u00e1bbi felszerel\u00e9sre vagy t\u00f6m\u00edt\u00e9sekre.<\/p>\n\n\n\n<p>\u2022 <strong>Egys\u00e9ges b\u00e1lam\u00e9ret:<\/strong> Az el\u0151re v\u00e1gott \u201em\u00e9retre v\u00e1gott\u201d k\u00f6t\u00f6z\u0151k biztos\u00edtj\u00e1k az \u00e1lland\u00f3 b\u00e1lam\u00e9reteket.<\/p>\n\n\n\n<p>\u2022 <strong>Egyedi m\u00e9retek el\u00e9rhet\u0151k:<\/strong> Rendeljen egyszer\u0171en az \u00d6n ig\u00e9nyeire szabott vezet\u00e9keket.<\/p>\n\n\n\n<p>A Quick-Lock b\u00e1l\u00e1z\u00f3huzalok id\u0151t takar\u00edtanak meg \u00e9s jav\u00edtj\u00e1k a hat\u00e9konys\u00e1got, mik\u00f6zben a b\u00e1l\u00e1z\u00e1s sor\u00e1n biztons\u00e1got ny\u00fajtanak.<\/p>","protected":false},"excerpt":{"rendered":"<p>Gyorsz\u00e1ras horganyzott ac\u00e9l b\u00e1l\u00e1z\u00f3huzalok: Az egyszer\u0171 megold\u00e1s<\/p>","protected":false},"author":1,"featured_media":12291,"parent":7770,"menu_order":0,"comment_status":"open","ping_status":"open","template":"","meta":{"footnotes":""},"class_list":["post-18598","page","type-page","status-publish","has-post-thumbnail","hentry"],"tsf_seo":{"title":"Gyorscsatol\u00f3s Rozsdamentes Balap\u00e1nc\u00e9lsz\u00e1l","description":"Gyorscsatol\u00f3s rozsdamentes b\u00e1dogos k\u00f6t\u0151sz\u00e1l v\u00edzszintes \u00e9s f\u00fcgg\u0151leges b\u00e1dogoz\u00f3 g\u00e9pekhez. Er\u0151s, rozsdamentes k\u00f6t\u0151sz\u00e1l pap\u00edr, karton, PET palackok \u00e9s kann\u00e1k k\u00f6t\u00f6z\u00e9s\u00e9re.","robots":"index, follow","canonical":"https:\/\/www.energycle.com\/hu\/ipari-balazok\/gyorszaras-horganyzott-acel-balazohuzalok\/","og_title":"Quick-Lock Galvanized Baling Wire","og_description":"Quick-lock galvanized baling wire for horizontal and vertical balers. Strong, corrosion-resistant bale tying wire for paper, cardboard, PET bottles, and cans.","og_image":"https:\/\/www.energycle.com\/wp-content\/uploads\/2025\/01\/Quick-Lock-Galvanized-Steel-Baling-Wires.webp"},"_links":{"self":[{"href":"https:\/\/www.energycle.com\/hu\/wp-json\/wp\/v2\/pages\/18598","targetHints":{"allow":["GET"]}}],"collection":[{"href":"https:\/\/www.energycle.com\/hu\/wp-json\/wp\/v2\/pages"}],"about":[{"href":"https:\/\/www.energycle.com\/hu\/wp-json\/wp\/v2\/types\/page"}],"author":[{"embeddable":true,"href":"https:\/\/www.energycle.com\/hu\/wp-json\/wp\/v2\/users\/1"}],"replies":[{"embeddable":true,"href":"https:\/\/www.energycle.com\/hu\/wp-json\/wp\/v2\/comments?post=18598"}],"version-history":[{"count":1,"href":"https:\/\/www.energycle.com\/hu\/wp-json\/wp\/v2\/pages\/18598\/revisions"}],"predecessor-version":[{"id":18617,"href":"https:\/\/www.energycle.com\/hu\/wp-json\/wp\/v2\/pages\/18598\/revisions\/18617"}],"up":[{"embeddable":true,"href":"https:\/\/www.energycle.com\/hu\/wp-json\/wp\/v2\/pages\/7770"}],"wp:featuredmedia":[{"embeddable":true,"href":"https:\/\/www.energycle.com\/hu\/wp-json\/wp\/v2\/media\/12291"}],"wp:attachment":[{"href":"https:\/\/www.energycle.com\/hu\/wp-json\/wp\/v2\/media?parent=18598"}],"curies":[{"name":"munkaf\u00fczet","href":"https:\/\/api.w.org\/{rel}","templated":true}]}}