{"id":3,"date":"2024-10-26T08:27:14","date_gmt":"2024-10-26T06:27:14","guid":{"rendered":"http:\/\/energycle.com\/?page_id=3"},"modified":"2026-04-21T08:27:13","modified_gmt":"2026-04-21T06:27:13","slug":"adatvedelmi-iranyelvek","status":"publish","type":"page","link":"https:\/\/www.energycle.com\/hu\/adatvedelmi-iranyelvek\/","title":{"rendered":"Adatv\u00e9delmi ir\u00e1nyelvek"},"content":{"rendered":"<div class=\"energycle-privacy-page\" style=\"background:#ffffff; padding:48px 20px 72px;\">\n  <div style=\"max-width:1200px; margin:0 auto; color:#1f2937; line-height:1.8;\">\n    <section style=\"margin-bottom:40px; border-bottom:1px solid #e5e7eb; padding-bottom:24px;\">\n      <p style=\"margin:0 0 12px; font-size:13px; letter-spacing:0.08em; text-transform:uppercase; color:#6b7280;\">Energycle<\/p>\n      <h1 style=\"margin:0 0 14px; font-size:42px; line-height:1.2; font-weight:700; color:#111827;\">Adatv\u00e9delmi ir\u00e1nyelvek<\/h1>\n      <p style=\"margin:0; font-size:16px; color:#4b5563; max-width:900px;\">Ez a Mag\u00e1npolitika magyar\u00e1zatot ad arra, hogy milyen inform\u00e1ci\u00f3kat gy\u0171jt\u00fcnk, hogyan haszn\u00e1ljuk azokat, hogyan v\u00e9dj\u00fck azokat, \u00e9s milyen lehet\u0151s\u00e9gek \u00e1llnak rendelkez\u00e9sre, amikor a Energycle weboldal\u00e1t \u00e9s kapcsol\u00f3d\u00f3 szolg\u00e1ltat\u00e1sokat haszn\u00e1lja.<\/p>\n      <p style=\"margin:16px 0 0; font-size:14px; color:#6b7280;\"><strong>Legut\u00f3bbi friss\u00edt\u00e9s:<\/strong> 2024. m\u00e1jus 1.<\/p>\n    <\/section>\n\n    <section style=\"margin-bottom:28px;\">\n      <h2 style=\"margin:0 0 12px; font-size:26px; line-height:1.3; color:#111827;\">1. Gy\u0171jt\u00f6tt inform\u00e1ci\u00f3k<\/h2>\n      <p style=\"margin:0 0 12px;\">Szem\u00e9lyes inform\u00e1ci\u00f3kat gy\u0171jthet\u00fcnk, amikor kapcsolatba l\u00e9p vel\u00fcnk, \u0171rlapot t\u00f6lt ki, \u00e1raj\u00e1nlatot k\u00e9r, friss\u00edt\u00e9seket feliratkozik, rendel\u00e9st helyez el, vagy egy\u00e9b m\u00f3don interakci\u00f3ba l\u00e9p a weboldalunkkal. Az adott helyzet f\u00fcggv\u00e9ny\u00e9ben az inform\u00e1ci\u00f3k k\u00f6z\u00f6tt szerepelhetnek a neve, e-mail c\u00edme, telefonsz\u00e1ma, v\u00e1llalatneve, levelez\u00e9si c\u00edme \u00e9s m\u00e1s, \u00d6n \u00e1ltal megadott r\u00e9szletek.<\/p>\n      <p style=\"margin:0;\">Egyes weboldalr\u00e9szeket is n\u00e9vtelen\u00fcl b\u00f6ng\u00e9szhet. Emellett gy\u0171jthet\u00fcnk nem szem\u00e9lyes inform\u00e1ci\u00f3kat, mint p\u00e9ld\u00e1ul a b\u00f6ng\u00e9sz\u0151 t\u00edpusa, eszk\u00f6zinform\u00e1ci\u00f3k, l\u00e1togatott oldalak \u00e9s \u00e1ltal\u00e1nos haszn\u00e1lati adatok a weboldal teljes\u00edtm\u00e9ny\u00e9nek \u00e9s felhaszn\u00e1l\u00f3i \u00e9lm\u00e9ny\u00e9nek jav\u00edt\u00e1sa \u00e9rdek\u00e9ben.<\/p>\n    <\/section>\n\n    <section style=\"margin-bottom:28px;\">\n      <h2 style=\"margin:0 0 12px; font-size:26px; line-height:1.3; color:#111827;\">2. Az inform\u00e1ci\u00f3k haszn\u00e1lat\u00e1nak m\u00f3dja<\/h2>\n      <p style=\"margin:0 0 12px;\">A gy\u0171jt\u00f6tt inform\u00e1ci\u00f3kat jogszer\u0171 \u00fczleti c\u00e9lokra haszn\u00e1ljuk, bele\u00e9rtve:<\/p>\n      <ul style=\"margin:0; padding-left:22px; color:#374151;\">\n        <li style=\"margin:0 0 8px;\">v\u00e1laszolni a megkeres\u00e9sekre \u00e9s \u00fcgyf\u00e9lszolg\u00e1latot ny\u00fajtani;<\/li>\n        <li style=\"margin:0 0 8px;\">\u00e1raj\u00e1nlatok k\u00e9sz\u00edt\u00e9se, rendel\u00e9sek feldolgoz\u00e1sa \u00e9s k\u00e9rt term\u00e9kek vagy szolg\u00e1ltat\u00e1sok sz\u00e1ll\u00edt\u00e1sa;<\/li>\n        <li style=\"margin:0 0 8px;\">a weboldal tartalm\u00e1nak, funkci\u00f3j\u00e1nak \u00e9s szolg\u00e1ltat\u00e1s min\u0151s\u00e9g\u00e9nek jav\u00edt\u00e1sa;<\/li>\n        <li style=\"margin:0 0 8px;\">friss\u00edt\u00e9sek, szolg\u00e1ltat\u00e1si \u00e9rtes\u00edt\u00e9sek vagy marketing kommunik\u00e1ci\u00f3k k\u00fcld\u00e9se, ha erre enged\u00e9lyt adott;<\/li>\n        <li style=\"margin:0;\">a biztons\u00e1g fenntart\u00e1sa, vissza\u00e9l\u00e9s megel\u0151z\u00e9se \u00e9s jogi k\u00f6telezetts\u00e9gek betart\u00e1sa.<\/li>\n      <\/ul>\n    <\/section>\n\n    <section style=\"margin-bottom:28px;\">\n      <h2 style=\"margin:0 0 12px; font-size:26px; line-height:1.3; color:#111827;\">3. S\u00fctik \u00e9s nyomonk\u00f6vet\u00e9si technol\u00f3gi\u00e1k<\/h2>\n      <p style=\"margin:0 0 12px;\">A weboldalunk s\u00fctiket \u00e9s hasonl\u00f3 technol\u00f3gi\u00e1kat haszn\u00e1lhat eml\u00e9kezni a be\u00e1ll\u00edt\u00e1sokra, meg\u00e9rteni, hogyan haszn\u00e1lj\u00e1k a l\u00e1togat\u00f3k a weboldalt, m\u00e9rni a forgalmat \u00e9s jav\u00edtani a teljes\u00edtm\u00e9nyt. A s\u00fctik a b\u00f6ng\u00e9sz\u0151je \u00e1ltal a k\u00e9sz\u00fcl\u00e9k\u00e9n t\u00e1rolt kis f\u00e1jlok.<\/p>\n      <p style=\"margin:0;\">N\u00e9h\u00e1ny harmadik f\u00e9l eszk\u00f6z vagy hirdet\u00e9si partner is haszn\u00e1lhat s\u00fctiket vagy hasonl\u00f3 technol\u00f3gi\u00e1kat saj\u00e1t politik\u00e1iknak megfelel\u0151en. \u00c1ltal\u00e1ban a s\u00fctiket vagy a s\u00fctiket lehets\u00e9ges kezelni vagy letiltani a b\u00f6ng\u00e9sz\u0151 be\u00e1ll\u00edt\u00e1saiban, b\u00e1r ez befoly\u00e1solhatja bizonyos weboldali funkci\u00f3kat.<\/p>\n    <\/section>\n\n    <section style=\"margin-bottom:28px;\">\n      <h2 style=\"margin:0 0 12px; font-size:26px; line-height:1.3; color:#111827;\">4. Megoszt\u00e1s \u00e9s felfedez\u00e9s<\/h2>\n      <p style=\"margin:0 0 12px;\">Szem\u00e9lyes inform\u00e1ci\u00f3it nem \u00e9rt\u00e9kes\u00edtj\u00fck. Inform\u00e1ci\u00f3kat csak akkor oszthatunk meg, ha az \u00fczleti m\u0171k\u00f6d\u00e9s\u00fcnk \u00e9s weboldalunk m\u0171k\u00f6dtet\u00e9s\u00e9hez sz\u00fcks\u00e9ges, p\u00e9ld\u00e1ul megb\u00edzhat\u00f3 szolg\u00e1ltat\u00f3k, technikai partnerek, vagy a k\u00e9rt szolg\u00e1ltat\u00e1sok sz\u00e1ll\u00edt\u00e1s\u00e1ban seg\u00edt\u0151k logisztikai \u00e9s fizet\u00e9si kapcsol\u00f3d\u00f3 partnerekkel.<\/p>\n      <p style=\"margin:0;\">Inform\u00e1ci\u00f3t is felfedezhet\u00fcnk, ha jogszab\u00e1ly \u00e1ltal k\u00f6telezettek vagy a felt\u00e9teleink \u00e9rv\u00e9nyes\u00edt\u00e9s\u00e9hez, vagy a jogaink, biztons\u00e1ga, vagyona, \u00fcgyfelei vagy a nyilv\u00e1noss\u00e1g v\u00e9delme \u00e9rdek\u00e9ben.<\/p>\n    <\/section>\n\n    <section style=\"margin-bottom:28px;\">\n      <h2 style=\"margin:0 0 12px; font-size:26px; line-height:1.3; color:#111827;\">5. Adatbiztons\u00e1g<\/h2>\n      <p style=\"margin:0 0 12px;\">Megfelel\u0151 adminisztrat\u00edv, technikai \u00e9s szervezeti int\u00e9zked\u00e9seket hozunk szem\u00e9lyes inform\u00e1ci\u00f3k v\u00e9delme \u00e9rdek\u00e9ben az enged\u00e9lytelen hozz\u00e1f\u00e9r\u00e9s, felfedez\u00e9s, m\u00f3dos\u00edt\u00e1s vagy megsemmis\u00edt\u00e9s ellen. Szenzit\u00edv adat\u00e1tvitel eset\u00e9n titkos\u00edt\u00e1si technol\u00f3gi\u00e1kat, mint p\u00e9ld\u00e1ul az SSL-t haszn\u00e1lhatunk a v\u00e9delem biztos\u00edt\u00e1sa \u00e9rdek\u00e9ben.<\/p>\n      <p style=\"margin:0;\">Azonban nincs olyan m\u00f3dszer az internetes \u00e1tvitel vagy az elektronikus t\u00e1rol\u00e1s ter\u00e9n, amely teljesen biztons\u00e1gos, \u00edgy nem tudunk garant\u00e1lni az abszol\u00fat biztons\u00e1got.<\/p>\n    <\/section>\n\n    <section style=\"margin-bottom:28px;\">\n      <h2 style=\"margin:0 0 12px; font-size:26px; line-height:1.3; color:#111827;\">6. Harmadik f\u00e9l linkek<\/h2>\n      <p style=\"margin:0;\">A weboldalunk tartalmazhat linkeket harmadik f\u00e9l weboldalaira vagy szolg\u00e1ltat\u00e1saira. Ezek az \u00f6n\u00e1ll\u00f3 m\u0171k\u00f6d\u0151 weboldalak \u00e9s saj\u00e1t mag\u00e1npolitik\u00e1ikat is megtekinthetik. Nem vagyunk felel\u0151sek a harmadik f\u00e9l weboldalainak tartalm\u00e1\u00e9rt, gyakorlatai\u00e9rt vagy mag\u00e1npolitika szabv\u00e1nyai\u00e9rt.<\/p>\n    <\/section>\n\n    <section style=\"margin-bottom:28px;\">\n      <h2 style=\"margin:0 0 12px; font-size:26px; line-height:1.3; color:#111827;\">7. Gyerekek mag\u00e1n\u00e9lete<\/h2>\n      <p style=\"margin:0;\">A weboldalunk, term\u00e9keink \u00e9s szolg\u00e1ltat\u00e1saink nem ir\u00e1nyulnak 13 \u00e9vn\u00e9l fiatalabb gyermekek fel\u00e9, \u00e9s nem gy\u0171jtj\u00fck \u00f6ssze a 13 \u00e9vn\u00e9l fiatalabb gyermekek szem\u00e9lyes inform\u00e1ci\u00f3it.<\/p>\n    <\/section>\n\n    <section style=\"margin-bottom:28px;\">\n      <h2 style=\"margin:0 0 12px; font-size:26px; line-height:1.3; color:#111827;\">8. Hozz\u00e1j\u00e1rul\u00e1s<\/h2>\n      <p style=\"margin:0;\">Ez a weboldal haszn\u00e1latakor hozz\u00e1j\u00e1rul a mag\u00e1npolitika \u00e9s az itt le\u00edrt inform\u00e1ci\u00f3s gyakorlatok elfogad\u00e1s\u00e1hoz.<\/p>\n    <\/section>\n\n    <section style=\"margin-bottom:28px;\">\n      <h2 style=\"margin:0 0 12px; font-size:26px; line-height:1.3; color:#111827;\">9. Politika friss\u00edt\u00e9sek<\/h2>\n      <p style=\"margin:0;\">Ez a mag\u00e1npolitika id\u0151r\u0151l id\u0151re megv\u00e1ltozhat. B\u00e1rmely friss\u00edt\u00e9s itt ker\u00fcl megjelen\u00edt\u00e9sre, \u00e9s a m\u00f3dos\u00edtott verzi\u00f3 hat\u00e1lyba l\u00e9p, miut\u00e1n kiadatott.<\/p>\n    <\/section>\n\n    <section style=\"margin-bottom:0; background:#f9fafb; border:1px solid #e5e7eb; border-radius:16px; padding:24px;\">\n      <h2 style=\"margin:0 0 12px; font-size:24px; line-height:1.3; color:#111827;\">10. Kapcsolat<\/h2>\n      <p style=\"margin:0 0 10px;\">Ha k\u00e9rd\u00e9sei vannak ezen Adatv\u00e9delmi Nyilatkozat vonatkoz\u00e1s\u00e1ban vagy arr\u00f3l, hogyan kezelj\u00fck az inform\u00e1ci\u00f3it, k\u00e9rj\u00fck, l\u00e9pjen kapcsolatba vel\u00fcnk a weboldalon el\u00e9rhet\u0151 kapcsolatcsatorn\u00e1kon kereszt\u00fcl a Energycle oldalon. .<\/p>\n      <p style=\"margin:0; font-size:15px;\"><a href=\"https:\/\/www.energycle.com\/hu\/lepjen-kapcsolatba-velunk\/\" style=\"color:#2563eb; text-decoration:none;\">Kapcsolatfelv\u00e9tel az Energycle-lel<\/a><\/p>\n    <\/section>\n  <\/div>\n<\/div>","protected":false},"excerpt":{"rendered":"<p>Energycle Adatv\u00e9delmi T\u00e1j\u00e9koztat\u00f3 Ez az Adatv\u00e9delmi T\u00e1j\u00e9koztat\u00f3 magyar\u00e1zza, hogy milyen inform\u00e1ci\u00f3kat gy\u0171jt\u00fcnk, hogyan haszn\u00e1ljuk azokat, hogyan v\u00e9dj\u00fck azokat, \u00e9s milyen lehet\u0151s\u00e9gek \u00e1llnak rendelkez\u00e9sre, amikor a Energycle weboldal\u00e1t \u00e9s kapcsol\u00f3d\u00f3 szolg\u00e1ltat\u00e1sokat haszn\u00e1lja. Utols\u00f3 friss\u00edt\u00e9s: m\u00e1jus 1, 2024 1. Gy\u0171jt\u00f6tt inform\u00e1ci\u00f3k Amikor kapcsolatba l\u00e9p vel\u00fcnk, kit\u00f6lt egy \u0171rlapot, k\u00e9r\u00e9st k\u00fcld, stb., szem\u00e9lyes inform\u00e1ci\u00f3kat gy\u0171jthet\u00fcnk. <a href=\"https:\/\/www.energycle.com\/hu\/adatvedelmi-iranyelvek\/\" class=\"more-link\">Folytassa az olvas\u00e1st <span class=\"screen-reader-text\">Adatv\u00e9delmi ir\u00e1nyelvek<\/span><\/a><\/p>","protected":false},"author":1,"featured_media":0,"parent":0,"menu_order":0,"comment_status":"closed","ping_status":"open","template":"","meta":{"footnotes":""},"class_list":["post-3","page","type-page","status-publish","hentry"],"tsf_seo":{"title":"Adatv\u00e9delmi ir\u00e1nyelvek","description":"Energycle Adatv\u00e9delmi nyilatkozat Ez az adatv\u00e9delmi nyilatkozat magyar\u00e1zza, hogy milyen inform\u00e1ci\u00f3kat gy\u0171jt\u00fcnk, hogyan haszn\u00e1ljuk azokat, hogyan v\u00e9dj\u00fck azokat, \u00e9s milyen lehet\u0151s\u00e9gek \u00e1llnak a v\u00e1laszt\u00e1sotok rendelkez\u00e9s\u00e9re","robots":"index, follow","canonical":"https:\/\/www.energycle.com\/hu\/adatvedelmi-iranyelvek\/","og_title":"Privacy Policy","og_description":"Energycle Privacy Policy This Privacy Policy explains what information we collect, how we use it, how we protect it, and the choices you have","og_image":""},"_links":{"self":[{"href":"https:\/\/www.energycle.com\/hu\/wp-json\/wp\/v2\/pages\/3","targetHints":{"allow":["GET"]}}],"collection":[{"href":"https:\/\/www.energycle.com\/hu\/wp-json\/wp\/v2\/pages"}],"about":[{"href":"https:\/\/www.energycle.com\/hu\/wp-json\/wp\/v2\/types\/page"}],"author":[{"embeddable":true,"href":"https:\/\/www.energycle.com\/hu\/wp-json\/wp\/v2\/users\/1"}],"replies":[{"embeddable":true,"href":"https:\/\/www.energycle.com\/hu\/wp-json\/wp\/v2\/comments?post=3"}],"version-history":[{"count":3,"href":"https:\/\/www.energycle.com\/hu\/wp-json\/wp\/v2\/pages\/3\/revisions"}],"predecessor-version":[{"id":18643,"href":"https:\/\/www.energycle.com\/hu\/wp-json\/wp\/v2\/pages\/3\/revisions\/18643"}],"wp:attachment":[{"href":"https:\/\/www.energycle.com\/hu\/wp-json\/wp\/v2\/media?parent=3"}],"curies":[{"name":"munkaf\u00fczet","href":"https:\/\/api.w.org\/{rel}","templated":true}]}}