{"id":10575,"date":"2023-09-24T06:15:07","date_gmt":"2023-09-24T13:15:07","guid":{"rendered":"http:\/\/industco-demo.pbminfotech.com\/?page_id=3906"},"modified":"2026-02-08T13:31:39","modified_gmt":"2026-02-08T12:31:39","slug":"o-nas","status":"publish","type":"page","link":"https:\/\/www.energycle.com\/pl\/o-nas\/","title":{"rendered":"O nas"},"content":{"rendered":"<style>\n    \/* Global Styles *\/\n    .about-page-wrapper {\n        line-height: 1.5;\n        color: #000000;\n        background: #fff;\n        -webkit-font-smoothing: antialiased;\n    }\n\n    .about-page-wrapper * {\n        box-sizing: border-box;\n    }\n\n    .about-container {\n        max-width: 1024px;\n        margin: 0 auto;\n        padding: 0 24px;\n    }\n\n    .about-container-wide {\n        max-width: 1280px;\n        margin: 0 auto;\n        padding: 0 24px;\n    }\n\n    \/* Typography Utilities *\/\n    .about-page-wrapper h1,\n    .about-page-wrapper h2,\n    .about-page-wrapper h3,\n    .about-page-wrapper h4 {\n        margin: 0;\n        color: #000000;\n        letter-spacing: -0.02em;\n    }\n\n    \/* Hero Section *\/\n    .about-hero-section {\n        background: #fff;\n        padding: 160px 0 100px;\n        text-align: center;\n        border-bottom: 1px solid #f0f0f0;\n    }\n\n    .about-hero-eyebrow {\n        font-size: 16px;\n        font-weight: 600;\n        color: #4d94e7;\n        margin-bottom: 24px;\n        text-transform: uppercase;\n        letter-spacing: 0.05em;\n    }\n\n    .about-hero-title {\n        font-size: 64px;\n        font-weight: 600;\n        line-height: 1.1;\n        margin-bottom: 24px;\n        max-width: 900px;\n        margin-left: auto;\n        margin-right: auto;\n    }\n\n    .about-hero-subtitle {\n        font-size: 24px;\n        color: #555;\n        font-weight: 400;\n        line-height: 1.5;\n        max-width: 720px;\n        margin: 0 auto;\n    }\n\n    \/* Mission Section *\/\n    .about-mission-section {\n        padding: 120px 0;\n        background: #fff;\n    }\n\n    .about-mission-grid {\n        display: grid;\n        grid-template-columns: 1.2fr 0.8fr;\n        gap: 80px;\n        align-items: start;\n    }\n\n    .about-mission-content h2 {\n        font-size: 40px;\n        font-weight: 600;\n        margin-bottom: 32px;\n        line-height: 1.2;\n    }\n\n    .about-mission-content p {\n        font-size: 18px;\n        color: #333;\n        line-height: 1.6;\n        margin-bottom: 24px;\n    }\n\n    .about-mission-highlight {\n        background: #f9fafb;\n        padding: 40px;\n        border-radius: 4px;\n    }\n\n    .about-mission-highlight h4 {\n        font-size: 20px;\n        font-weight: 600;\n        margin-bottom: 24px;\n        color: #4d94e7;\n    }\n\n    .about-mission-highlight ul {\n        list-style: none;\n        padding: 0;\n        margin: 0;\n    }\n\n    .about-mission-highlight li {\n        font-size: 16px;\n        color: #1d1d1f;\n        padding: 12px 0;\n        padding-left: 24px;\n        position: relative;\n        border-bottom: 1px solid #e5e7eb;\n    }\n\n    .about-mission-highlight li:last-child {\n        border-bottom: none;\n    }\n\n    .about-mission-highlight li::before {\n        content: '\u2022';\n        position: absolute;\n        left: 0;\n        color: #4d94e7;\n        font-weight: bold;\n        font-size: 18px;\n        line-height: 1.5;\n    }\n\n    \/* Products Section *\/\n    .about-products-section {\n        padding: 120px 0;\n        background: #fff;\n        border-top: 1px solid #f0f0f0;\n    }\n\n    .about-section-header {\n        text-align: left;\n        margin-bottom: 60px;\n        max-width: 800px;\n    }\n\n    .about-section-eyebrow {\n        font-size: 14px;\n        font-weight: 600;\n        color: #4d94e7;\n        margin-bottom: 16px;\n        text-transform: uppercase;\n        letter-spacing: 0.05em;\n    }\n\n    .about-section-header h2 {\n        font-size: 40px;\n        font-weight: 600;\n        margin-bottom: 16px;\n    }\n\n    .about-section-header p {\n        font-size: 20px;\n        color: #555;\n        line-height: 1.5;\n    }\n\n    .about-products-grid {\n        display: grid;\n        grid-template-columns: repeat(3, 1fr);\n        gap: 24px;\n    }\n\n    .about-product-card {\n        background: #f9fafb;\n        padding: 32px;\n        border-radius: 4px;\n        min-height: 180px;\n        display: flex;\n        flex-direction: column;\n        justify-content: space-between;\n        transition: background 0.2s ease;\n        text-decoration: none;\n        position: relative;\n    }\n\n    .about-product-card:hover {\n        background: #f0f0f0;\n    }\n\n    .about-product-card h4 {\n        font-size: 24px;\n        font-weight: 600;\n        color: #000;\n    }\n\n    .about-product-card a {\n        text-decoration: none;\n        color: inherit;\n        display: block;\n        height: 100%;\n        display: flex;\n        flex-direction: column;\n        justify-content: space-between;\n    }\n\n    .about-product-card-icon {\n        align-self: flex-end;\n        color: #000;\n        font-size: 20px;\n        transition: transform 0.2s ease;\n    }\n\n    .about-product-card:hover .about-product-card-icon {\n        transform: translateX(4px);\n        color: #4d94e7;\n    }\n\n    \/* Services Section *\/\n    .about-services-section {\n        padding: 120px 0;\n        background: #fff;\n        border-top: 1px solid #f0f0f0;\n    }\n\n    .about-services-grid {\n        display: grid;\n        grid-template-columns: repeat(4, 1fr);\n        gap: 40px;\n        margin-top: 80px;\n    }\n\n    .about-service-card {\n        background: transparent;\n        border: none;\n        padding: 0;\n        text-align: left;\n    }\n\n    .about-service-icon {\n        width: auto;\n        height: auto;\n        margin: 0 0 24px 0;\n        background: none;\n        border-radius: 0;\n        display: block;\n        font-size: 32px;\n        color: #4d94e7;\n    }\n\n    .about-service-card h4 {\n        font-size: 20px;\n        font-weight: 600;\n        margin-bottom: 12px;\n        color: #000;\n    }\n\n    .about-service-card p {\n        font-size: 16px;\n        color: #555;\n        line-height: 1.6;\n        margin: 0;\n    }\n\n    \/* Vision Section *\/\n    .about-vision-section {\n        padding: 120px 0;\n        background: #1d1d1f;\n        \/* Simplified Dark BG *\/\n        color: #fff;\n        text-align: left;\n    }\n\n    .about-vision-content {\n        max-width: 100%;\n        display: grid;\n        grid-template-columns: 1fr 1fr;\n        gap: 80px;\n        align-items: center;\n    }\n\n    .about-vision-text h2 {\n        font-size: 40px;\n        font-weight: 600;\n        color: #fff;\n        margin-bottom: 24px;\n        line-height: 1.1;\n    }\n\n    .about-vision-text p {\n        font-size: 20px;\n        color: #a1a1a6;\n        line-height: 1.5;\n        margin-bottom: 0;\n    }\n\n    .about-vision-stats {\n        display: grid;\n        grid-template-columns: repeat(2, 1fr);\n        gap: 40px;\n        margin-top: 0;\n        padding-top: 0;\n        border-top: none;\n    }\n\n    .about-vision-stat {\n        text-align: left;\n    }\n\n    .about-vision-stat-number {\n        font-size: 64px;\n        font-weight: 600;\n        color: #4d94e7;\n        margin-bottom: 8px;\n        letter-spacing: -0.02em;\n        line-height: 1;\n    }\n\n    .about-vision-stat-label {\n        font-size: 16px;\n        color: #a1a1a6;\n        font-weight: 400;\n    }\n\n    \/* CTA Section *\/\n    .about-cta-section {\n        padding: 120px 0;\n        background: #fff;\n        text-align: center;\n        color: #000;\n        border-top: 1px solid #f0f0f0;\n    }\n\n    .about-cta-content h2 {\n        font-size: 40px;\n        font-weight: 600;\n        margin-bottom: 24px;\n        color: #000;\n    }\n\n    .about-cta-content p {\n        font-size: 20px;\n        color: #555;\n        max-width: 600px;\n        margin: 0 auto 40px;\n        line-height: 1.5;\n    }\n\n    .about-cta-btn {\n        display: inline-flex;\n        align-items: center;\n        justify-content: center;\n        gap: 8px;\n        padding: 16px 32px;\n        background: #000;\n        color: #fff;\n        text-decoration: none;\n        border-radius: 4px;\n        font-weight: 500;\n        font-size: 16px;\n        transition: background 0.2s ease;\n    }\n\n    .about-cta-btn:hover {\n        background: #333;\n        transform: none;\n    }\n\n    \/* Responsive *\/\n    @media (max-width: 1024px) {\n        .about-products-grid {\n            grid-template-columns: repeat(2, 1fr);\n        }\n\n        .about-services-grid {\n            grid-template-columns: repeat(2, 1fr);\n        }\n\n        .about-vision-content {\n            grid-template-columns: 1fr;\n            gap: 60px;\n        }\n    }\n\n    @media (max-width: 768px) {\n        .about-hero-title {\n            font-size: 40px;\n        }\n\n        .about-mission-grid {\n            grid-template-columns: 1fr;\n            gap: 40px;\n        }\n\n        .about-products-grid,\n        .about-services-grid {\n            grid-template-columns: 1fr;\n        }\n\n        .about-section-header h2,\n        .about-mission-content h2,\n        .about-vision-text h2,\n        .about-cta-content h2 {\n            font-size: 32px;\n        }\n    }\n<\/style>\n\n\n<div class=\"about-page-wrapper\">\n    <section class=\"about-hero-section\">\n        <div class=\"about-container\">\n            <div class=\"about-hero-content\">\n                <div class=\"about-hero-eyebrow\">O Energycle<\/div>\n                <h1 class=\"about-hero-title\">In\u017cynieria przysz\u0142o\u015bci gospodarki o obiegu zamkni\u0119tym<\/h1>\n                <p class=\"about-hero-subtitle\">Tworzymy wysokowydajne technologie, kt\u00f3re przekszta\u0142caj\u0105 odpady w cenne zasoby. Od pojedynczych maszyn po gotowe do u\u017cytku zak\u0142ady, nap\u0119dzamy globaln\u0105 transformacj\u0119 w kierunku zr\u00f3wnowa\u017conej przysz\u0142o\u015bci.<\/p>\n            <\/div>\n        <\/div>\n    <\/section>\n    <section class=\"about-mission-section\">\n        <div class=\"about-container\">\n            <div class=\"about-mission-grid\">\n                <div class=\"about-mission-content\">\n                    <h2>Nasze filary doskona\u0142o\u015bci<\/h2>\n                    <p>W Energycle nie tylko budujemy maszyny, ale projektujemy rozwi\u0105zania dla przysz\u0142o\u015bci zamkni\u0119tej p\u0119tli. Nasza technologia jest zaprojektowana do maksymalizacji czysto\u015bci materia\u0142u, efektywno\u015bci operacyjnej i zyskowno\u015bci.\n                    <\/p>\n                    <p>Bazuj\u0105c na wieloletnim do\u015bwiadczeniu, oferujemy kompleksowe portfolio, od inteligentnych system\u00f3w rozdrabniania po zaawansowane linie do mycia i peletyzacji. Jeste\u015bmy Twoim strategicznym partnerem w recyklingu tworzyw sztucznych.<\/p>\n                <\/div>\n                <div class=\"about-mission-highlight\">\n                    <h4>Dlaczego liderzy bran\u017cy wybieraj\u0105 nas<\/h4>\n                    <ul>\n                        <li><strong>Innowacje o obiegu zamkni\u0119tym:<\/strong> Zaawansowane badania i rozw\u00f3j skoncentrowane na \u201cSmart Recycling\u201d i technologii zero-waste.<\/li>\n                        <li><strong>Mo\u017cliwo\u015b\u0107 realizacji pod klucz:<\/strong> Kompleksowe projektowanie zak\u0142ad\u00f3w od A do Z, od koncepcji po uruchomienie.<\/li>\n                        <li><strong>Globalna niezawodno\u015b\u0107:<\/strong> Potwierdzona wydajno\u015b\u0107 w ponad 500 instalacjach w ponad 50 krajach.<\/li>\n                        <li><strong>Efektywno\u015b\u0107 operacyjna:<\/strong> Solidne konstrukcje gwarantuj\u0105ce niezawodno\u015b\u0107 24\/7 i niskie koszty konserwacji.<\/li>\n                        <li><strong>Zr\u00f3wnowa\u017cona warto\u015b\u0107:<\/strong> Maksymalizacja ko\u0144cowej jako\u015bci peletu w celu konkurowania z materia\u0142ami pierwotnymi.<\/li>\n                    <\/ul>\n                <\/div>\n            <\/div>\n        <\/div>\n    <\/section>\n    <section class=\"about-products-section\">\n        <div class=\"about-container-wide\">\n            <div class=\"about-section-header\">\n                <div class=\"about-section-eyebrow\">Nasze Rozwi\u0105zania<\/div>\n                <h2>Kompleksowa Oferta Produktowa<\/h2>\n                <p>Projektujemy rozwi\u0105zania dla ka\u017cdego problemu zwi\u0105zanego z recyklingiem \u2014 od samodzielnych urz\u0105dze\u0144 po kompletne systemy gotowe do u\u017cycia \u2014 bez wzgl\u0119du na materia\u0142 lub skal\u0119.<\/p>\n            <\/div>\n            <div class=\"about-products-grid\">\n                <div class=\"about-product-card\"><a href=\"https:\/\/www.energycle.com\/pl\/system-mycia-recyklingowego\/\">\n                        <h4>Rozwi\u0105zania w zakresie recyklingu<\/h4>\n                        <div class=\"about-product-card-icon\"><i class=\"fas fa-arrow-right\"><\/i><\/div>\n                    <\/a><\/div>\n                <div class=\"about-product-card\"><a href=\"https:\/\/www.energycle.com\/pl\/maszyna-do-granulowania-plastiku-2\/\">\n                        <h4>Granulacja i pelletyzacja<\/h4>\n                        <div class=\"about-product-card-icon\"><i class=\"fas fa-arrow-right\"><\/i><\/div>\n                    <\/a><\/div>\n                <div class=\"about-product-card\"><a href=\"https:\/\/www.energycle.com\/pl\/niszczarki-do-plastiku\/\">\n                        <h4>rozdrabniacze<\/h4>\n                        <div class=\"about-product-card-icon\"><i class=\"fas fa-arrow-right\"><\/i><\/div>\n                    <\/a><\/div>\n                <div class=\"about-product-card\"><a href=\"https:\/\/www.energycle.com\/pl\/granulatory-plastiku\/\">\n                        <h4>M\u0142yny i kruszarki<\/h4>\n                        <div class=\"about-product-card-icon\"><i class=\"fas fa-arrow-right\"><\/i><\/div>\n                    <\/a><\/div>\n                <div class=\"about-product-card\"><a href=\"https:\/\/www.energycle.com\/pl\/system-suszenia\/\">\n                        <h4>Suszarki<\/h4>\n                        <div class=\"about-product-card-icon\"><i class=\"fas fa-arrow-right\"><\/i><\/div>\n                    <\/a><\/div>\n                <div class=\"about-product-card\"><a href=\"https:\/\/www.energycle.com\/pl\/system-wspomagajacy\/\">\n                        <h4>Sprz\u0119t pomocniczy<\/h4>\n                        <div class=\"about-product-card-icon\"><i class=\"fas fa-arrow-right\"><\/i><\/div>\n                    <\/a><\/div>\n            <\/div>\n        <\/div>\n    <\/section>\n    <section class=\"about-services-section\">\n        <div class=\"about-container-wide\">\n            <div class=\"about-section-header\">\n                <div class=\"about-section-eyebrow\">Dlaczego warto nas wybra\u0107<\/div>\n                <h2>Pe\u0142ne Spectrum Wsparcia<\/h2>\n                <p>Zapewniamy Twoje sukcesy na ka\u017cdym etapie Twojej podr\u00f3\u017cy recyklingowej.<\/p>\n            <\/div>\n            <div class=\"about-services-grid\">\n                <div class=\"about-service-card\">\n                    <div class=\"about-service-icon\"><i class=\"fas fa-cogs\"><\/i><\/div>\n                    <h4>Us\u0142ugi kompleksowe<\/h4>\n                    <p>Pe\u0142ne spektrum wsparcia od wst\u0119pnej konsultacji do ko\u0144cowego monta\u017cu i poza nim.<\/p>\n                <\/div>\n                <div class=\"about-service-card\">\n                    <div class=\"about-service-icon\"><i class=\"fas fa-leaf\"><\/i><\/div>\n                    <h4>Oddani profesjonali\u015bci<\/h4>\n                    <p>Pracujemy na rzecz zr\u00f3wnowa\u017conej przysz\u0142o\u015bci, dbaj\u0105c o to, aby ka\u017cdy projekt spe\u0142nia\u0142 najwy\u017csze standardy.<\/p>\n                <\/div>\n                <div class=\"about-service-card\">\n                    <div class=\"about-service-icon\"><i class=\"fas fa-user-tie\"><\/i><\/div>\n                    <h4>In\u017cynierowie eksperci<\/h4>\n                    <p>Zdolni in\u017cynierowie przynosz\u0105 lata do\u015bwiadczenia i precyzji do ka\u017cdej rozwi\u0105zania.<\/p>\n                <\/div>\n                <div class=\"about-service-card\">\n                    <div class=\"about-service-icon\"><i class=\"fas fa-headset\"><\/i><\/div>\n                    <h4>Wsparcie 24\/7<\/h4>\n                    <p>Jeste\u015bmy tutaj dla Ciebie przez ca\u0142\u0105 dob\u0119, zapewniaj\u0105c p\u0142ynne i efektywne operacje.<\/p>\n                <\/div>\n            <\/div>\n        <\/div>\n    <\/section>\n    <section class=\"about-vision-section\">\n        <div class=\"about-container\">\n            <div class=\"about-vision-content\">\n                <div class=\"about-vision-text\">\n                    <h2>Zamykamy p\u0119tl\u0119, razem.<\/h2>\n                    <p>Nasz\u0105 wizj\u0105 jest \u015bwiat bez odpad\u00f3w. \u0141\u0105cz\u0105c najnowocze\u015bniejsz\u0105 in\u017cynieri\u0119 z dog\u0142\u0119bn\u0105 wiedz\u0105 materia\u0142ow\u0105, umo\u017cliwiamy naszym partnerom produkcj\u0119 wysokiej jako\u015bci materia\u0142\u00f3w z recyklingu, spe\u0142niaj\u0105cych wymagania nowoczesnej gospodarki.<\/p>\n                <\/div>\n                <div class=\"about-vision-stats\">\n                    <div class=\"about-vision-stat\">\n                        <div class=\"about-vision-stat-number\">20+<\/div>\n                        <div class=\"about-vision-stat-label\">Lata Do\u015bwiadczenia<\/div>\n                    <\/div>\n                    <div class=\"about-vision-stat\">\n                        <div class=\"about-vision-stat-number\">500+<\/div>\n                        <div class=\"about-vision-stat-label\">Projekty na \u015awiecie<\/div>\n                    <\/div>\n                <\/div>\n            <\/div>\n        <\/div>\n    <\/section>\n    <section class=\"about-cta-section\">\n        <div class=\"about-container\">\n            <div class=\"about-cta-content\">\n                <h2>Gotowy na rozwini\u0119cie swojego biznesu recyklingowego?<\/h2>\n                <p>Partneruj z Energycle dla \u015bwiatowej klasy in\u017cynierii, niezawodnych maszyn i zaanga\u017cowanej wsparcia globalnego.\n                    Budujmy Twoje niestandardowe rozwi\u0105zanie ju\u017c dzi\u015b.<\/p>\n                <a href=\"https:\/\/www.energycle.com\/pl\/skontaktuj-sie-z-nami\/\" class=\"about-cta-btn\">Uzyskaj spersonalizowan\u0105 wycen\u0119 <i class=\"fas fa-arrow-right\"><\/i><\/a>\n            <\/div>\n        <\/div>\n    <\/section>\n<\/div>","protected":false},"excerpt":{"rendered":"<p>O nas Energycle Budowanie Przysz\u0142o\u015bci Ekonomii Cyklicznej Budujemy wysokiej wydajno\u015bci technologie, kt\u00f3re przekszta\u0142caj\u0105 odpady w cenne zasoby. Od pojedynczych maszyn do kompletnych zak\u0142ad\u00f3w, prowadzimy globaln\u0105 transformacj\u0119 ku zr\u00f3wnowa\u017conej przysz\u0142o\u015bci. Nasze Kolumny Wybitno\u015bci W Energycle nie tylko budujemy maszyny; projektujemy rozwi\u0105zania dla przysz\u0142o\u015bci zamkni\u0119tej p\u0119tli. Nasza technologia jest \u2026 <a href=\"https:\/\/www.energycle.com\/pl\/o-nas\/\" class=\"more-link\">Czytaj dalej <span class=\"screen-reader-text\">O nas<\/span><\/a><\/p>","protected":false},"author":1,"featured_media":0,"parent":0,"menu_order":8,"comment_status":"closed","ping_status":"closed","template":"","meta":{"footnotes":""},"class_list":["post-10575","page","type-page","status-publish","hentry"],"tsf_seo":{"title":"O nas","description":"Energycle tworzy przysz\u0142o\u015b\u0107 gospodarki o obiegu zamkni\u0119tym, oferuj\u0105c kompleksowe rozwi\u0105zania w zakresie recyklingu tworzyw sztucznych. Od wysokowydajnych niszczarek i linii myj\u0105cych po zaawansowane systemy peletyzacji, zapewniamy globaln\u0105 doskona\u0142o\u015b\u0107 w zakresie recyklingu PE, PP i PET.","robots":"index, follow","canonical":"https:\/\/www.energycle.com\/pl\/o-nas\/","og_title":"About Us","og_description":"Energycle engineers the future of the circular economy with turnkey plastic recycling solutions. From high-performance shredders and washing lines to advanced pelletizing systems, we deliver global excellence for PE, PP, and PET recycling.","og_image":""},"_links":{"self":[{"href":"https:\/\/www.energycle.com\/pl\/wp-json\/wp\/v2\/pages\/10575","targetHints":{"allow":["GET"]}}],"collection":[{"href":"https:\/\/www.energycle.com\/pl\/wp-json\/wp\/v2\/pages"}],"about":[{"href":"https:\/\/www.energycle.com\/pl\/wp-json\/wp\/v2\/types\/page"}],"author":[{"embeddable":true,"href":"https:\/\/www.energycle.com\/pl\/wp-json\/wp\/v2\/users\/1"}],"replies":[{"embeddable":true,"href":"https:\/\/www.energycle.com\/pl\/wp-json\/wp\/v2\/comments?post=10575"}],"version-history":[{"count":0,"href":"https:\/\/www.energycle.com\/pl\/wp-json\/wp\/v2\/pages\/10575\/revisions"}],"wp:attachment":[{"href":"https:\/\/www.energycle.com\/pl\/wp-json\/wp\/v2\/media?parent=10575"}],"curies":[{"name":"wp","href":"https:\/\/api.w.org\/{rel}","templated":true}]}}