{"id":18598,"date":"2026-04-21T03:49:42","date_gmt":"2026-04-21T01:49:42","guid":{"rendered":"https:\/\/www.energycle.com\/industrial-balers\/quick-lock-galvanized-steel-baling-wires\/"},"modified":"2026-04-21T04:57:27","modified_gmt":"2026-04-21T02:57:27","slug":"szybkozamykajace-ocynkowane-stalowe-druty-do-belowania","status":"publish","type":"page","link":"https:\/\/www.energycle.com\/pl\/prasy-przemyslowe\/szybkozamykajace-ocynkowane-stalowe-druty-do-belowania\/","title":{"rendered":"Szybko-zak\u0142adana ocynkowana lina balerska"},"content":{"rendered":"<p><strong>Szybkozamykaj\u0105ce ocynkowane stalowe druty do belowania: proste rozwi\u0105zanie<\/strong><\/p>\n\n\n\n<!--more-->\n\n\n\n<p>Drut do belowania Quick-Lock zapewnia bezpieczniejszy i szybszy spos\u00f3b usprawnienia operacji belowania. Te druty eliminuj\u0105 potrzeb\u0119 stosowania narz\u0119dzi lub uszczelnie\u0144, dzi\u0119ki czemu proces staje si\u0119 bezproblemowy.<\/p>\n\n\n\n<h2 class=\"wp-block-heading\"><strong>Jak to dzia\u0142a<\/strong><\/h2>\n\n\n\n<p>Aby u\u017cy\u0107 drutu do belowania Quick-Lock, wykonaj nast\u0119puj\u0105ce proste czynno\u015bci:<\/p>\n\n\n\n<p>1. Zatrza\u015bnij ko\u0144ce r\u0119cznie \u2014 nie potrzebujesz \u017cadnych narz\u0119dzi.<\/p>\n\n\n\n<p>2. Poci\u0105gnij p\u0119tle razem, aby utworzy\u0107 bezpieczn\u0105 \u201e\u00f3semk\u0119\u201d.<\/p>\n\n\n\n<p>3. Gotowe \u2014 Twoja bela jest solidnie zawi\u0105zana w ci\u0105gu kilku sekund!<\/p>\n\n\n\n<h2 class=\"wp-block-heading\"><strong>Zalety drutu do belowania Quick-Lock<\/strong><\/h2>\n\n\n\n<p>\u2022 <strong>Obs\u0142uga bez u\u017cycia narz\u0119dzi:<\/strong> Nie ma potrzeby stosowania dodatkowego sprz\u0119tu ani uszczelnie\u0144.<\/p>\n\n\n\n<p>\u2022 <strong>Jednolity rozmiar beli:<\/strong> Wst\u0119pnie przyci\u0119te wi\u0105zania \u201ena wymiar\u201d zapewniaj\u0105 sp\u00f3jne wymiary bel.<\/p>\n\n\n\n<p>\u2022 <strong>Dost\u0119pne rozmiary niestandardowe:<\/strong> \u0141atwe zamawianie przewod\u00f3w dostosowanych do Twoich indywidualnych potrzeb.<\/p>\n\n\n\n<p>Linki do belowania Quick-Lock zosta\u0142y zaprojektowane tak, aby oszcz\u0119dza\u0107 czas i zwi\u0119ksza\u0107 wydajno\u015b\u0107, przy jednoczesnym zachowaniu bezpiecze\u0144stwa podczas belowania.<\/p>","protected":false},"excerpt":{"rendered":"<p>Szybkozamykaj\u0105ce ocynkowane stalowe druty do belowania: proste rozwi\u0105zanie<\/p>","protected":false},"author":1,"featured_media":12291,"parent":7770,"menu_order":0,"comment_status":"open","ping_status":"open","template":"","meta":{"footnotes":""},"class_list":["post-18598","page","type-page","status-publish","has-post-thumbnail","hentry"],"tsf_seo":{"title":"Szybko-zak\u0142adana ocynkowana lina balerska","description":"Szybko-zamykaj\u0105ca si\u0119 ocynkowana lina balerska do baler\u00f3w poziomych i pionowych. Mocna, odporna na korozj\u0119 lina do wi\u0105zania bal\u00f3w z papieru, kartonu, butelki PET i puszek.","robots":"index, follow","canonical":"https:\/\/www.energycle.com\/pl\/prasy-przemyslowe\/szybkozamykajace-ocynkowane-stalowe-druty-do-belowania\/","og_title":"Quick-Lock Galvanized Baling Wire","og_description":"Quick-lock galvanized baling wire for horizontal and vertical balers. Strong, corrosion-resistant bale tying wire for paper, cardboard, PET bottles, and cans.","og_image":"https:\/\/www.energycle.com\/wp-content\/uploads\/2025\/01\/Quick-Lock-Galvanized-Steel-Baling-Wires.webp"},"_links":{"self":[{"href":"https:\/\/www.energycle.com\/pl\/wp-json\/wp\/v2\/pages\/18598","targetHints":{"allow":["GET"]}}],"collection":[{"href":"https:\/\/www.energycle.com\/pl\/wp-json\/wp\/v2\/pages"}],"about":[{"href":"https:\/\/www.energycle.com\/pl\/wp-json\/wp\/v2\/types\/page"}],"author":[{"embeddable":true,"href":"https:\/\/www.energycle.com\/pl\/wp-json\/wp\/v2\/users\/1"}],"replies":[{"embeddable":true,"href":"https:\/\/www.energycle.com\/pl\/wp-json\/wp\/v2\/comments?post=18598"}],"version-history":[{"count":1,"href":"https:\/\/www.energycle.com\/pl\/wp-json\/wp\/v2\/pages\/18598\/revisions"}],"predecessor-version":[{"id":18617,"href":"https:\/\/www.energycle.com\/pl\/wp-json\/wp\/v2\/pages\/18598\/revisions\/18617"}],"up":[{"embeddable":true,"href":"https:\/\/www.energycle.com\/pl\/wp-json\/wp\/v2\/pages\/7770"}],"wp:featuredmedia":[{"embeddable":true,"href":"https:\/\/www.energycle.com\/pl\/wp-json\/wp\/v2\/media\/12291"}],"wp:attachment":[{"href":"https:\/\/www.energycle.com\/pl\/wp-json\/wp\/v2\/media?parent=18598"}],"curies":[{"name":"wp","href":"https:\/\/api.w.org\/{rel}","templated":true}]}}