{"id":7318,"date":"2025-02-24T07:53:56","date_gmt":"2025-02-24T06:53:56","guid":{"rendered":"https:\/\/recyclemachine.net\/?page_id=7318"},"modified":"2026-04-04T05:46:32","modified_gmt":"2026-04-04T03:46:32","slug":"broszura-produktu","status":"publish","type":"page","link":"https:\/\/www.energycle.com\/pl\/broszura-produktu\/","title":{"rendered":"Broszura produktu"},"content":{"rendered":"<div style=\"position:relative;padding-top:max(60%,324px);width:100%;height:0;\"><iframe style=\"position:absolute;border:none;width:100%;height:100%;left:0;top:0;\" src=\"https:\/\/online.fliphtml5.com\/Energycle\/nvbk\/index.html\" title=\"Broszura produktu Energycle\" seamless=\"seamless\" scrolling=\"no\" frameborder=\"0\" allowtransparency=\"true\" allowfullscreen=\"true\" ><\/iframe><\/div>","protected":false},"excerpt":{"rendered":"","protected":false},"author":1,"featured_media":0,"parent":0,"menu_order":0,"comment_status":"closed","ping_status":"closed","template":"","meta":{"footnotes":""},"class_list":["post-7318","page","type-page","status-publish","hentry"],"tsf_seo":{"title":"Broszura dotycz\u0105ca maszyn do recyklingu tworzyw sztucznych | Maszyna Energycle","description":"Pobierz oficjaln\u0105 broszur\u0119 maszyny Energycle, aby zapozna\u0107 si\u0119 z pe\u0142n\u0105 ofert\u0105 naszych rozwi\u0105za\u0144 do recyklingu tworzyw sztucznych. Odkryj nasze rozdrabniacze, linie myj\u0105ce i systemy peletyzacji, zaprojektowane z my\u015bl\u0105 o maksymalnej wydajno\u015bci i niezawodno\u015bci.","robots":"index, follow","canonical":"https:\/\/www.energycle.com\/pl\/broszura-produktu\/","og_title":"Plastic Recycling Machinery Brochure | Energycle Machine","og_description":"Download the official Energycle Machine brochure to explore our full line of plastic recycling solutions. Discover our shredders, washing lines, and pelletizing systems, engineered for maximum efficiency and reliability.","og_image":""},"_links":{"self":[{"href":"https:\/\/www.energycle.com\/pl\/wp-json\/wp\/v2\/pages\/7318","targetHints":{"allow":["GET"]}}],"collection":[{"href":"https:\/\/www.energycle.com\/pl\/wp-json\/wp\/v2\/pages"}],"about":[{"href":"https:\/\/www.energycle.com\/pl\/wp-json\/wp\/v2\/types\/page"}],"author":[{"embeddable":true,"href":"https:\/\/www.energycle.com\/pl\/wp-json\/wp\/v2\/users\/1"}],"replies":[{"embeddable":true,"href":"https:\/\/www.energycle.com\/pl\/wp-json\/wp\/v2\/comments?post=7318"}],"version-history":[{"count":1,"href":"https:\/\/www.energycle.com\/pl\/wp-json\/wp\/v2\/pages\/7318\/revisions"}],"predecessor-version":[{"id":18330,"href":"https:\/\/www.energycle.com\/pl\/wp-json\/wp\/v2\/pages\/7318\/revisions\/18330"}],"wp:attachment":[{"href":"https:\/\/www.energycle.com\/pl\/wp-json\/wp\/v2\/media?parent=7318"}],"curies":[{"name":"wp","href":"https:\/\/api.w.org\/{rel}","templated":true}]}}