{"id":10575,"date":"2023-09-24T06:15:07","date_gmt":"2023-09-24T13:15:07","guid":{"rendered":"http:\/\/industco-demo.pbminfotech.com\/?page_id=3906"},"modified":"2026-02-08T13:31:39","modified_gmt":"2026-02-08T12:31:39","slug":"sobre-nos","status":"publish","type":"page","link":"https:\/\/www.energycle.com\/pt\/sobre-nos\/","title":{"rendered":"Sobre n\u00f3s"},"content":{"rendered":"<style>\n    \/* Global Styles *\/\n    .about-page-wrapper {\n        line-height: 1.5;\n        color: #000000;\n        background: #fff;\n        -webkit-font-smoothing: antialiased;\n    }\n\n    .about-page-wrapper * {\n        box-sizing: border-box;\n    }\n\n    .about-container {\n        max-width: 1024px;\n        margin: 0 auto;\n        padding: 0 24px;\n    }\n\n    .about-container-wide {\n        max-width: 1280px;\n        margin: 0 auto;\n        padding: 0 24px;\n    }\n\n    \/* Typography Utilities *\/\n    .about-page-wrapper h1,\n    .about-page-wrapper h2,\n    .about-page-wrapper h3,\n    .about-page-wrapper h4 {\n        margin: 0;\n        color: #000000;\n        letter-spacing: -0.02em;\n    }\n\n    \/* Hero Section *\/\n    .about-hero-section {\n        background: #fff;\n        padding: 160px 0 100px;\n        text-align: center;\n        border-bottom: 1px solid #f0f0f0;\n    }\n\n    .about-hero-eyebrow {\n        font-size: 16px;\n        font-weight: 600;\n        color: #4d94e7;\n        margin-bottom: 24px;\n        text-transform: uppercase;\n        letter-spacing: 0.05em;\n    }\n\n    .about-hero-title {\n        font-size: 64px;\n        font-weight: 600;\n        line-height: 1.1;\n        margin-bottom: 24px;\n        max-width: 900px;\n        margin-left: auto;\n        margin-right: auto;\n    }\n\n    .about-hero-subtitle {\n        font-size: 24px;\n        color: #555;\n        font-weight: 400;\n        line-height: 1.5;\n        max-width: 720px;\n        margin: 0 auto;\n    }\n\n    \/* Mission Section *\/\n    .about-mission-section {\n        padding: 120px 0;\n        background: #fff;\n    }\n\n    .about-mission-grid {\n        display: grid;\n        grid-template-columns: 1.2fr 0.8fr;\n        gap: 80px;\n        align-items: start;\n    }\n\n    .about-mission-content h2 {\n        font-size: 40px;\n        font-weight: 600;\n        margin-bottom: 32px;\n        line-height: 1.2;\n    }\n\n    .about-mission-content p {\n        font-size: 18px;\n        color: #333;\n        line-height: 1.6;\n        margin-bottom: 24px;\n    }\n\n    .about-mission-highlight {\n        background: #f9fafb;\n        padding: 40px;\n        border-radius: 4px;\n    }\n\n    .about-mission-highlight h4 {\n        font-size: 20px;\n        font-weight: 600;\n        margin-bottom: 24px;\n        color: #4d94e7;\n    }\n\n    .about-mission-highlight ul {\n        list-style: none;\n        padding: 0;\n        margin: 0;\n    }\n\n    .about-mission-highlight li {\n        font-size: 16px;\n        color: #1d1d1f;\n        padding: 12px 0;\n        padding-left: 24px;\n        position: relative;\n        border-bottom: 1px solid #e5e7eb;\n    }\n\n    .about-mission-highlight li:last-child {\n        border-bottom: none;\n    }\n\n    .about-mission-highlight li::before {\n        content: '\u2022';\n        position: absolute;\n        left: 0;\n        color: #4d94e7;\n        font-weight: bold;\n        font-size: 18px;\n        line-height: 1.5;\n    }\n\n    \/* Products Section *\/\n    .about-products-section {\n        padding: 120px 0;\n        background: #fff;\n        border-top: 1px solid #f0f0f0;\n    }\n\n    .about-section-header {\n        text-align: left;\n        margin-bottom: 60px;\n        max-width: 800px;\n    }\n\n    .about-section-eyebrow {\n        font-size: 14px;\n        font-weight: 600;\n        color: #4d94e7;\n        margin-bottom: 16px;\n        text-transform: uppercase;\n        letter-spacing: 0.05em;\n    }\n\n    .about-section-header h2 {\n        font-size: 40px;\n        font-weight: 600;\n        margin-bottom: 16px;\n    }\n\n    .about-section-header p {\n        font-size: 20px;\n        color: #555;\n        line-height: 1.5;\n    }\n\n    .about-products-grid {\n        display: grid;\n        grid-template-columns: repeat(3, 1fr);\n        gap: 24px;\n    }\n\n    .about-product-card {\n        background: #f9fafb;\n        padding: 32px;\n        border-radius: 4px;\n        min-height: 180px;\n        display: flex;\n        flex-direction: column;\n        justify-content: space-between;\n        transition: background 0.2s ease;\n        text-decoration: none;\n        position: relative;\n    }\n\n    .about-product-card:hover {\n        background: #f0f0f0;\n    }\n\n    .about-product-card h4 {\n        font-size: 24px;\n        font-weight: 600;\n        color: #000;\n    }\n\n    .about-product-card a {\n        text-decoration: none;\n        color: inherit;\n        display: block;\n        height: 100%;\n        display: flex;\n        flex-direction: column;\n        justify-content: space-between;\n    }\n\n    .about-product-card-icon {\n        align-self: flex-end;\n        color: #000;\n        font-size: 20px;\n        transition: transform 0.2s ease;\n    }\n\n    .about-product-card:hover .about-product-card-icon {\n        transform: translateX(4px);\n        color: #4d94e7;\n    }\n\n    \/* Services Section *\/\n    .about-services-section {\n        padding: 120px 0;\n        background: #fff;\n        border-top: 1px solid #f0f0f0;\n    }\n\n    .about-services-grid {\n        display: grid;\n        grid-template-columns: repeat(4, 1fr);\n        gap: 40px;\n        margin-top: 80px;\n    }\n\n    .about-service-card {\n        background: transparent;\n        border: none;\n        padding: 0;\n        text-align: left;\n    }\n\n    .about-service-icon {\n        width: auto;\n        height: auto;\n        margin: 0 0 24px 0;\n        background: none;\n        border-radius: 0;\n        display: block;\n        font-size: 32px;\n        color: #4d94e7;\n    }\n\n    .about-service-card h4 {\n        font-size: 20px;\n        font-weight: 600;\n        margin-bottom: 12px;\n        color: #000;\n    }\n\n    .about-service-card p {\n        font-size: 16px;\n        color: #555;\n        line-height: 1.6;\n        margin: 0;\n    }\n\n    \/* Vision Section *\/\n    .about-vision-section {\n        padding: 120px 0;\n        background: #1d1d1f;\n        \/* Simplified Dark BG *\/\n        color: #fff;\n        text-align: left;\n    }\n\n    .about-vision-content {\n        max-width: 100%;\n        display: grid;\n        grid-template-columns: 1fr 1fr;\n        gap: 80px;\n        align-items: center;\n    }\n\n    .about-vision-text h2 {\n        font-size: 40px;\n        font-weight: 600;\n        color: #fff;\n        margin-bottom: 24px;\n        line-height: 1.1;\n    }\n\n    .about-vision-text p {\n        font-size: 20px;\n        color: #a1a1a6;\n        line-height: 1.5;\n        margin-bottom: 0;\n    }\n\n    .about-vision-stats {\n        display: grid;\n        grid-template-columns: repeat(2, 1fr);\n        gap: 40px;\n        margin-top: 0;\n        padding-top: 0;\n        border-top: none;\n    }\n\n    .about-vision-stat {\n        text-align: left;\n    }\n\n    .about-vision-stat-number {\n        font-size: 64px;\n        font-weight: 600;\n        color: #4d94e7;\n        margin-bottom: 8px;\n        letter-spacing: -0.02em;\n        line-height: 1;\n    }\n\n    .about-vision-stat-label {\n        font-size: 16px;\n        color: #a1a1a6;\n        font-weight: 400;\n    }\n\n    \/* CTA Section *\/\n    .about-cta-section {\n        padding: 120px 0;\n        background: #fff;\n        text-align: center;\n        color: #000;\n        border-top: 1px solid #f0f0f0;\n    }\n\n    .about-cta-content h2 {\n        font-size: 40px;\n        font-weight: 600;\n        margin-bottom: 24px;\n        color: #000;\n    }\n\n    .about-cta-content p {\n        font-size: 20px;\n        color: #555;\n        max-width: 600px;\n        margin: 0 auto 40px;\n        line-height: 1.5;\n    }\n\n    .about-cta-btn {\n        display: inline-flex;\n        align-items: center;\n        justify-content: center;\n        gap: 8px;\n        padding: 16px 32px;\n        background: #000;\n        color: #fff;\n        text-decoration: none;\n        border-radius: 4px;\n        font-weight: 500;\n        font-size: 16px;\n        transition: background 0.2s ease;\n    }\n\n    .about-cta-btn:hover {\n        background: #333;\n        transform: none;\n    }\n\n    \/* Responsive *\/\n    @media (max-width: 1024px) {\n        .about-products-grid {\n            grid-template-columns: repeat(2, 1fr);\n        }\n\n        .about-services-grid {\n            grid-template-columns: repeat(2, 1fr);\n        }\n\n        .about-vision-content {\n            grid-template-columns: 1fr;\n            gap: 60px;\n        }\n    }\n\n    @media (max-width: 768px) {\n        .about-hero-title {\n            font-size: 40px;\n        }\n\n        .about-mission-grid {\n            grid-template-columns: 1fr;\n            gap: 40px;\n        }\n\n        .about-products-grid,\n        .about-services-grid {\n            grid-template-columns: 1fr;\n        }\n\n        .about-section-header h2,\n        .about-mission-content h2,\n        .about-vision-text h2,\n        .about-cta-content h2 {\n            font-size: 32px;\n        }\n    }\n<\/style>\n\n\n<div class=\"about-page-wrapper\">\n    <section class=\"about-hero-section\">\n        <div class=\"about-container\">\n            <div class=\"about-hero-content\">\n                <div class=\"about-hero-eyebrow\">Sobre Energycle<\/div>\n                <h1 class=\"about-hero-title\">Projetando o futuro da economia circular<\/h1>\n                <p class=\"about-hero-subtitle\">Criamos tecnologias de alto desempenho que transformam res\u00edduos em recursos valiosos. De m\u00e1quinas individuais a plantas completas, impulsionamos a transi\u00e7\u00e3o global para um futuro sustent\u00e1vel.<\/p>\n            <\/div>\n        <\/div>\n    <\/section>\n    <section class=\"about-mission-section\">\n        <div class=\"about-container\">\n            <div class=\"about-mission-grid\">\n                <div class=\"about-mission-content\">\n                    <h2>Nossos Pilares de Excel\u00eancia<\/h2>\n                    <p>Em Energycle, n\u00e3o apenas constru\u00edmos m\u00e1quinas; projetamos solu\u00e7\u00f5es para um futuro de ciclo fechado. nossa tecnologia \u00e9 projetada para maximizar a pureza do material, efici\u00eancia operacional e lucratividade.\n                    <\/p>\n                    <p>Com base em d\u00e9cadas de experi\u00eancia, oferecemos um portf\u00f3lio completo que vai desde sistemas inteligentes de tritura\u00e7\u00e3o at\u00e9 linhas avan\u00e7adas de lavagem e granula\u00e7\u00e3o. Somos o seu parceiro estrat\u00e9gico em reciclagem de pl\u00e1stico.<\/p>\n                <\/div>\n                <div class=\"about-mission-highlight\">\n                    <h4>Por que os l\u00edderes do setor nos escolhem?<\/h4>\n                    <ul>\n                        <li><strong>Inova\u00e7\u00e3o Circular:<\/strong> Pesquisa e Desenvolvimento avan\u00e7ado focado em \u201cReciclagem Inteligente\u201d e tecnologias de zero desperd\u00edcio.<\/li>\n                        <li><strong>Capacidade de implementa\u00e7\u00e3o imediata:<\/strong> Projetos completos de engenharia de plantas, do conceito \u00e0 entrada em opera\u00e7\u00e3o.<\/li>\n                        <li><strong>Confiabilidade global:<\/strong> Desempenho comprovado com mais de 500 instala\u00e7\u00f5es em mais de 50 pa\u00edses.<\/li>\n                        <li><strong>Efici\u00eancia operacional:<\/strong> Projetos robustos que garantem confiabilidade 24 horas por dia, 7 dias por semana, e baixos custos de manuten\u00e7\u00e3o.<\/li>\n                        <li><strong>Valor Sustent\u00e1vel:<\/strong> Maximizar a qualidade final dos gr\u00e2nulos para competir com materiais virgens.<\/li>\n                    <\/ul>\n                <\/div>\n            <\/div>\n        <\/div>\n    <\/section>\n    <section class=\"about-products-section\">\n        <div class=\"about-container-wide\">\n            <div class=\"about-section-header\">\n                <div class=\"about-section-eyebrow\">Nossas Solu\u00e7\u00f5es<\/div>\n                <h2>Portf\u00f3lio Completo de Produtos<\/h2>\n                <p>Desde equipamentos independentes at\u00e9 sistemas completos &quot;chave na m\u00e3o&quot;, projetamos solu\u00e7\u00f5es para todos os desafios de reciclagem \u2014 independentemente do material ou da escala.<\/p>\n            <\/div>\n            <div class=\"about-products-grid\">\n                <div class=\"about-product-card\"><a href=\"https:\/\/www.energycle.com\/pt\/sistema-de-lavagem-de-reciclagem\/\">\n                        <h4>Solu\u00e7\u00f5es de Reciclagem<\/h4>\n                        <div class=\"about-product-card-icon\"><i class=\"fas fa-arrow-right\"><\/i><\/div>\n                    <\/a><\/div>\n                <div class=\"about-product-card\"><a href=\"https:\/\/www.energycle.com\/pt\/maquina-de-peletizacao-de-plastico\/\">\n                        <h4>Granula\u00e7\u00e3o e Pelotiza\u00e7\u00e3o<\/h4>\n                        <div class=\"about-product-card-icon\"><i class=\"fas fa-arrow-right\"><\/i><\/div>\n                    <\/a><\/div>\n                <div class=\"about-product-card\"><a href=\"https:\/\/www.energycle.com\/pt\/trituradores-de-plastico\/\">\n                        <h4>Destruidores<\/h4>\n                        <div class=\"about-product-card-icon\"><i class=\"fas fa-arrow-right\"><\/i><\/div>\n                    <\/a><\/div>\n                <div class=\"about-product-card\"><a href=\"https:\/\/www.energycle.com\/pt\/granuladores-de-plastico\/\">\n                        <h4>Britadores e Moedores<\/h4>\n                        <div class=\"about-product-card-icon\"><i class=\"fas fa-arrow-right\"><\/i><\/div>\n                    <\/a><\/div>\n                <div class=\"about-product-card\"><a href=\"https:\/\/www.energycle.com\/pt\/sistema-de-secagem\/\">\n                        <h4>M\u00e1quinas de secagem<\/h4>\n                        <div class=\"about-product-card-icon\"><i class=\"fas fa-arrow-right\"><\/i><\/div>\n                    <\/a><\/div>\n                <div class=\"about-product-card\"><a href=\"https:\/\/www.energycle.com\/pt\/sistema-de-assistencia\/\">\n                        <h4>Equipamentos Auxiliares<\/h4>\n                        <div class=\"about-product-card-icon\"><i class=\"fas fa-arrow-right\"><\/i><\/div>\n                    <\/a><\/div>\n            <\/div>\n        <\/div>\n    <\/section>\n    <section class=\"about-services-section\">\n        <div class=\"about-container-wide\">\n            <div class=\"about-section-header\">\n                <div class=\"about-section-eyebrow\">Porqu\u00ea escolher-nos<\/div>\n                <h2>Suporte Completo<\/h2>\n                <p>Estamos comprometidos com seu sucesso em cada est\u00e1gio da sua jornada de reciclagem.<\/p>\n            <\/div>\n            <div class=\"about-services-grid\">\n                <div class=\"about-service-card\">\n                    <div class=\"about-service-icon\"><i class=\"fas fa-cogs\"><\/i><\/div>\n                    <h4>Servi\u00e7os abrangentes<\/h4>\n                    <p>Suporte completo desde a consulta inicial at\u00e9 a instala\u00e7\u00e3o final e al\u00e9m.<\/p>\n                <\/div>\n                <div class=\"about-service-card\">\n                    <div class=\"about-service-icon\"><i class=\"fas fa-leaf\"><\/i><\/div>\n                    <h4>Profissionais Dedicados<\/h4>\n                    <p>Trabalhando por um futuro sustent\u00e1vel, garantindo que cada projeto atenda aos mais altos padr\u00f5es.<\/p>\n                <\/div>\n                <div class=\"about-service-card\">\n                    <div class=\"about-service-icon\"><i class=\"fas fa-user-tie\"><\/i><\/div>\n                    <h4>Engenheiros especialistas<\/h4>\n                    <p>Engenheiros experientes trazem anos de experi\u00eancia e precis\u00e3o para cada solu\u00e7\u00e3o.<\/p>\n                <\/div>\n                <div class=\"about-service-card\">\n                    <div class=\"about-service-icon\"><i class=\"fas fa-headset\"><\/i><\/div>\n                    <h4>Suporte 24\/7<\/h4>\n                    <p>Estamos aqui para voc\u00ea 24 horas por dia, garantindo opera\u00e7\u00f5es suaves e eficientes.<\/p>\n                <\/div>\n            <\/div>\n        <\/div>\n    <\/section>\n    <section class=\"about-vision-section\">\n        <div class=\"about-container\">\n            <div class=\"about-vision-content\">\n                <div class=\"about-vision-text\">\n                    <h2>Fechando o ciclo, juntos.<\/h2>\n                    <p>Nossa vis\u00e3o \u00e9 um mundo sem desperd\u00edcio. Combinando engenharia de ponta com profundo conhecimento de materiais, permitimos que nossos parceiros produzam materiais reciclados de alta qualidade que atendam \u00e0s demandas da economia moderna.<\/p>\n                <\/div>\n                <div class=\"about-vision-stats\">\n                    <div class=\"about-vision-stat\">\n                        <div class=\"about-vision-stat-number\">20+<\/div>\n                        <div class=\"about-vision-stat-label\">Anos de Experi\u00eancia<\/div>\n                    <\/div>\n                    <div class=\"about-vision-stat\">\n                        <div class=\"about-vision-stat-number\">500+<\/div>\n                        <div class=\"about-vision-stat-label\">Projetos em Todo o Mundo<\/div>\n                    <\/div>\n                <\/div>\n            <\/div>\n        <\/div>\n    <\/section>\n    <section class=\"about-cta-section\">\n        <div class=\"about-container\">\n            <div class=\"about-cta-content\">\n                <h2>Pronto para expandir seu neg\u00f3cio de reciclagem?<\/h2>\n                <p>Parceiro com Energycle para engenharia de classe mundial, maquin\u00e1rio confi\u00e1vel e suporte global dedicado. Vamos construir sua solu\u00e7\u00e3o personalizada hoje.<\/p>\n                <a href=\"https:\/\/www.energycle.com\/pt\/contate-nos\/\" class=\"about-cta-btn\">Obtenha seu or\u00e7amento personalizado <i class=\"fas fa-arrow-right\"><\/i><\/a>\n            <\/div>\n        <\/div>\n    <\/section>\n<\/div>","protected":false},"excerpt":{"rendered":"<p>Sobre Energycle Engenharia do Futuro da Economia Circular N\u00f3s constru\u00edmos tecnologias de alta performance que transformam res\u00edduos em recursos valiosos. Desde m\u00e1quinas individuais at\u00e9 plantas turnkey, impulsionamos a transi\u00e7\u00e3o global para um futuro sustent\u00e1vel. Nossos Pilares de Excel\u00eancia Em Energycle, n\u00e3o apenas constru\u00edmos m\u00e1quinas; engenheeramos solu\u00e7\u00f5es para um futuro de ciclo fechado. nossa tecnologia \u00e9 \u2026 <a href=\"https:\/\/www.energycle.com\/pt\/sobre-nos\/\" class=\"more-link\">Continuar lendo <span class=\"screen-reader-text\">Sobre n\u00f3s<\/span><\/a><\/p>","protected":false},"author":1,"featured_media":0,"parent":0,"menu_order":8,"comment_status":"closed","ping_status":"closed","template":"","meta":{"footnotes":""},"class_list":["post-10575","page","type-page","status-publish","hentry"],"tsf_seo":{"title":"Sobre n\u00f3s","description":"A Energycle projeta o futuro da economia circular com solu\u00e7\u00f5es completas para reciclagem de pl\u00e1stico. De trituradores e linhas de lavagem de alto desempenho a sistemas avan\u00e7ados de granula\u00e7\u00e3o, oferecemos excel\u00eancia global na reciclagem de PE, PP e PET.","robots":"index, follow","canonical":"https:\/\/www.energycle.com\/pt\/sobre-nos\/","og_title":"About Us","og_description":"Energycle engineers the future of the circular economy with turnkey plastic recycling solutions. From high-performance shredders and washing lines to advanced pelletizing systems, we deliver global excellence for PE, PP, and PET recycling.","og_image":""},"_links":{"self":[{"href":"https:\/\/www.energycle.com\/pt\/wp-json\/wp\/v2\/pages\/10575","targetHints":{"allow":["GET"]}}],"collection":[{"href":"https:\/\/www.energycle.com\/pt\/wp-json\/wp\/v2\/pages"}],"about":[{"href":"https:\/\/www.energycle.com\/pt\/wp-json\/wp\/v2\/types\/page"}],"author":[{"embeddable":true,"href":"https:\/\/www.energycle.com\/pt\/wp-json\/wp\/v2\/users\/1"}],"replies":[{"embeddable":true,"href":"https:\/\/www.energycle.com\/pt\/wp-json\/wp\/v2\/comments?post=10575"}],"version-history":[{"count":0,"href":"https:\/\/www.energycle.com\/pt\/wp-json\/wp\/v2\/pages\/10575\/revisions"}],"wp:attachment":[{"href":"https:\/\/www.energycle.com\/pt\/wp-json\/wp\/v2\/media?parent=10575"}],"curies":[{"name":"wp","href":"https:\/\/api.w.org\/{rel}","templated":true}]}}