{"id":10575,"date":"2023-09-24T06:15:07","date_gmt":"2023-09-24T13:15:07","guid":{"rendered":"http:\/\/industco-demo.pbminfotech.com\/?page_id=3906"},"modified":"2026-02-08T13:31:39","modified_gmt":"2026-02-08T12:31:39","slug":"despre-noi","status":"publish","type":"page","link":"https:\/\/www.energycle.com\/ro\/despre-noi\/","title":{"rendered":"Despre noi"},"content":{"rendered":"<style>\n    \/* Global Styles *\/\n    .about-page-wrapper {\n        line-height: 1.5;\n        color: #000000;\n        background: #fff;\n        -webkit-font-smoothing: antialiased;\n    }\n\n    .about-page-wrapper * {\n        box-sizing: border-box;\n    }\n\n    .about-container {\n        max-width: 1024px;\n        margin: 0 auto;\n        padding: 0 24px;\n    }\n\n    .about-container-wide {\n        max-width: 1280px;\n        margin: 0 auto;\n        padding: 0 24px;\n    }\n\n    \/* Typography Utilities *\/\n    .about-page-wrapper h1,\n    .about-page-wrapper h2,\n    .about-page-wrapper h3,\n    .about-page-wrapper h4 {\n        margin: 0;\n        color: #000000;\n        letter-spacing: -0.02em;\n    }\n\n    \/* Hero Section *\/\n    .about-hero-section {\n        background: #fff;\n        padding: 160px 0 100px;\n        text-align: center;\n        border-bottom: 1px solid #f0f0f0;\n    }\n\n    .about-hero-eyebrow {\n        font-size: 16px;\n        font-weight: 600;\n        color: #4d94e7;\n        margin-bottom: 24px;\n        text-transform: uppercase;\n        letter-spacing: 0.05em;\n    }\n\n    .about-hero-title {\n        font-size: 64px;\n        font-weight: 600;\n        line-height: 1.1;\n        margin-bottom: 24px;\n        max-width: 900px;\n        margin-left: auto;\n        margin-right: auto;\n    }\n\n    .about-hero-subtitle {\n        font-size: 24px;\n        color: #555;\n        font-weight: 400;\n        line-height: 1.5;\n        max-width: 720px;\n        margin: 0 auto;\n    }\n\n    \/* Mission Section *\/\n    .about-mission-section {\n        padding: 120px 0;\n        background: #fff;\n    }\n\n    .about-mission-grid {\n        display: grid;\n        grid-template-columns: 1.2fr 0.8fr;\n        gap: 80px;\n        align-items: start;\n    }\n\n    .about-mission-content h2 {\n        font-size: 40px;\n        font-weight: 600;\n        margin-bottom: 32px;\n        line-height: 1.2;\n    }\n\n    .about-mission-content p {\n        font-size: 18px;\n        color: #333;\n        line-height: 1.6;\n        margin-bottom: 24px;\n    }\n\n    .about-mission-highlight {\n        background: #f9fafb;\n        padding: 40px;\n        border-radius: 4px;\n    }\n\n    .about-mission-highlight h4 {\n        font-size: 20px;\n        font-weight: 600;\n        margin-bottom: 24px;\n        color: #4d94e7;\n    }\n\n    .about-mission-highlight ul {\n        list-style: none;\n        padding: 0;\n        margin: 0;\n    }\n\n    .about-mission-highlight li {\n        font-size: 16px;\n        color: #1d1d1f;\n        padding: 12px 0;\n        padding-left: 24px;\n        position: relative;\n        border-bottom: 1px solid #e5e7eb;\n    }\n\n    .about-mission-highlight li:last-child {\n        border-bottom: none;\n    }\n\n    .about-mission-highlight li::before {\n        content: '\u2022';\n        position: absolute;\n        left: 0;\n        color: #4d94e7;\n        font-weight: bold;\n        font-size: 18px;\n        line-height: 1.5;\n    }\n\n    \/* Products Section *\/\n    .about-products-section {\n        padding: 120px 0;\n        background: #fff;\n        border-top: 1px solid #f0f0f0;\n    }\n\n    .about-section-header {\n        text-align: left;\n        margin-bottom: 60px;\n        max-width: 800px;\n    }\n\n    .about-section-eyebrow {\n        font-size: 14px;\n        font-weight: 600;\n        color: #4d94e7;\n        margin-bottom: 16px;\n        text-transform: uppercase;\n        letter-spacing: 0.05em;\n    }\n\n    .about-section-header h2 {\n        font-size: 40px;\n        font-weight: 600;\n        margin-bottom: 16px;\n    }\n\n    .about-section-header p {\n        font-size: 20px;\n        color: #555;\n        line-height: 1.5;\n    }\n\n    .about-products-grid {\n        display: grid;\n        grid-template-columns: repeat(3, 1fr);\n        gap: 24px;\n    }\n\n    .about-product-card {\n        background: #f9fafb;\n        padding: 32px;\n        border-radius: 4px;\n        min-height: 180px;\n        display: flex;\n        flex-direction: column;\n        justify-content: space-between;\n        transition: background 0.2s ease;\n        text-decoration: none;\n        position: relative;\n    }\n\n    .about-product-card:hover {\n        background: #f0f0f0;\n    }\n\n    .about-product-card h4 {\n        font-size: 24px;\n        font-weight: 600;\n        color: #000;\n    }\n\n    .about-product-card a {\n        text-decoration: none;\n        color: inherit;\n        display: block;\n        height: 100%;\n        display: flex;\n        flex-direction: column;\n        justify-content: space-between;\n    }\n\n    .about-product-card-icon {\n        align-self: flex-end;\n        color: #000;\n        font-size: 20px;\n        transition: transform 0.2s ease;\n    }\n\n    .about-product-card:hover .about-product-card-icon {\n        transform: translateX(4px);\n        color: #4d94e7;\n    }\n\n    \/* Services Section *\/\n    .about-services-section {\n        padding: 120px 0;\n        background: #fff;\n        border-top: 1px solid #f0f0f0;\n    }\n\n    .about-services-grid {\n        display: grid;\n        grid-template-columns: repeat(4, 1fr);\n        gap: 40px;\n        margin-top: 80px;\n    }\n\n    .about-service-card {\n        background: transparent;\n        border: none;\n        padding: 0;\n        text-align: left;\n    }\n\n    .about-service-icon {\n        width: auto;\n        height: auto;\n        margin: 0 0 24px 0;\n        background: none;\n        border-radius: 0;\n        display: block;\n        font-size: 32px;\n        color: #4d94e7;\n    }\n\n    .about-service-card h4 {\n        font-size: 20px;\n        font-weight: 600;\n        margin-bottom: 12px;\n        color: #000;\n    }\n\n    .about-service-card p {\n        font-size: 16px;\n        color: #555;\n        line-height: 1.6;\n        margin: 0;\n    }\n\n    \/* Vision Section *\/\n    .about-vision-section {\n        padding: 120px 0;\n        background: #1d1d1f;\n        \/* Simplified Dark BG *\/\n        color: #fff;\n        text-align: left;\n    }\n\n    .about-vision-content {\n        max-width: 100%;\n        display: grid;\n        grid-template-columns: 1fr 1fr;\n        gap: 80px;\n        align-items: center;\n    }\n\n    .about-vision-text h2 {\n        font-size: 40px;\n        font-weight: 600;\n        color: #fff;\n        margin-bottom: 24px;\n        line-height: 1.1;\n    }\n\n    .about-vision-text p {\n        font-size: 20px;\n        color: #a1a1a6;\n        line-height: 1.5;\n        margin-bottom: 0;\n    }\n\n    .about-vision-stats {\n        display: grid;\n        grid-template-columns: repeat(2, 1fr);\n        gap: 40px;\n        margin-top: 0;\n        padding-top: 0;\n        border-top: none;\n    }\n\n    .about-vision-stat {\n        text-align: left;\n    }\n\n    .about-vision-stat-number {\n        font-size: 64px;\n        font-weight: 600;\n        color: #4d94e7;\n        margin-bottom: 8px;\n        letter-spacing: -0.02em;\n        line-height: 1;\n    }\n\n    .about-vision-stat-label {\n        font-size: 16px;\n        color: #a1a1a6;\n        font-weight: 400;\n    }\n\n    \/* CTA Section *\/\n    .about-cta-section {\n        padding: 120px 0;\n        background: #fff;\n        text-align: center;\n        color: #000;\n        border-top: 1px solid #f0f0f0;\n    }\n\n    .about-cta-content h2 {\n        font-size: 40px;\n        font-weight: 600;\n        margin-bottom: 24px;\n        color: #000;\n    }\n\n    .about-cta-content p {\n        font-size: 20px;\n        color: #555;\n        max-width: 600px;\n        margin: 0 auto 40px;\n        line-height: 1.5;\n    }\n\n    .about-cta-btn {\n        display: inline-flex;\n        align-items: center;\n        justify-content: center;\n        gap: 8px;\n        padding: 16px 32px;\n        background: #000;\n        color: #fff;\n        text-decoration: none;\n        border-radius: 4px;\n        font-weight: 500;\n        font-size: 16px;\n        transition: background 0.2s ease;\n    }\n\n    .about-cta-btn:hover {\n        background: #333;\n        transform: none;\n    }\n\n    \/* Responsive *\/\n    @media (max-width: 1024px) {\n        .about-products-grid {\n            grid-template-columns: repeat(2, 1fr);\n        }\n\n        .about-services-grid {\n            grid-template-columns: repeat(2, 1fr);\n        }\n\n        .about-vision-content {\n            grid-template-columns: 1fr;\n            gap: 60px;\n        }\n    }\n\n    @media (max-width: 768px) {\n        .about-hero-title {\n            font-size: 40px;\n        }\n\n        .about-mission-grid {\n            grid-template-columns: 1fr;\n            gap: 40px;\n        }\n\n        .about-products-grid,\n        .about-services-grid {\n            grid-template-columns: 1fr;\n        }\n\n        .about-section-header h2,\n        .about-mission-content h2,\n        .about-vision-text h2,\n        .about-cta-content h2 {\n            font-size: 32px;\n        }\n    }\n<\/style>\n\n\n<div class=\"about-page-wrapper\">\n    <section class=\"about-hero-section\">\n        <div class=\"about-container\">\n            <div class=\"about-hero-content\">\n                <div class=\"about-hero-eyebrow\">Despre Energycle<\/div>\n                <h1 class=\"about-hero-title\">Ingineria viitorului economiei circulare<\/h1>\n                <p class=\"about-hero-subtitle\">Construim tehnologii de \u00eenalt\u0103 performan\u021b\u0103 care transform\u0103 de\u0219eurile \u00een resurse valoroase. De la ma\u0219ini individuale la fabrici la cheie, impulsion\u0103m tranzi\u021bia global\u0103 c\u0103tre un viitor sustenabil.<\/p>\n            <\/div>\n        <\/div>\n    <\/section>\n    <section class=\"about-mission-section\">\n        <div class=\"about-container\">\n            <div class=\"about-mission-grid\">\n                <div class=\"about-mission-content\">\n                    <h2>Pilonii no\u0219tri de excelen\u021b\u0103<\/h2>\n                    <p>La Energycle, nu doar construim ma\u0219ini; proiect\u0103m solu\u021bii pentru un viitor cu circuit \u00eenchis. Tehnologia noastr\u0103 este conceput\u0103 pentru a maximiza puritatea materialului, eficien\u021ba opera\u021bional\u0103 \u0219i profitabilitatea.\n                    <\/p>\n                    <p>Baz\u00e2ndu-ne pe decenii de experien\u021b\u0103, oferim un portofoliu complet, de la sisteme inteligente de m\u0103run\u021bire p\u00e2n\u0103 la linii avansate de sp\u0103lare \u0219i peletizare. Suntem partenerul dumneavoastr\u0103 strategic \u00een reciclarea plasticului.<\/p>\n                <\/div>\n                <div class=\"about-mission-highlight\">\n                    <h4>De ce ne aleg liderii din industrie<\/h4>\n                    <ul>\n                        <li><strong>Inova\u021bie circular\u0103:<\/strong> Cercetare \u0219i dezvoltare avansat\u0103 concentrat\u0103 pe \u201cReciclare Inteligent\u0103\u201d \u0219i tehnologii zero-waste.<\/li>\n                        <li><strong>Capacitate la cheie:<\/strong> Inginerie complet\u0103 a instala\u021biei, de la A la Z, de la concept p\u00e2n\u0103 la punere \u00een func\u021biune.<\/li>\n                        <li><strong>Fiabilitate global\u0103:<\/strong> Performan\u021b\u0103 dovedit\u0103 cu peste 500 de instal\u0103ri \u00een peste 50 de \u021b\u0103ri.<\/li>\n                        <li><strong>Eficien\u021b\u0103 opera\u021bional\u0103:<\/strong> Design robust care asigur\u0103 fiabilitate 24\/7 \u0219i costuri reduse de \u00eentre\u021binere.<\/li>\n                        <li><strong>Valoare sustenabil\u0103:<\/strong> Maximizarea calit\u0103\u021bii finale a pele\u021bilor pentru a concura cu materialele virgine.<\/li>\n                    <\/ul>\n                <\/div>\n            <\/div>\n        <\/div>\n    <\/section>\n    <section class=\"about-products-section\">\n        <div class=\"about-container-wide\">\n            <div class=\"about-section-header\">\n                <div class=\"about-section-eyebrow\">Solu\u021biile Noastre<\/div>\n                <h2>Portofoliu Complet de Produse<\/h2>\n                <p>De la echipamente independente p\u00e2n\u0103 la sisteme complete la cheie, proiect\u0103m solu\u021bii pentru fiecare provocare de reciclare - indiferent de material sau scar\u0103.<\/p>\n            <\/div>\n            <div class=\"about-products-grid\">\n                <div class=\"about-product-card\"><a href=\"https:\/\/www.energycle.com\/ro\/sistem-de-spalare-cu-reciclare\/\">\n                        <h4>Solu\u021bii de reciclare<\/h4>\n                        <div class=\"about-product-card-icon\"><i class=\"fas fa-arrow-right\"><\/i><\/div>\n                    <\/a><\/div>\n                <div class=\"about-product-card\"><a href=\"https:\/\/www.energycle.com\/ro\/masina-de-peletizare-a-plasticului\/\">\n                        <h4>Granulare \u0219i Pelletizare<\/h4>\n                        <div class=\"about-product-card-icon\"><i class=\"fas fa-arrow-right\"><\/i><\/div>\n                    <\/a><\/div>\n                <div class=\"about-product-card\"><a href=\"https:\/\/www.energycle.com\/ro\/tocatoare-de-plastic\/\">\n                        <h4>Toc\u0103toare<\/h4>\n                        <div class=\"about-product-card-icon\"><i class=\"fas fa-arrow-right\"><\/i><\/div>\n                    <\/a><\/div>\n                <div class=\"about-product-card\"><a href=\"https:\/\/www.energycle.com\/ro\/granulatoare-de-plastic\/\">\n                        <h4>Crushers \u0219i Grinders<\/h4>\n                        <div class=\"about-product-card-icon\"><i class=\"fas fa-arrow-right\"><\/i><\/div>\n                    <\/a><\/div>\n                <div class=\"about-product-card\"><a href=\"https:\/\/www.energycle.com\/ro\/sistem-de-uscare\/\">\n                        <h4>Ma\u0219ini de uscat<\/h4>\n                        <div class=\"about-product-card-icon\"><i class=\"fas fa-arrow-right\"><\/i><\/div>\n                    <\/a><\/div>\n                <div class=\"about-product-card\"><a href=\"https:\/\/www.energycle.com\/ro\/sistem-de-asistenta\/\">\n                        <h4>Echipamente auxiliare<\/h4>\n                        <div class=\"about-product-card-icon\"><i class=\"fas fa-arrow-right\"><\/i><\/div>\n                    <\/a><\/div>\n            <\/div>\n        <\/div>\n    <\/section>\n    <section class=\"about-services-section\">\n        <div class=\"about-container-wide\">\n            <div class=\"about-section-header\">\n                <div class=\"about-section-eyebrow\">De ce s\u0103 ne alege\u021bi pe noi<\/div>\n                <h2>Suport pe Toat\u0103 Lungimea<\/h2>\n                <p>Suntem angaja\u021bi s\u0103 v\u0103 asigur\u0103m succesul la fiecare etap\u0103 a c\u0103l\u0103toriei dvs. de reciclare.<\/p>\n            <\/div>\n            <div class=\"about-services-grid\">\n                <div class=\"about-service-card\">\n                    <div class=\"about-service-icon\"><i class=\"fas fa-cogs\"><\/i><\/div>\n                    <h4>Servicii complete<\/h4>\n                    <p>Suport pe toat\u0103 lungimea, de la consultan\u021b\u0103 ini\u021bial\u0103 p\u00e2n\u0103 la instalarea final\u0103 \u0219i dincolo de aceasta.<\/p>\n                <\/div>\n                <div class=\"about-service-card\">\n                    <div class=\"about-service-icon\"><i class=\"fas fa-leaf\"><\/i><\/div>\n                    <h4>Profesioni\u0219ti dedica\u021bi<\/h4>\n                    <p>Lucr\u0103m pentru un viitor sustenabil, asigur\u00e2ndu-ne c\u0103 fiecare proiect \u00eendepline\u0219te cele mai \u00eenalte standarde.<\/p>\n                <\/div>\n                <div class=\"about-service-card\">\n                    <div class=\"about-service-icon\"><i class=\"fas fa-user-tie\"><\/i><\/div>\n                    <h4>Ingineri exper\u021bi<\/h4>\n                    <p>Inginerii califica\u021bi aduc ani de experien\u021b\u0103 \u0219i precizie \u00een fiecare solu\u021bie.<\/p>\n                <\/div>\n                <div class=\"about-service-card\">\n                    <div class=\"about-service-icon\"><i class=\"fas fa-headset\"><\/i><\/div>\n                    <h4>Asisten\u021b\u0103 24\/7<\/h4>\n                    <p>Suntem aici pentru dvs. non-stop, asigur\u00e2nd opera\u021biuni fluide \u0219i eficiente.<\/p>\n                <\/div>\n            <\/div>\n        <\/div>\n    <\/section>\n    <section class=\"about-vision-section\">\n        <div class=\"about-container\">\n            <div class=\"about-vision-content\">\n                <div class=\"about-vision-text\">\n                    <h2>\u00cenchiz\u00e2nd bucla, \u00eempreun\u0103.<\/h2>\n                    <p>Viziunea noastr\u0103 este o lume f\u0103r\u0103 de\u0219euri. Prin combinarea ingineriei de ultim\u0103 genera\u021bie cu expertiza vast\u0103 \u00een materiale, le permitem partenerilor no\u0219tri s\u0103 produc\u0103 materiale reciclate de \u00eenalt\u0103 calitate, care s\u0103 \u00eendeplineasc\u0103 cerin\u021bele economiei moderne.<\/p>\n                <\/div>\n                <div class=\"about-vision-stats\">\n                    <div class=\"about-vision-stat\">\n                        <div class=\"about-vision-stat-number\">20+<\/div>\n                        <div class=\"about-vision-stat-label\">Ani de Experi\u021b\u0103<\/div>\n                    <\/div>\n                    <div class=\"about-vision-stat\">\n                        <div class=\"about-vision-stat-number\">500+<\/div>\n                        <div class=\"about-vision-stat-label\">Proiecte \u00een Toate Lumea<\/div>\n                    <\/div>\n                <\/div>\n            <\/div>\n        <\/div>\n    <\/section>\n    <section class=\"about-cta-section\">\n        <div class=\"about-container\">\n            <div class=\"about-cta-content\">\n                <h2>E\u0219ti gata s\u0103-\u021bi extinzi afacerea de reciclare?<\/h2>\n                <p>Parteneriat cu Energycle pentru inginerie de clas\u0103 mondial\u0103, ma\u0219ini fiabile \u0219i suport global dedicat.\nVom construi solu\u021bia personalizat\u0103 a dvs. ast\u0103zi.<\/p>\n                <a href=\"https:\/\/www.energycle.com\/ro\/contactati-ne\/\" class=\"about-cta-btn\">Ob\u021bine\u021bi o ofert\u0103 personalizat\u0103 <i class=\"fas fa-arrow-right\"><\/i><\/a>\n            <\/div>\n        <\/div>\n    <\/section>\n<\/div>","protected":false},"excerpt":{"rendered":"<p>About Energycle Engineering the Future of the Circular Economy We build high-performance technologies that transform waste into valuable resources. From single machines to turnkey plants, we drive the global transition to a sustainable future. Our Pillars of Excellence At Energycle, we don&#8217;t just build machines; we engineer solutions for a closed-loop future. Our technology is &hellip; <a href=\"https:\/\/www.energycle.com\/ro\/despre-noi\/\" class=\"more-link\">Continu\u0103 s\u0103 cite\u0219ti <span class=\"screen-reader-text\">Despre noi<\/span><\/a><\/p>","protected":false},"author":1,"featured_media":0,"parent":0,"menu_order":8,"comment_status":"closed","ping_status":"closed","template":"","meta":{"footnotes":""},"class_list":["post-10575","page","type-page","status-publish","hentry"],"_links":{"self":[{"href":"https:\/\/www.energycle.com\/ro\/wp-json\/wp\/v2\/pages\/10575","targetHints":{"allow":["GET"]}}],"collection":[{"href":"https:\/\/www.energycle.com\/ro\/wp-json\/wp\/v2\/pages"}],"about":[{"href":"https:\/\/www.energycle.com\/ro\/wp-json\/wp\/v2\/types\/page"}],"author":[{"embeddable":true,"href":"https:\/\/www.energycle.com\/ro\/wp-json\/wp\/v2\/users\/1"}],"replies":[{"embeddable":true,"href":"https:\/\/www.energycle.com\/ro\/wp-json\/wp\/v2\/comments?post=10575"}],"version-history":[{"count":0,"href":"https:\/\/www.energycle.com\/ro\/wp-json\/wp\/v2\/pages\/10575\/revisions"}],"wp:attachment":[{"href":"https:\/\/www.energycle.com\/ro\/wp-json\/wp\/v2\/media?parent=10575"}],"curies":[{"name":"wp","href":"https:\/\/api.w.org\/{rel}","templated":true}]}}