{"id":18598,"date":"2026-04-21T03:49:42","date_gmt":"2026-04-21T01:49:42","guid":{"rendered":"https:\/\/www.energycle.com\/industrial-balers\/quick-lock-galvanized-steel-baling-wires\/"},"modified":"2026-04-21T04:57:27","modified_gmt":"2026-04-21T02:57:27","slug":"sarma-de-balotat-din-otel-galvanizat-cu-blocare-rapida","status":"publish","type":"page","link":"https:\/\/www.energycle.com\/ro\/prese-de-balotat-industriale\/sarma-de-balotat-din-otel-galvanizat-cu-blocare-rapida\/","title":{"rendered":"Cabl\u0103 de balare galvanizat\u0103 Quick-Lock"},"content":{"rendered":"<p><strong>S\u00e2rm\u0103 de balotat din o\u021bel galvanizat Quick-Lock: Solu\u021bia simpl\u0103<\/strong><\/p>\n\n\n\n<!--more-->\n\n\n\n<p>S\u00e2rma de balotare Quick-Lock ofer\u0103 o modalitate mai sigur\u0103 \u0219i mai rapid\u0103 de a eficientiza opera\u021biunile de balotare. Aceste s\u00e2rme elimin\u0103 nevoia de unelte sau garnituri, f\u0103c\u00e2nd procesul f\u0103r\u0103 probleme.<\/p>\n\n\n\n<h2 class=\"wp-block-heading\"><strong>Cum func\u021bioneaz\u0103<\/strong><\/h2>\n\n\n\n<p>Pentru a utiliza s\u00e2rma de balotat Quick-Lock, urma\u021bi ace\u0219ti pa\u0219i simpli:<\/p>\n\n\n\n<p>1. Prinde\u021bi capetele \u00eempreun\u0103 manual \u2014 nu sunt necesare unelte.<\/p>\n\n\n\n<p>2. Trage\u021bi buclele \u00eempreun\u0103 pentru a forma un \u201e8\u201d sigur.<\/p>\n\n\n\n<p>3. Asta e tot - balotul t\u0103u este legat \u00een siguran\u021b\u0103 \u00een c\u00e2teva secunde!<\/p>\n\n\n\n<h2 class=\"wp-block-heading\"><strong>Beneficiile s\u00e2rmei de balotat Quick-Lock<\/strong><\/h2>\n\n\n\n<p>\u2022 <strong>Func\u021bionare f\u0103r\u0103 unelte:<\/strong> Nu este nevoie de echipamente sau etan\u0219\u0103ri suplimentare.<\/p>\n\n\n\n<p>\u2022 <strong>Dimensiunea uniform\u0103 a balotului:<\/strong> Leg\u0103turile pre-t\u0103iate \u201et\u0103iate la lungime\u201d asigur\u0103 dimensiuni constante ale balo\u021bilor.<\/p>\n\n\n\n<p>\u2022 <strong>Dimensiuni personalizate disponibile:<\/strong> Comanda\u021bi cu u\u0219urin\u021b\u0103 fire adaptate nevoilor dumneavoastr\u0103 specifice.<\/p>\n\n\n\n<p>S\u00e2rmele de balotare Quick-Lock sunt concepute pentru a economisi timp \u0219i a \u00eembun\u0103t\u0103\u021bi eficien\u021ba, men\u021bin\u00e2nd \u00een acela\u0219i timp siguran\u021ba \u00een timpul balot\u0103rii.<\/p>","protected":false},"excerpt":{"rendered":"<p>S\u00e2rm\u0103 de balotat din o\u021bel galvanizat Quick-Lock: Solu\u021bia simpl\u0103<\/p>","protected":false},"author":1,"featured_media":12291,"parent":7770,"menu_order":0,"comment_status":"open","ping_status":"open","template":"","meta":{"footnotes":""},"class_list":["post-18598","page","type-page","status-publish","has-post-thumbnail","hentry"],"tsf_seo":{"title":"Cabl\u0103 de balare galvanizat\u0103 Quick-Lock","description":"Cabl\u0103 de legare galvanizat\u0103 cu sistem de blocare rapid\u0103 pentru baloare orizontale \u0219i verticale. Cablu de legare puternic \u0219i rezistent la coroziune pentru balo\u021bi de h\u00e2rtie, carton, sticle de PET \u0219i conserve.","robots":"index, follow","canonical":"https:\/\/www.energycle.com\/ro\/prese-de-balotat-industriale\/sarma-de-balotat-din-otel-galvanizat-cu-blocare-rapida\/","og_title":"Quick-Lock Galvanized Baling Wire","og_description":"Quick-lock galvanized baling wire for horizontal and vertical balers. Strong, corrosion-resistant bale tying wire for paper, cardboard, PET bottles, and cans.","og_image":"https:\/\/www.energycle.com\/wp-content\/uploads\/2025\/01\/Quick-Lock-Galvanized-Steel-Baling-Wires.webp"},"_links":{"self":[{"href":"https:\/\/www.energycle.com\/ro\/wp-json\/wp\/v2\/pages\/18598","targetHints":{"allow":["GET"]}}],"collection":[{"href":"https:\/\/www.energycle.com\/ro\/wp-json\/wp\/v2\/pages"}],"about":[{"href":"https:\/\/www.energycle.com\/ro\/wp-json\/wp\/v2\/types\/page"}],"author":[{"embeddable":true,"href":"https:\/\/www.energycle.com\/ro\/wp-json\/wp\/v2\/users\/1"}],"replies":[{"embeddable":true,"href":"https:\/\/www.energycle.com\/ro\/wp-json\/wp\/v2\/comments?post=18598"}],"version-history":[{"count":1,"href":"https:\/\/www.energycle.com\/ro\/wp-json\/wp\/v2\/pages\/18598\/revisions"}],"predecessor-version":[{"id":18617,"href":"https:\/\/www.energycle.com\/ro\/wp-json\/wp\/v2\/pages\/18598\/revisions\/18617"}],"up":[{"embeddable":true,"href":"https:\/\/www.energycle.com\/ro\/wp-json\/wp\/v2\/pages\/7770"}],"wp:featuredmedia":[{"embeddable":true,"href":"https:\/\/www.energycle.com\/ro\/wp-json\/wp\/v2\/media\/12291"}],"wp:attachment":[{"href":"https:\/\/www.energycle.com\/ro\/wp-json\/wp\/v2\/media?parent=18598"}],"curies":[{"name":"wp","href":"https:\/\/api.w.org\/{rel}","templated":true}]}}