{"id":7982,"date":"2023-11-26T18:37:59","date_gmt":"2023-11-27T02:37:59","guid":{"rendered":"https:\/\/recyclemachine.net\/?page_id=7982"},"modified":"2026-04-09T16:18:04","modified_gmt":"2026-04-09T16:18:04","slug":"lamele-masinii-de-reciclare","status":"publish","type":"page","link":"https:\/\/www.energycle.com\/ro\/lamele-masinii-de-reciclare\/","title":{"rendered":"Lame pentru ma\u0219ini de reciclare"},"content":{"rendered":"<div class=\"wpb-content-wrapper\">\r\n<div class=\"vc_row ts-row wpb_row vc_row-fluid ts-total-col-1 ts-zindex-0 container ts-bgimage-position-center_center\">\r\n\r\n        \r\n\t\r\n\t\r\n\t\t\r\n<div class=\"ts-column wpb_column vc_column_container vc_col-sm-12 ts-zindex-0\">\r\n\t<div class=\"vc_column-inner\">\r\n\t\t\t\t<div class=\"wpb_wrapper\">\r\n\t\t\t<div class=\"themestek-boxes themestek-boxes-blog themestek-boxes-view-default themestek-boxes-col-three themestek-boxes-sortable-no themestek-boxes-textalign-center themestek-boxes-sortablebutton-  wpb_animate_when_almost_visible wpb_fadeInDown fadeInDown\">\r\n\t\t<div class=\"themestek-boxes-inner themestek-boxes-blog-inner\"><div class=\"themestek-box-heading-wrapper ts-element-align-center\"><div class=\"ts-element-heading-wrapper ts-heading-inner ts-element-align-center ts-seperator-none\"><section class=\"ts-vc_cta3-container\"><div class=\"ts-vc_general ts-vc_cta3 ts-cta3-only ts-vc_cta3-style-classic ts-vc_cta3-shape-rounded ts-vc_cta3-align-center ts-vc_cta3-color-transparent ts-vc_cta3-icon-size-md ts-vc_cta3-actions-no ts-cta3-with-desc\"><div class=\"ts-vc_cta3_content-container\"><div class=\"ts-vc_cta3-content\"><div class=\"ts-vc_cta3-content-header ts-wrap\"><div class=\"ts-vc_cta3-headers ts-wrap-cell\"><h4 class=\"ts-custom-heading\" >Eficien\u021b\u0103 indestructibil\u0103: Lame de lung\u0103 durat\u0103 pentru reciclare non-stop<\/h4>\n<h2 class=\"ts-custom-heading\" ><a href=\"https:\/\/recyclemachine.net\/recycling-machine-blades\">Lame pentru ma\u0219ini de reciclare<\/a><\/h2>\n<\/div><\/div><div class=\"ts-cta3-content-wrapper\">Precision Edge, Peak Performance: Recycling Blades Engineered to Win\r\nShred Power Unleashed: Blades that Transform Waste into Profit\r\npowerful recycling machine equipped with blades shredding various materials<\/div><\/div><\/div><\/div><\/section><\/div> <!-- .ts-element-heading-wrapper container --> <\/div> <!-- .ts-element-heading-wrapper container --> \r\n\t\t\t\r\n\t\t\t<div class=\"row multi-columns-row themestek-boxes-row-wrapper\">\r\n\t\t\t\t<div class=\"ts-box-col-wrapper col-lg-4 col-sm-6 col-md-4 col-xs-12 ts-term-514\"><article class=\"themestek-box themestek-box-blog ts-blogbox-style-1 themestek-box-style1 themestek-blogbox-format-image\">\r\n\t<div class=\"post-item\">\r\n\t\t\r\n\t\t<div class=\"ts-blog-image-with-meta\">\r\n\t\t\t<div class=\"ts-featured-wrapper ts-post-featured-wrapper ts-post-format-image\"><img decoding=\"async\" width=\"1920\" height=\"1438\" src=\"https:\/\/www.energycle.com\/wp-content\/uploads\/2024\/10\/Shredder-fixed-knife.webp\" class=\"attachment-themestek-img-800x700 size-themestek-img-800x700 wp-post-image\" alt=\"Selectarea lamelor SKD-11, D2, DC53, 55SiCr pentru reciclarea plasticului\" srcset=\"https:\/\/www.energycle.com\/wp-content\/uploads\/2024\/10\/Shredder-fixed-knife.webp 1920w, https:\/\/www.energycle.com\/wp-content\/uploads\/2024\/10\/Shredder-fixed-knife-300x225.webp 300w, https:\/\/www.energycle.com\/wp-content\/uploads\/2024\/10\/Shredder-fixed-knife-1024x767.webp 1024w, https:\/\/www.energycle.com\/wp-content\/uploads\/2024\/10\/Shredder-fixed-knife-768x575.webp 768w, https:\/\/www.energycle.com\/wp-content\/uploads\/2024\/10\/Shredder-fixed-knife-1536x1150.webp 1536w, https:\/\/www.energycle.com\/wp-content\/uploads\/2024\/10\/Shredder-fixed-knife-16x12.webp 16w\" sizes=\"(max-width: 1920px) 100vw, 1920px\" data-id=\"13161\" \/><\/div>\t\t\t\t\t<div class=\"ts-featured-meta-wrapper ts-featured-overlay\">\t\t\t\t\t\t\t\r\n\r\n\t\t\t\t\t\t\t\t\t\t\t\t\t<span class=\"ts-meta-line cat-links\"><i class=\"ts-industco-icon-category\"><\/i> <span class=\"screen-reader-text ts-hide\">Categorii <\/span><a href=\"https:\/\/www.energycle.com\/ro\/categorie\/lame\/\">Lamele ma\u0219inii de reciclare<\/a><\/span>\r\n\t\t\t\t\t\t\r\n\t\t\t\t\t\t\t\t\t\t\t\t<span class=\"ts-meta-line posted-on\">\r\n\t\t\t\t\t\t\t<i class=\"ts-industco-icon-clock\"><\/i> \r\n\t\t\t\t\t\t\t<span class=\"screen-reader-text ts-hide\">Publicat pe <\/span>\r\n\t\t\t\t\t\t\t<a href=\"https:\/\/www.energycle.com\/ro\/cele-mai-bune-lame-pentru-reciclarea-plasticului\/\" rel=\"bookmark\">\r\n\t\t\t\t\t\t\t\t<time class=\"entry-date published\" datetime=\"2025-12-21T06:39:01+01:00\">21 decembrie 2025<\/time>\r\n\t\t\t\t\t\t\t\t<time class=\"updated ts-hide\" datetime=\"2026-01-12T01:59:22+01:00\">12 ianuarie 2026<\/time>\r\n\t\t\t\t\t\t\t<\/a>\r\n\t\t\t\t\t\t<\/span>\r\n\r\n\t\t\t\t\t<\/div>\r\n\t\t<\/div>\t\t\r\n\r\n\t\t<div class=\"themestek-box-content\">\t\r\n\t\t\t<div class=\"themestek-box-title\"><h4><a href=\"https:\/\/www.energycle.com\/ro\/cele-mai-bune-lame-pentru-reciclarea-plasticului\/\">SKD-11, D2, DC53, 55SiCr: Cele mai bune lame pentru reciclarea plasticului<\/a><\/h4><\/div>\t\t\t<div class=\"themestek-box-desc\">\r\n\t\t\t\t<div class=\"themestek-box-desc-text\">Un ghid tehnic de selec\u021bie care compar\u0103 o\u021belurile pentru lame SKD-11, D2, DC53 \u0219i 55SiCr pentru toc\u0103toare \u0219i concasoare de plastic, concentr\u00e2ndu-se pe rezisten\u021ba la uzur\u0103, tenacitate \u0219i aplica\u021bii de reciclare \u00een lumea real\u0103.<\/div>\r\n\t\t\t<\/div>\r\n\r\n\t\t\t<div class=\"themestek-blogbox-footer-readmore\">\r\n\t\t\t\t\t\t\t<\/div>\r\n\r\n\t\t<\/div>\r\n\t<\/div>\r\n<\/article>\r\n\r\n<\/div><div class=\"ts-box-col-wrapper col-lg-4 col-sm-6 col-md-4 col-xs-12 ts-term-514\"><article class=\"themestek-box themestek-box-blog ts-blogbox-style-1 themestek-box-style1 themestek-blogbox-format-image\">\r\n\t<div class=\"post-item\">\r\n\t\t\r\n\t\t<div class=\"ts-blog-image-with-meta\">\r\n\t\t\t<div class=\"ts-featured-wrapper ts-post-featured-wrapper ts-post-format-image\"><img decoding=\"async\" width=\"1920\" height=\"1440\" src=\"https:\/\/www.energycle.com\/wp-content\/uploads\/2024\/10\/shredder-blades.webp\" class=\"attachment-themestek-img-800x700 size-themestek-img-800x700 wp-post-image\" alt=\"Vedere de aproape a cu\u021bitelor p\u0103trate ale rotorului de tocator cu incrusta\u021bie din carbur\u0103 de tungsten, prezent\u00e2nd un design proiectat cu precizie \u0219i o gaur\u0103 central\u0103 filetat\u0103.\" srcset=\"https:\/\/www.energycle.com\/wp-content\/uploads\/2024\/10\/shredder-blades.webp 1920w, https:\/\/www.energycle.com\/wp-content\/uploads\/2024\/10\/shredder-blades-300x225.webp 300w, https:\/\/www.energycle.com\/wp-content\/uploads\/2024\/10\/shredder-blades-1024x768.webp 1024w, https:\/\/www.energycle.com\/wp-content\/uploads\/2024\/10\/shredder-blades-768x576.webp 768w, https:\/\/www.energycle.com\/wp-content\/uploads\/2024\/10\/shredder-blades-1536x1152.webp 1536w\" sizes=\"(max-width: 1920px) 100vw, 1920px\" data-id=\"11286\" \/><\/div>\t\t\t\t\t<div class=\"ts-featured-meta-wrapper ts-featured-overlay\">\t\t\t\t\t\t\t\r\n\r\n\t\t\t\t\t\t\t\t\t\t\t\t\t<span class=\"ts-meta-line cat-links\"><i class=\"ts-industco-icon-category\"><\/i> <span class=\"screen-reader-text ts-hide\">Categorii <\/span><a href=\"https:\/\/www.energycle.com\/ro\/categorie\/lame\/\">Lamele ma\u0219inii de reciclare<\/a><\/span>\r\n\t\t\t\t\t\t\r\n\t\t\t\t\t\t\t\t\t\t\t\t<span class=\"ts-meta-line posted-on\">\r\n\t\t\t\t\t\t\t<i class=\"ts-industco-icon-clock\"><\/i> \r\n\t\t\t\t\t\t\t<span class=\"screen-reader-text ts-hide\">Publicat pe <\/span>\r\n\t\t\t\t\t\t\t<a href=\"https:\/\/www.energycle.com\/ro\/cutite-cu-rotor-pentru-tocatoare\/\" rel=\"bookmark\">\r\n\t\t\t\t\t\t\t\t<time class=\"entry-date published\" datetime=\"2024-10-29T13:51:05+01:00\">29 octombrie 2024<\/time>\r\n\t\t\t\t\t\t\t\t<time class=\"updated ts-hide\" datetime=\"2026-04-09T09:00:00+02:00\">9 aprilie 2026<\/time>\r\n\t\t\t\t\t\t\t<\/a>\r\n\t\t\t\t\t\t<\/span>\r\n\r\n\t\t\t\t\t<\/div>\r\n\t\t<\/div>\t\t\r\n\r\n\t\t<div class=\"themestek-box-content\">\t\r\n\t\t\t<div class=\"themestek-box-title\"><h4><a href=\"https:\/\/www.energycle.com\/ro\/cutite-cu-rotor-pentru-tocatoare\/\">Cu\u021bite rotorice pentru toc\u0103toare din carbur\u0103 de tungsten<\/a><\/h4><\/div>\t\t\t<div class=\"themestek-box-desc\">\r\n\t\t\t\t<div class=\"themestek-box-desc-text\">Explora\u021bi calitatea superioar\u0103 a cu\u021bitelor cu rotor Rumtoo Shredder, care includ incrusta\u021bii din carbur\u0103 de tungsten, tratament termic avansat \u0219i solu\u021bii personalizate pentru reciclarea eficient\u0103 a plasticului.<\/div>\r\n\t\t\t<\/div>\r\n\r\n\t\t\t<div class=\"themestek-blogbox-footer-readmore\">\r\n\t\t\t\t\t\t\t<\/div>\r\n\r\n\t\t<\/div>\r\n\t<\/div>\r\n<\/article>\r\n\r\n<\/div>\r\n\t\t\t<\/div>\r\n\t\t<div class=\"clearfix\"><\/div><\/div><!-- .themestek-boxes-inner -->   <\/div><!-- .themestek-boxes -->  \t\t<\/div>\r\n\t<\/div>\r\n<\/div>\r\n\r\n\r\n\t<\/div>\r\n\r\n\r\n\n\n<script type=\"application\/ld+json\">{\n    \"@context\": \"https:\\\/\\\/schema.org\",\n    \"@type\": \"Article\",\n    \"headline\": \"Recycling Machine Blades\",\n    \"author\": {\n        \"@type\": \"Organization\",\n        \"name\": \"Energycle\"\n    },\n    \"publisher\": {\n        \"@type\": \"Organization\",\n        \"name\": \"Energycle\",\n        \"logo\": {\n            \"@type\": \"ImageObject\",\n            \"url\": \"https:\\\/\\\/www.energycle.com\\\/wp-content\\\/uploads\\\/2024\\\/06\\\/energycle-logo.webp\"\n        }\n    },\n    \"datePublished\": \"2023-11-26T18:37:59+08:00\",\n    \"dateModified\": \"2026-04-09T16:18:04+08:00\",\n    \"mainEntityOfPage\": {\n        \"@type\": \"WebPage\",\n        \"@id\": \"https:\\\/\\\/www.energycle.com\\\/recycling-machine-blades\\\/\"\n    }\n}<\/script>\n<\/div>","protected":false},"excerpt":{"rendered":"Wear Parts for Recycling Shredders Tungsten Carbide Inlaid Shredder Rotor Knives Shredder rotor knives are critical wear parts that directly impact throughput, energy consumption, and downtime. Built for abrasive applications where longer edge life matters. Request a Quote View Specs Gallery Advantages Materials Applications Why Us Specs FAQ Product Gallery High-performance tungsten carbide inlaid rotor &hellip; <a href=\"https:\/\/www.energycle.com\/ro\/cutite-cu-rotor-pentru-tocatoare\/\" class=\"more-link\">Continu\u0103 s\u0103 cite\u0219ti <span class=\"screen-reader-text\">Cu\u021bite rotorice pentru toc\u0103toare din carbur\u0103 de tungsten<\/span><\/a>","protected":false},"author":1,"featured_media":0,"parent":0,"menu_order":23,"comment_status":"closed","ping_status":"closed","template":"","meta":{"footnotes":""},"class_list":["post-7982","page","type-page","status-publish","hentry"],"_links":{"self":[{"href":"https:\/\/www.energycle.com\/ro\/wp-json\/wp\/v2\/pages\/7982","targetHints":{"allow":["GET"]}}],"collection":[{"href":"https:\/\/www.energycle.com\/ro\/wp-json\/wp\/v2\/pages"}],"about":[{"href":"https:\/\/www.energycle.com\/ro\/wp-json\/wp\/v2\/types\/page"}],"author":[{"embeddable":true,"href":"https:\/\/www.energycle.com\/ro\/wp-json\/wp\/v2\/users\/1"}],"replies":[{"embeddable":true,"href":"https:\/\/www.energycle.com\/ro\/wp-json\/wp\/v2\/comments?post=7982"}],"version-history":[{"count":0,"href":"https:\/\/www.energycle.com\/ro\/wp-json\/wp\/v2\/pages\/7982\/revisions"}],"wp:attachment":[{"href":"https:\/\/www.energycle.com\/ro\/wp-json\/wp\/v2\/media?parent=7982"}],"curies":[{"name":"wp","href":"https:\/\/api.w.org\/{rel}","templated":true}]}}