{"id":9987,"date":"2025-01-03T09:28:39","date_gmt":"2025-01-03T08:28:39","guid":{"rendered":"https:\/\/www.recyclemachine.net\/?page_id=9987"},"modified":"2026-04-04T04:50:26","modified_gmt":"2026-04-04T02:50:26","slug":"procesul-de-comanda","status":"publish","type":"page","link":"https:\/\/www.energycle.com\/ro\/procesul-de-comanda\/","title":{"rendered":"Procesul de comand\u0103"},"content":{"rendered":"<style>\n    .energycle-wrapper {\n        max-width: 1200px;\n        margin: 40px auto;\n        padding: 0 20px;\n    }\n\n    .energycle-intro {\n        text-align: center;\n        max-width: 800px;\n        margin: 0 auto 60px;\n    }\n\n    .energycle-intro h1 {\n        font-weight: 700;\n        margin-bottom: 20px;\n    }\n\n    .energycle-intro p {\n        opacity: 0.8;\n        line-height: 1.6;\n    }\n\n    .process-grid {\n        display: grid;\n        grid-template-columns: repeat(auto-fit, minmax(320px, 1fr));\n        gap: 30px;\n        margin-bottom: 60px;\n    }\n\n    .process-card {\n        background: #fff;\n        padding: 40px 30px;\n        border-radius: 16px;\n        box-shadow: 0 4px 20px rgba(0, 0, 0, 0.04);\n        border: 1px solid rgba(0, 0, 0, 0.05);\n        transition: transform 0.3s ease, box-shadow 0.3s ease;\n        position: relative;\n        overflow: hidden;\n    }\n\n    .process-card:hover {\n        transform: translateY(-5px);\n        box-shadow: 0 12px 30px rgba(0, 0, 0, 0.08);\n    }\n\n    .process-icon {\n        font-size: 2.5rem;\n        color: #2a6abf;\n        margin-bottom: 20px;\n        display: inline-block;\n    }\n\n    .step-number {\n        font-size: 4rem;\n        font-weight: 800;\n        color: rgba(0, 0, 0, 0.03);\n        position: absolute;\n        top: -5px;\n        right: 15px;\n        line-height: 1;\n        pointer-events: none;\n    }\n\n    .process-card h3 {\n        font-weight: 600;\n        margin-bottom: 15px;\n        position: relative;\n    }\n\n    .process-card p {\n        line-height: 1.6;\n        color: inherit;\n        opacity: 0.85;\n        margin: 0;\n        position: relative;\n    }\n\n    .energycle-cta {\n        text-align: center;\n        padding: 60px 20px;\n        background: #f9fafb;\n        border-radius: 16px;\n        margin-top: 60px;\n    }\n\n    .energycle-cta p {\n        margin-bottom: 25px;\n    }\n\n    .btn-energycle {\n        display: inline-flex;\n        align-items: center;\n        gap: 0.55rem;\n        background-color: #2a6abf;\n        color: #fff !important;\n        padding: 18px 36px;\n        border-radius: 100vw;\n        text-decoration: none;\n        font-weight: 700;\n        transition: all 0.4s cubic-bezier(0.25, 1, 0.5, 1);\n    }\n\n    .btn-energycle::after {\n        content: \"\u2192\";\n        transition: transform 0.25s ease;\n    }\n\n    .btn-energycle:hover {\n        transform: scale(1.04) translateY(-2px);\n        background-color: #3b7dc9;\n        box-shadow: 0 10px 25px -5px rgba(42, 106, 191, 0.4), 0 0 15px rgba(42, 106, 191, 0.2);\n        color: #fff !important;\n    }\n\n    .btn-energycle:hover::after {\n        transform: translateX(4px);\n    }\n\n    @media (max-width: 768px) {\n        .process-grid {\n            grid-template-columns: 1fr;\n        }\n    }\n<\/style>\n\n<div class=\"energycle-wrapper\">\n\n    <div class=\"energycle-intro\">\n        <h1>Comandarea solu\u021biei dvs. de reciclare<\/h1>\n        <p>La Energycle, simplific\u0103m calea de la solicitare la opera\u021biune. Fie c\u0103 ave\u021bi nevoie de un granulator de plastic independent sau de o linie complet\u0103 de sp\u0103lare \u0219i granulare, procesul nostru asigur\u0103 precizie, transparen\u021b\u0103 \u0219i succes.<\/p>\n    <\/div>\n\n    <div class=\"process-grid\">\n        <div class=\"process-card\">\n            <span class=\"step-number\">01<\/span>\n            <div class=\"process-icon\"><i class=\"fa-solid fa-comments\"><\/i><\/div>\n            <h3>Consultare \u0219i solicitare<\/h3>\n            <p>Contacta\u021bi-ne cu cerin\u021bele dumneavoastr\u0103 - fie c\u0103 este vorba de sticle PET, materiale plastice rigide sau folie. \u00cemp\u0103rt\u0103\u0219i\u021bi-ne obiectivele privind capacitatea \u0219i detaliile despre materiale, astfel \u00eenc\u00e2t inginerii no\u0219tri s\u0103 v\u0103 poat\u0103 evalua nevoile specifice.<\/p>\n        <\/div>\n\n        <div class=\"process-card\">\n            <span class=\"step-number\">02<\/span>\n            <div class=\"process-icon\"><i class=\"fa-solid fa-compass-drafting\"><\/i><\/div>\n            <h3>Proiectare solu\u021bie \u0219i ofert\u0103<\/h3>\n            <p>V\u0103 oferim o propunere personalizat\u0103, inclusiv specifica\u021bii tehnice detaliate \u0219i desene CAD. Confirm\u0103m fiecare detaliu, de la cuplul toc\u0103torului p\u00e2n\u0103 la capacitatea ma\u0219inii de sp\u0103lat, asigur\u00e2ndu-ne c\u0103 solu\u021bia se potrive\u0219te instala\u021biei dumneavoastr\u0103.<\/p>\n        <\/div>\n\n        <div class=\"process-card\">\n            <span class=\"step-number\">03<\/span>\n            <div class=\"process-icon\"><i class=\"fa-solid fa-file-signature\"><\/i><\/div>\n            <h3>Verificarea comenzii<\/h3>\n            <p>Revizuirea \u0219i aprobarea planurilor tehnice finale \u0219i a termenilor comerciali. Un contract semnat lanseaz\u0103 oficial proiectul dumneavoastr\u0103 \u00een programul nostru de produc\u021bie.<\/p>\n        <\/div>\n\n        <div class=\"process-card\">\n            <span class=\"step-number\">04<\/span>\n            <div class=\"process-icon\"><i class=\"fa-solid fa-industry\"><\/i><\/div>\n            <h3>Lansarea produc\u021biei<\/h3>\n            <p>La primirea depozitului 30%, \u00eencepe fabrica\u021bia. Timpii de livrare tipici sunt de 30 de zile pentru ma\u0219inile individuale \u0219i de 60-90 de zile pentru liniile integrate complete.<\/p>\n        <\/div>\n\n        <div class=\"process-card\">\n            <span class=\"step-number\">05<\/span>\n            <div class=\"process-icon\"><i class=\"fa-solid fa-vial-circle-check\"><\/i><\/div>\n            <h3>Testarea \u00een fabric\u0103<\/h3>\n            <p>Transparen\u021ba este esen\u021bial\u0103. V\u0103 invit\u0103m s\u0103 inspecta\u021bi utilajele dumneavoastr\u0103 care func\u021bioneaz\u0103 \u00een fabrica noastr\u0103 \u00eenainte de expediere. Veni\u021bi cu tehnicienii no\u0219tri pentru a vedea echipamentele \u00een ac\u021biune.<\/p>\n        <\/div>\n\n        <div class=\"process-card\">\n            <span class=\"step-number\">06<\/span>\n            <div class=\"process-icon\"><i class=\"fa-solid fa-truck-fast\"><\/i><\/div>\n            <h3>Logistic\u0103 global\u0103<\/h3>\n            <p>Dup\u0103 validarea final\u0103 a performan\u021bei \u0219i plata soldului, ne ocup\u0103m de ambalarea securizat\u0103 \u0219i coordon\u0103m transportul interna\u021bional c\u0103tre loca\u021bia dumneavoastr\u0103.<\/p>\n        <\/div>\n\n        <div class=\"process-card\">\n            <span class=\"step-number\">07<\/span>\n            <div class=\"process-icon\"><i class=\"fa-solid fa-screwdriver-wrench\"><\/i><\/div>\n            <h3>Instalare \u0219i formare<\/h3>\n            <p>Inginerii no\u0219tri mecanici \u0219i electricieni v\u0103 ajut\u0103 la instalarea \u0219i punerea \u00een func\u021biune la fa\u021ba locului. V\u0103 instruim personalul pentru a asigura o func\u021bionare optim\u0103 \u00eenc\u0103 din prima zi.<\/p>\n        <\/div>\n\n        <div class=\"process-card\">\n            <span class=\"step-number\">08<\/span>\n            <div class=\"process-icon\"><i class=\"fa-solid fa-headset\"><\/i><\/div>\n            <h3>Asisten\u021b\u0103 pe via\u021b\u0103<\/h3>\n            <p>Parteneriatul dumneavoastr\u0103 cu Energycle continu\u0103 mult timp dup\u0103 instalare. Oferim asisten\u021b\u0103 tehnic\u0103 pe via\u021b\u0103 \u0219i o garan\u021bie complet\u0103 de 1 an pentru toate sistemele.<\/p>\n        <\/div>\n    <\/div>\n\n    <div class=\"energycle-cta\">\n        <p>E\u0219ti gata s\u0103-\u021bi \u00eembun\u0103t\u0103\u021be\u0219ti capacit\u0103\u021bile de reciclare?<\/p>\n        <a href=\"https:\/\/www.energycle.com\/ro\/contact\/\" class=\"btn-energycle\">\u00cencepe\u021bi proiectul dvs.<\/a>\n    <\/div>\n\n<\/div>","protected":false},"excerpt":{"rendered":"<p>Ordering Your Recycling Solution At Energycle, we streamline the path from inquiry to operation. Whether you need a standalone plastic shredder or a complete turnkey washing &#038; pelletizing line, our process ensures precision, transparency, and success. 01 Consultation &#038; Inquiry Reach out with your requirements\u2014be it for PET bottles, rigid plastics, or film. Share your &hellip; <a href=\"https:\/\/www.energycle.com\/ro\/procesul-de-comanda\/\" class=\"more-link\">Continu\u0103 s\u0103 cite\u0219ti <span class=\"screen-reader-text\">Procesul de comand\u0103<\/span><\/a><\/p>","protected":false},"author":1,"featured_media":0,"parent":0,"menu_order":0,"comment_status":"closed","ping_status":"closed","template":"","meta":{"footnotes":""},"class_list":["post-9987","page","type-page","status-publish","hentry"],"_links":{"self":[{"href":"https:\/\/www.energycle.com\/ro\/wp-json\/wp\/v2\/pages\/9987","targetHints":{"allow":["GET"]}}],"collection":[{"href":"https:\/\/www.energycle.com\/ro\/wp-json\/wp\/v2\/pages"}],"about":[{"href":"https:\/\/www.energycle.com\/ro\/wp-json\/wp\/v2\/types\/page"}],"author":[{"embeddable":true,"href":"https:\/\/www.energycle.com\/ro\/wp-json\/wp\/v2\/users\/1"}],"replies":[{"embeddable":true,"href":"https:\/\/www.energycle.com\/ro\/wp-json\/wp\/v2\/comments?post=9987"}],"version-history":[{"count":1,"href":"https:\/\/www.energycle.com\/ro\/wp-json\/wp\/v2\/pages\/9987\/revisions"}],"predecessor-version":[{"id":18319,"href":"https:\/\/www.energycle.com\/ro\/wp-json\/wp\/v2\/pages\/9987\/revisions\/18319"}],"wp:attachment":[{"href":"https:\/\/www.energycle.com\/ro\/wp-json\/wp\/v2\/media?parent=9987"}],"curies":[{"name":"wp","href":"https:\/\/api.w.org\/{rel}","templated":true}]}}